{"id":7130,"date":"2023-05-04T13:28:19","date_gmt":"2023-05-04T13:28:19","guid":{"rendered":"https:\/\/tutusmedia.de\/sutum\/?post_type=product&#038;p=7130"},"modified":"2023-06-09T14:06:14","modified_gmt":"2023-06-09T14:06:14","slug":"krem-peynir-tnk-800g","status":"publish","type":"product","link":"https:\/\/sutumgurme.de\/de\/urunler\/krem-peynir-tnk-800g\/","title":{"rendered":"Cremiger Weichk\u00e4se- 800g"},"content":{"rendered":"","protected":false},"excerpt":{"rendered":"<p>Erleben Sie den cremigen Geschmack von S\u00fct\u00fcm Gurmes cremigem Weichk\u00e4se. Hergestellt aus hochwertiger Milch und sorgf\u00e4ltig veredelt, sind S\u00fct\u00fcm Gurme cremiger Weichk\u00e4se eine unvergessliche Geschmacksquelle f\u00fcr alle K\u00e4seliebhaber. Wir bieten diesen K\u00e4se in 800g-Dosen mit einzigartigen Geschmacksrichtungen an, die Sie auf frisch gebackenem Brot oder als Zutat in Ihren Lieblingsgerichten genie\u00dfen k\u00f6nnen. Probieren Sie es jetzt aus und genie\u00dfen Sie den milden Geschmack.<\/p>","protected":false},"featured_media":7131,"template":"","meta":[],"product_brand":[],"product_cat":[42],"product_tag":[],"class_list":{"0":"post-7130","1":"product","2":"type-product","3":"status-publish","4":"has-post-thumbnail","6":"product_cat-ozel-peynirler","8":"first","9":"instock","10":"shipping-taxable","11":"product-type-simple"},"_links":{"self":[{"href":"https:\/\/sutumgurme.de\/de\/wp-json\/wp\/v2\/product\/7130","targetHints":{"allow":["GET"]}}],"collection":[{"href":"https:\/\/sutumgurme.de\/de\/wp-json\/wp\/v2\/product"}],"about":[{"href":"https:\/\/sutumgurme.de\/de\/wp-json\/wp\/v2\/types\/product"}],"version-history":[{"count":6,"href":"https:\/\/sutumgurme.de\/de\/wp-json\/wp\/v2\/product\/7130\/revisions"}],"predecessor-version":[{"id":8024,"href":"https:\/\/sutumgurme.de\/de\/wp-json\/wp\/v2\/product\/7130\/revisions\/8024"}],"wp:featuredmedia":[{"embeddable":true,"href":"https:\/\/sutumgurme.de\/de\/wp-json\/wp\/v2\/media\/7131"}],"wp:attachment":[{"href":"https:\/\/sutumgurme.de\/de\/wp-json\/wp\/v2\/media?parent=7130"}],"wp:term":[{"taxonomy":"product_brand","embeddable":true,"href":"https:\/\/sutumgurme.de\/de\/wp-json\/wp\/v2\/product_brand?post=7130"},{"taxonomy":"product_cat","embeddable":true,"href":"https:\/\/sutumgurme.de\/de\/wp-json\/wp\/v2\/product_cat?post=7130"},{"taxonomy":"product_tag","embeddable":true,"href":"https:\/\/sutumgurme.de\/de\/wp-json\/wp\/v2\/product_tag?post=7130"}],"curies":[{"name":"wp","href":"https:\/\/api.w.org\/{rel}","templated":true}]}}