{"id":7185,"date":"2023-05-04T22:54:10","date_gmt":"2023-05-04T22:54:10","guid":{"rendered":"https:\/\/tutusmedia.de\/sutum\/?post_type=product&#038;p=7185"},"modified":"2023-06-09T13:48:21","modified_gmt":"2023-06-09T13:48:21","slug":"peynir-45-tnk-800g","status":"publish","type":"product","link":"https:\/\/sutumgurme.de\/de\/urunler\/peynir-45-tnk-800g\/","title":{"rendered":"Hirtenk\u00e4se  45% - 800g"},"content":{"rendered":"","protected":false},"excerpt":{"rendered":"<p>Unsere Marke S\u00fct\u00fcm Gurme Hirtenk\u00e4se bringt einen der beliebtesten Geschmacksrichtungen der t\u00fcrkischen K\u00fcche in h\u00f6chster Qualit\u00e4t auf Ihren Tisch. Mit einem Fettgehalt von 45 % hat dieser K\u00e4se einen reichen, k\u00f6stlichen Geschmack und ist f\u00fcr Vegetarier geeignet. Bereichern Sie Ihr Fr\u00fchst\u00fcck und entdecken Sie die einzigartigen Geschmacksrichtungen der t\u00fcrkischen K\u00fcche mit diesem k\u00f6stlichen K\u00e4se der Marke S\u00fct\u00fcm, geliefert in einer 800-Gramm-Dose.<\/p>","protected":false},"featured_media":7186,"template":"","meta":[],"product_brand":[],"product_cat":[15],"product_tag":[],"class_list":{"0":"post-7185","1":"product","2":"type-product","3":"status-publish","4":"has-post-thumbnail","6":"product_cat-beyaz-peynir","8":"first","9":"instock","10":"shipping-taxable","11":"product-type-simple"},"_links":{"self":[{"href":"https:\/\/sutumgurme.de\/de\/wp-json\/wp\/v2\/product\/7185","targetHints":{"allow":["GET"]}}],"collection":[{"href":"https:\/\/sutumgurme.de\/de\/wp-json\/wp\/v2\/product"}],"about":[{"href":"https:\/\/sutumgurme.de\/de\/wp-json\/wp\/v2\/types\/product"}],"version-history":[{"count":6,"href":"https:\/\/sutumgurme.de\/de\/wp-json\/wp\/v2\/product\/7185\/revisions"}],"predecessor-version":[{"id":8379,"href":"https:\/\/sutumgurme.de\/de\/wp-json\/wp\/v2\/product\/7185\/revisions\/8379"}],"wp:featuredmedia":[{"embeddable":true,"href":"https:\/\/sutumgurme.de\/de\/wp-json\/wp\/v2\/media\/7186"}],"wp:attachment":[{"href":"https:\/\/sutumgurme.de\/de\/wp-json\/wp\/v2\/media?parent=7185"}],"wp:term":[{"taxonomy":"product_brand","embeddable":true,"href":"https:\/\/sutumgurme.de\/de\/wp-json\/wp\/v2\/product_brand?post=7185"},{"taxonomy":"product_cat","embeddable":true,"href":"https:\/\/sutumgurme.de\/de\/wp-json\/wp\/v2\/product_cat?post=7185"},{"taxonomy":"product_tag","embeddable":true,"href":"https:\/\/sutumgurme.de\/de\/wp-json\/wp\/v2\/product_tag?post=7185"}],"curies":[{"name":"wp","href":"https:\/\/api.w.org\/{rel}","templated":true}]}}