{"id":7195,"date":"2023-05-04T23:06:59","date_gmt":"2023-05-04T23:06:59","guid":{"rendered":"https:\/\/tutusmedia.de\/sutum\/?post_type=product&#038;p=7195"},"modified":"2023-08-01T11:22:58","modified_gmt":"2023-08-01T11:22:58","slug":"beyaz-combi-peynir-teneke-kutu-800g","status":"publish","type":"product","link":"https:\/\/sutumgurme.de\/de\/urunler\/beyaz-combi-peynir-teneke-kutu-800g\/","title":{"rendered":"Beyaz Combi Analogk\u00e4se - 800g"},"content":{"rendered":"\t\t<div data-elementor-type=\"product-post\" data-elementor-id=\"7195\" class=\"elementor elementor-7195\">\n\t\t\t\t\t\t\t\t\t<section class=\"elementor-section elementor-top-section elementor-element elementor-element-d8f6339 elementor-section-boxed elementor-section-height-default elementor-section-height-default\" data-id=\"d8f6339\" data-element_type=\"section\">\n\t\t\t\t\t\t<div class=\"elementor-container elementor-column-gap-default\">\n\t\t\t\t\t<div class=\"elementor-column elementor-col-100 elementor-top-column elementor-element elementor-element-6811108\" data-id=\"6811108\" data-element_type=\"column\">\n\t\t\t<div class=\"elementor-widget-wrap elementor-element-populated\">\n\t\t\t\t\t\t\t\t<div class=\"elementor-element elementor-element-8161bbf elementor-widget elementor-widget-heading\" data-id=\"8161bbf\" data-element_type=\"widget\" data-widget_type=\"heading.default\">\n\t\t\t\t<div class=\"elementor-widget-container\">\n\t\t\t<style>\/*! elementor - v3.14.0 - 26-06-2023 *\/\n.elementor-heading-title{padding:0;margin:0;line-height:1}.elementor-widget-heading .elementor-heading-title[class*=elementor-size-]>a{color:inherit;font-size:inherit;line-height:inherit}.elementor-widget-heading .elementor-heading-title.elementor-size-small{font-size:15px}.elementor-widget-heading .elementor-heading-title.elementor-size-medium{font-size:19px}.elementor-widget-heading .elementor-heading-title.elementor-size-large{font-size:29px}.elementor-widget-heading .elementor-heading-title.elementor-size-xl{font-size:39px}.elementor-widget-heading .elementor-heading-title.elementor-size-xxl{font-size:59px}<\/style><h1 class=\"elementor-heading-title elementor-size-large\">TAR\u0130FLER<\/h1>\t\t<\/div>\n\t\t\t\t<\/div>\n\t\t\t\t<div class=\"elementor-element elementor-element-8f3b376 elementor-widget elementor-widget-spacer\" data-id=\"8f3b376\" data-element_type=\"widget\" data-widget_type=\"spacer.default\">\n\t\t\t\t<div class=\"elementor-widget-container\">\n\t\t\t<style>\/*! elementor - v3.14.0 - 26-06-2023 *\/\n.elementor-column .elementor-spacer-inner{height:var(--spacer-size)}.e-con{--container-widget-width:100%}.e-con-inner>.elementor-widget-spacer,.e-con>.elementor-widget-spacer{width:var(--container-widget-width,var(--spacer-size));--align-self:var(--container-widget-align-self,initial);--flex-shrink:0}.e-con-inner>.elementor-widget-spacer>.elementor-widget-container,.e-con-inner>.elementor-widget-spacer>.elementor-widget-container>.elementor-spacer,.e-con>.elementor-widget-spacer>.elementor-widget-container,.e-con>.elementor-widget-spacer>.elementor-widget-container>.elementor-spacer{height:100%}.e-con-inner>.elementor-widget-spacer>.elementor-widget-container>.elementor-spacer>.elementor-spacer-inner,.e-con>.elementor-widget-spacer>.elementor-widget-container>.elementor-spacer>.elementor-spacer-inner{height:var(--container-widget-height,var(--spacer-size))}<\/style>\t\t<div class=\"elementor-spacer\">\n\t\t\t<div class=\"elementor-spacer-inner\"><\/div>\n\t\t<\/div>\n\t\t\t\t<\/div>\n\t\t\t\t<\/div>\n\t\t\t\t<div class=\"elementor-element elementor-element-088e11a elementor-widget elementor-widget-poco-post-grid\" data-id=\"088e11a\" data-element_type=\"widget\" data-widget_type=\"poco-post-grid.default\">\n\t\t\t\t<div class=\"elementor-widget-container\">\n\t\t\t        <div class=\"elementor-post-wrapper post-style-1\">\n            <div class=\"row\" data-elementor-columns=\"3\" data-elementor-columns-tablet=\"1\" data-elementor-columns-mobile=\"1\">\n\n                <div class=\"column-item post-style-1\">\n\t<div class=\"post-inner\">\n\t\t\t\t\t<div class=\"post-thumbnail\">\n\t\t\t\t<a href=\"https:\/\/sutumgurme.de\/de\/10-reasons-to-do-a-digital-detox-challenge\/\">\n\t\t\t\t\t<img loading=\"lazy\" decoding=\"async\" width=\"500\" height=\"330\" src=\"https:\/\/sutumgurme.de\/wp-content\/uploads\/2020\/09\/sutum-blog-1-500x330.jpg\" class=\"attachment-poco-post-grid-2 size-poco-post-grid-2 wp-post-image\" alt=\"\" \/>\t\t\t\t<\/a>\n\t\t\t<\/div><!-- .post-thumbnail -->\n\n\t\t\t\t<div class=\"entry-content\">\n\t\t\t<div class=\"entry-header\">\n\t\t\t\t<div class=\"entry-meta\">\n\t\t\t\t\t<span class=\"categories-link\"><span class=\"screen-reader-text\">Categories<\/span><a href=\"https:\/\/sutumgurme.de\/de\/category\/tarifler\/\" rel=\"category tag\">Tarifler<\/a><\/span><span class=\"posted-on\"><a href=\"https:\/\/sutumgurme.de\/de\/10-reasons-to-do-a-digital-detox-challenge\/\" rel=\"bookmark\"><time class=\"entry-date published\" datetime=\"2020-09-07T09:31:23+00:00\">September 7, 2020<\/time><time class=\"updated\" datetime=\"2023-05-24T09:48:04+00:00\">May 24, 2023<\/time><\/a><\/span> <span class=\"post-author\">Post by <a href=\"https:\/\/sutumgurme.de\/de\/author\/ahmetanilsen\/\" rel=\"author\">admin<\/a><\/span>\t\t\t\t<\/div>\n\t\t\t\t<h3 class=\"entry-title\"><a href=\"https:\/\/sutumgurme.de\/de\/10-reasons-to-do-a-digital-detox-challenge\/\" rel=\"bookmark\">Tulum Peyniriyle Lezzetin S\u0131n\u0131rlar\u0131n\u0131 Zorlay\u0131n<\/a><\/h3>\t\t\t<\/div>\n\t\t\t<div class=\"entry-bottom\">\n\t\t\t\t<p>Tulum peyniri, T\u00fcrk mutfa\u011f\u0131n\u0131n \u00f6zg\u00fcn ve lezzetli peynir \u00e7e\u015fitlerinden biridir. Genellikle koyun veya ke\u00e7i s\u00fct\u00fcnden \u00fcretilen tulum peyniri,&hellip;<\/p>\n\t\t\t\t<a class='button' href=\"https:\/\/sutumgurme.de\/de\/10-reasons-to-do-a-digital-detox-challenge\/\">Read More<\/a>\n\t\t\t<\/div>\n\t\t<\/div>\n\t<\/div>\n<\/div>\n<div class=\"column-item post-style-1\">\n\t<div class=\"post-inner\">\n\t\t\t\t\t<div class=\"post-thumbnail\">\n\t\t\t\t<a href=\"https:\/\/sutumgurme.de\/de\/my-favorite-easy-black-pizza-toast-recipe\/\">\n\t\t\t\t\t<img loading=\"lazy\" decoding=\"async\" width=\"500\" height=\"330\" src=\"https:\/\/sutumgurme.de\/wp-content\/uploads\/2020\/08\/sutum-blog-2-500x330.jpg\" class=\"attachment-poco-post-grid-2 size-poco-post-grid-2 wp-post-image\" alt=\"\" \/>\t\t\t\t<\/a>\n\t\t\t<\/div><!-- .post-thumbnail -->\n\n\t\t\t\t<div class=\"entry-content\">\n\t\t\t<div class=\"entry-header\">\n\t\t\t\t<div class=\"entry-meta\">\n\t\t\t\t\t<span class=\"categories-link\"><span class=\"screen-reader-text\">Categories<\/span><a href=\"https:\/\/sutumgurme.de\/de\/category\/tarifler\/\" rel=\"category tag\">Tarifler<\/a><\/span><span class=\"posted-on\"><a href=\"https:\/\/sutumgurme.de\/de\/my-favorite-easy-black-pizza-toast-recipe\/\" rel=\"bookmark\"><time class=\"entry-date published\" datetime=\"2020-08-31T07:28:27+00:00\">August 31, 2020<\/time><time class=\"updated\" datetime=\"2023-05-24T09:59:06+00:00\">May 24, 2023<\/time><\/a><\/span> <span class=\"post-author\">Post by <a href=\"https:\/\/sutumgurme.de\/de\/author\/ahmetanilsen\/\" rel=\"author\">admin<\/a><\/span>\t\t\t\t<\/div>\n\t\t\t\t<h3 class=\"entry-title\"><a href=\"https:\/\/sutumgurme.de\/de\/my-favorite-easy-black-pizza-toast-recipe\/\" rel=\"bookmark\">Yo\u011furdun B\u00fcy\u00fcl\u00fc Dokunu\u015fuyla Yaprak Sarmas\u0131<\/a><\/h3>\t\t\t<\/div>\n\t\t\t<div class=\"entry-bottom\">\n\t\t\t\t<p>Ac haca ullamcorper donec ante habi tasse donec imperdiet eturpis varius per a augue magna hac. Nec hac&hellip;<\/p>\n\t\t\t\t<a class='button' href=\"https:\/\/sutumgurme.de\/de\/my-favorite-easy-black-pizza-toast-recipe\/\">Read More<\/a>\n\t\t\t<\/div>\n\t\t<\/div>\n\t<\/div>\n<\/div>\n<div class=\"column-item post-style-1\">\n\t<div class=\"post-inner\">\n\t\t\t\t\t<div class=\"post-thumbnail\">\n\t\t\t\t<a href=\"https:\/\/sutumgurme.de\/de\/6-ingredient-vegan-cinnamon-rolls\/\">\n\t\t\t\t\t<img loading=\"lazy\" decoding=\"async\" width=\"500\" height=\"330\" src=\"https:\/\/sutumgurme.de\/wp-content\/uploads\/2020\/08\/sutum-blog-3-500x330.jpg\" class=\"attachment-poco-post-grid-2 size-poco-post-grid-2 wp-post-image\" alt=\"\" \/>\t\t\t\t<\/a>\n\t\t\t<\/div><!-- .post-thumbnail -->\n\n\t\t\t\t<div class=\"entry-content\">\n\t\t\t<div class=\"entry-header\">\n\t\t\t\t<div class=\"entry-meta\">\n\t\t\t\t\t<span class=\"categories-link\"><span class=\"screen-reader-text\">Categories<\/span><a href=\"https:\/\/sutumgurme.de\/de\/category\/tarifler\/\" rel=\"category tag\">Tarifler<\/a><\/span><span class=\"posted-on\"><a href=\"https:\/\/sutumgurme.de\/de\/6-ingredient-vegan-cinnamon-rolls\/\" rel=\"bookmark\"><time class=\"entry-date published\" datetime=\"2020-08-31T07:28:27+00:00\">August 31, 2020<\/time><time class=\"updated\" datetime=\"2023-05-24T10:00:07+00:00\">May 24, 2023<\/time><\/a><\/span> <span class=\"post-author\">Post by <a href=\"https:\/\/sutumgurme.de\/de\/author\/ahmetanilsen\/\" rel=\"author\">admin<\/a><\/span>\t\t\t\t<\/div>\n\t\t\t\t<h3 class=\"entry-title\"><a href=\"https:\/\/sutumgurme.de\/de\/6-ingredient-vegan-cinnamon-rolls\/\" rel=\"bookmark\">Yo\u011furt Severlere \u00d6zel Ferahlat\u0131c\u0131 Haydari<\/a><\/h3>\t\t\t<\/div>\n\t\t\t<div class=\"entry-bottom\">\n\t\t\t\t<p>Ac haca ullamcorper donec ante habi tasse donec imperdiet eturpis varius per a augue magna hac. Nec hac&hellip;<\/p>\n\t\t\t\t<a class='button' href=\"https:\/\/sutumgurme.de\/de\/6-ingredient-vegan-cinnamon-rolls\/\">Read More<\/a>\n\t\t\t<\/div>\n\t\t<\/div>\n\t<\/div>\n<\/div>\n<div class=\"column-item post-style-1\">\n\t<div class=\"post-inner\">\n\t\t\t\t\t<div class=\"post-thumbnail\">\n\t\t\t\t<a href=\"https:\/\/sutumgurme.de\/de\/addictive-appetizers-sausage-cheese-balls\/\">\n\t\t\t\t\t<img loading=\"lazy\" decoding=\"async\" width=\"500\" height=\"330\" src=\"https:\/\/sutumgurme.de\/wp-content\/uploads\/2020\/08\/sutum-blog-4-500x330.jpg\" class=\"attachment-poco-post-grid-2 size-poco-post-grid-2 wp-post-image\" alt=\"\" \/>\t\t\t\t<\/a>\n\t\t\t<\/div><!-- .post-thumbnail -->\n\n\t\t\t\t<div class=\"entry-content\">\n\t\t\t<div class=\"entry-header\">\n\t\t\t\t<div class=\"entry-meta\">\n\t\t\t\t\t<span class=\"categories-link\"><span class=\"screen-reader-text\">Categories<\/span><a href=\"https:\/\/sutumgurme.de\/de\/category\/tarifler\/\" rel=\"category tag\">Tarifler<\/a><\/span><span class=\"posted-on\"><a href=\"https:\/\/sutumgurme.de\/de\/addictive-appetizers-sausage-cheese-balls\/\" rel=\"bookmark\"><time class=\"entry-date published\" datetime=\"2020-08-31T07:28:27+00:00\">August 31, 2020<\/time><time class=\"updated\" datetime=\"2023-05-24T10:01:44+00:00\">May 24, 2023<\/time><\/a><\/span> <span class=\"post-author\">Post by <a href=\"https:\/\/sutumgurme.de\/de\/author\/ahmetanilsen\/\" rel=\"author\">admin<\/a><\/span>\t\t\t\t<\/div>\n\t\t\t\t<h3 class=\"entry-title\"><a href=\"https:\/\/sutumgurme.de\/de\/addictive-appetizers-sausage-cheese-balls\/\" rel=\"bookmark\">Havu\u00e7lu Yo\u011furt Mezesiyle \u00d6\u011f\u00fcnler \u015eenleniyor<\/a><\/h3>\t\t\t<\/div>\n\t\t\t<div class=\"entry-bottom\">\n\t\t\t\t<p>Ac haca ullamcorper donec ante habi tasse donec imperdiet eturpis varius per a augue magna hac. Nec hac&hellip;<\/p>\n\t\t\t\t<a class='button' href=\"https:\/\/sutumgurme.de\/de\/addictive-appetizers-sausage-cheese-balls\/\">Read More<\/a>\n\t\t\t<\/div>\n\t\t<\/div>\n\t<\/div>\n<\/div>\n<div class=\"column-item post-style-1\">\n\t<div class=\"post-inner\">\n\t\t\t\t\t<div class=\"post-thumbnail\">\n\t\t\t\t<a href=\"https:\/\/sutumgurme.de\/de\/crispy-stovetop-roasted-red-potatoes\/\">\n\t\t\t\t\t<img loading=\"lazy\" decoding=\"async\" width=\"500\" height=\"330\" src=\"https:\/\/sutumgurme.de\/wp-content\/uploads\/2020\/08\/sutum-blog-12-500x330.jpg\" class=\"attachment-poco-post-grid-2 size-poco-post-grid-2 wp-post-image\" alt=\"\" \/>\t\t\t\t<\/a>\n\t\t\t<\/div><!-- .post-thumbnail -->\n\n\t\t\t\t<div class=\"entry-content\">\n\t\t\t<div class=\"entry-header\">\n\t\t\t\t<div class=\"entry-meta\">\n\t\t\t\t\t<span class=\"categories-link\"><span class=\"screen-reader-text\">Categories<\/span><a href=\"https:\/\/sutumgurme.de\/de\/category\/tarifler\/\" rel=\"category tag\">Tarifler<\/a><\/span><span class=\"posted-on\"><a href=\"https:\/\/sutumgurme.de\/de\/crispy-stovetop-roasted-red-potatoes\/\" rel=\"bookmark\"><time class=\"entry-date published\" datetime=\"2020-08-31T07:28:27+00:00\">August 31, 2020<\/time><time class=\"updated\" datetime=\"2023-06-12T14:44:19+00:00\">June 12, 2023<\/time><\/a><\/span> <span class=\"post-author\">Post by <a href=\"https:\/\/sutumgurme.de\/de\/author\/ahmetanilsen\/\" rel=\"author\">admin<\/a><\/span>\t\t\t\t<\/div>\n\t\t\t\t<h3 class=\"entry-title\"><a href=\"https:\/\/sutumgurme.de\/de\/crispy-stovetop-roasted-red-potatoes\/\" rel=\"bookmark\">Beyaz Peynirli B\u00f6rek: Her daim sofralar\u0131n favorisi<\/a><\/h3>\t\t\t<\/div>\n\t\t\t<div class=\"entry-bottom\">\n\t\t\t\t<p>Ac haca ullamcorper donec ante habi tasse donec imperdiet eturpis varius per a augue magna hac. Nec hac&hellip;<\/p>\n\t\t\t\t<a class='button' href=\"https:\/\/sutumgurme.de\/de\/crispy-stovetop-roasted-red-potatoes\/\">Read More<\/a>\n\t\t\t<\/div>\n\t\t<\/div>\n\t<\/div>\n<\/div>\n<div class=\"column-item post-style-1\">\n\t<div class=\"post-inner\">\n\t\t\t\t\t<div class=\"post-thumbnail\">\n\t\t\t\t<a href=\"https:\/\/sutumgurme.de\/de\/easy-4-ingredient-hatch-salsa-verde\/\">\n\t\t\t\t\t<img loading=\"lazy\" decoding=\"async\" width=\"500\" height=\"330\" src=\"https:\/\/sutumgurme.de\/wp-content\/uploads\/2020\/08\/sutum-blog-14-500x330.jpg\" class=\"attachment-poco-post-grid-2 size-poco-post-grid-2 wp-post-image\" alt=\"\" \/>\t\t\t\t<\/a>\n\t\t\t<\/div><!-- .post-thumbnail -->\n\n\t\t\t\t<div class=\"entry-content\">\n\t\t\t<div class=\"entry-header\">\n\t\t\t\t<div class=\"entry-meta\">\n\t\t\t\t\t<span class=\"categories-link\"><span class=\"screen-reader-text\">Categories<\/span><a href=\"https:\/\/sutumgurme.de\/de\/category\/tarifler\/\" rel=\"category tag\">Tarifler<\/a><\/span><span class=\"posted-on\"><a href=\"https:\/\/sutumgurme.de\/de\/easy-4-ingredient-hatch-salsa-verde\/\" rel=\"bookmark\"><time class=\"entry-date published\" datetime=\"2020-08-31T07:28:27+00:00\">August 31, 2020<\/time><time class=\"updated\" datetime=\"2023-06-12T14:52:34+00:00\">June 12, 2023<\/time><\/a><\/span> <span class=\"post-author\">Post by <a href=\"https:\/\/sutumgurme.de\/de\/author\/ahmetanilsen\/\" rel=\"author\">admin<\/a><\/span>\t\t\t\t<\/div>\n\t\t\t\t<h3 class=\"entry-title\"><a href=\"https:\/\/sutumgurme.de\/de\/easy-4-ingredient-hatch-salsa-verde\/\" rel=\"bookmark\">Yo\u011fun Lezzet Bulu\u015fmas\u0131: F\u0131r\u0131nda Ka\u015farl\u0131 Mantar<\/a><\/h3>\t\t\t<\/div>\n\t\t\t<div class=\"entry-bottom\">\n\t\t\t\t<p>Ac haca ullamcorper donec ante habi tasse donec imperdiet eturpis varius per a augue magna hac. Nec hac&hellip;<\/p>\n\t\t\t\t<a class='button' href=\"https:\/\/sutumgurme.de\/de\/easy-4-ingredient-hatch-salsa-verde\/\">Read More<\/a>\n\t\t\t<\/div>\n\t\t<\/div>\n\t<\/div>\n<\/div>\n            <\/div>\n\n                    <\/div>\n        \t\t<\/div>\n\t\t\t\t<\/div>\n\t\t\t\t\t<\/div>\n\t\t<\/div>\n\t\t\t\t\t\t\t<\/div>\n\t\t<\/section>\n\t\t\t\t\t\t\t<\/div>\n\t\t","protected":false},"excerpt":{"rendered":"<p class=\"translation-block\">Wenn Sie Analogk\u00e4se bevorzugen und nicht auf Qualit\u00e4t verzichten m\u00f6chten, ist der Beyaz Combi Analogk\u00e4se die perfekte Option. Beyaz Combi Analogk\u00e4se ist mit seiner reichhaltigen, cremigen Textur die Unterst\u00fctzung f\u00fcr Sie in der K\u00fcche. Dieser Geschmack, den wir aus Pflanzen\u00f6l herstellen, kann die richtige Wahl f\u00fcr diejenigen sein, die eine Alternative zu K\u00e4se suchen. Mit dem alternativen Geschmack, den wir in 800 Gramm Dosen anbieten, k\u00f6nnen Sie Ihren Salaten und Pizzen eine k\u00f6stliche Note verleihen.<\/p>","protected":false},"featured_media":7196,"template":"","meta":[],"product_brand":[],"product_cat":[15],"product_tag":[],"class_list":{"0":"post-7195","1":"product","2":"type-product","3":"status-publish","4":"has-post-thumbnail","6":"product_cat-beyaz-peynir","8":"first","9":"instock","10":"shipping-taxable","11":"product-type-simple"},"_links":{"self":[{"href":"https:\/\/sutumgurme.de\/de\/wp-json\/wp\/v2\/product\/7195","targetHints":{"allow":["GET"]}}],"collection":[{"href":"https:\/\/sutumgurme.de\/de\/wp-json\/wp\/v2\/product"}],"about":[{"href":"https:\/\/sutumgurme.de\/de\/wp-json\/wp\/v2\/types\/product"}],"version-history":[{"count":33,"href":"https:\/\/sutumgurme.de\/de\/wp-json\/wp\/v2\/product\/7195\/revisions"}],"predecessor-version":[{"id":9290,"href":"https:\/\/sutumgurme.de\/de\/wp-json\/wp\/v2\/product\/7195\/revisions\/9290"}],"wp:featuredmedia":[{"embeddable":true,"href":"https:\/\/sutumgurme.de\/de\/wp-json\/wp\/v2\/media\/7196"}],"wp:attachment":[{"href":"https:\/\/sutumgurme.de\/de\/wp-json\/wp\/v2\/media?parent=7195"}],"wp:term":[{"taxonomy":"product_brand","embeddable":true,"href":"https:\/\/sutumgurme.de\/de\/wp-json\/wp\/v2\/product_brand?post=7195"},{"taxonomy":"product_cat","embeddable":true,"href":"https:\/\/sutumgurme.de\/de\/wp-json\/wp\/v2\/product_cat?post=7195"},{"taxonomy":"product_tag","embeddable":true,"href":"https:\/\/sutumgurme.de\/de\/wp-json\/wp\/v2\/product_tag?post=7195"}],"curies":[{"name":"wp","href":"https:\/\/api.w.org\/{rel}","templated":true}]}}