{"id":7200,"date":"2023-05-04T23:32:58","date_gmt":"2023-05-04T23:32:58","guid":{"rendered":"https:\/\/tutusmedia.de\/sutum\/?post_type=product&#038;p=7200"},"modified":"2023-06-09T13:46:02","modified_gmt":"2023-06-09T13:46:02","slug":"beyaz-peynir-55-teneke-kutu-800g","status":"publish","type":"product","link":"https:\/\/sutumgurme.de\/de\/urunler\/beyaz-peynir-55-teneke-kutu-800g\/","title":{"rendered":"Hirtenk\u00e4se  55% \u2013  800g"},"content":{"rendered":"","protected":false},"excerpt":{"rendered":"<p>Unsere Hirtenk\u00e4semarke bringt einen der beliebtesten Geschmacksrichtungen der t\u00fcrkischen K\u00fcche in h\u00f6chster Qualit\u00e4t auf Ihren Tisch. Mit einem Fettgehalt von 55 % hat dieser K\u00e4se einen reichen, k\u00f6stlichen Geschmack und ist f\u00fcr Vegetarier geeignet. Bereichern Sie Ihr Fr\u00fchst\u00fcck und entdecken Sie die einzigartigen Geschmacksrichtungen der t\u00fcrkischen K\u00fcche mit diesem k\u00f6stlichen K\u00e4se der Marke S\u00fct\u00fcm, geliefert in einer 800-Gramm-Dose.<\/p>","protected":false},"featured_media":7201,"template":"","meta":[],"product_brand":[],"product_cat":[15],"product_tag":[],"class_list":{"0":"post-7200","1":"product","2":"type-product","3":"status-publish","4":"has-post-thumbnail","6":"product_cat-beyaz-peynir","8":"first","9":"instock","10":"shipping-taxable","11":"product-type-simple"},"_links":{"self":[{"href":"https:\/\/sutumgurme.de\/de\/wp-json\/wp\/v2\/product\/7200","targetHints":{"allow":["GET"]}}],"collection":[{"href":"https:\/\/sutumgurme.de\/de\/wp-json\/wp\/v2\/product"}],"about":[{"href":"https:\/\/sutumgurme.de\/de\/wp-json\/wp\/v2\/types\/product"}],"version-history":[{"count":4,"href":"https:\/\/sutumgurme.de\/de\/wp-json\/wp\/v2\/product\/7200\/revisions"}],"predecessor-version":[{"id":8028,"href":"https:\/\/sutumgurme.de\/de\/wp-json\/wp\/v2\/product\/7200\/revisions\/8028"}],"wp:featuredmedia":[{"embeddable":true,"href":"https:\/\/sutumgurme.de\/de\/wp-json\/wp\/v2\/media\/7201"}],"wp:attachment":[{"href":"https:\/\/sutumgurme.de\/de\/wp-json\/wp\/v2\/media?parent=7200"}],"wp:term":[{"taxonomy":"product_brand","embeddable":true,"href":"https:\/\/sutumgurme.de\/de\/wp-json\/wp\/v2\/product_brand?post=7200"},{"taxonomy":"product_cat","embeddable":true,"href":"https:\/\/sutumgurme.de\/de\/wp-json\/wp\/v2\/product_cat?post=7200"},{"taxonomy":"product_tag","embeddable":true,"href":"https:\/\/sutumgurme.de\/de\/wp-json\/wp\/v2\/product_tag?post=7200"}],"curies":[{"name":"wp","href":"https:\/\/api.w.org\/{rel}","templated":true}]}}