{"id":7211,"date":"2023-05-05T09:24:16","date_gmt":"2023-05-05T09:24:16","guid":{"rendered":"https:\/\/tutusmedia.de\/sutum\/?post_type=product&#038;p=7211"},"modified":"2023-06-09T13:45:34","modified_gmt":"2023-06-09T13:45:34","slug":"beyaz-peynir-teneke-kutu-800g","status":"publish","type":"product","link":"https:\/\/sutumgurme.de\/de\/urunler\/beyaz-peynir-teneke-kutu-800g\/","title":{"rendered":"Hirtenk\u00e4se  60%\u2013 800g"},"content":{"rendered":"","protected":false},"excerpt":{"rendered":"<p>Der Hirtenk\u00e4se in Salzlake unserer Marke bringt eine der beliebtesten Geschmacksrichtungen der t\u00fcrkischen K\u00fcche in h\u00f6chster Qualit\u00e4t auf Ihren Tisch.Mit einem Fettgehalt von 60 % hat dieser K\u00e4se einen reichen, k\u00f6stlichen Geschmack und ist f\u00fcr Vegetarier geeignet. Bereichern Sie Ihr Fr\u00fchst\u00fcck und entdecken Sie die einzigartigen Geschmacksrichtungen der t\u00fcrkischen K\u00fcche mit diesem herrlichen Geschmacksk\u00e4se der Marke S\u00fct\u00fcm Gurme, der in 800-Gramm-Dosen angeboten wird.<\/p>","protected":false},"featured_media":7212,"template":"","meta":[],"product_brand":[],"product_cat":[15],"product_tag":[],"class_list":{"0":"post-7211","1":"product","2":"type-product","3":"status-publish","4":"has-post-thumbnail","6":"product_cat-beyaz-peynir","8":"first","9":"instock","10":"shipping-taxable","11":"product-type-simple"},"_links":{"self":[{"href":"https:\/\/sutumgurme.de\/de\/wp-json\/wp\/v2\/product\/7211","targetHints":{"allow":["GET"]}}],"collection":[{"href":"https:\/\/sutumgurme.de\/de\/wp-json\/wp\/v2\/product"}],"about":[{"href":"https:\/\/sutumgurme.de\/de\/wp-json\/wp\/v2\/types\/product"}],"version-history":[{"count":4,"href":"https:\/\/sutumgurme.de\/de\/wp-json\/wp\/v2\/product\/7211\/revisions"}],"predecessor-version":[{"id":8031,"href":"https:\/\/sutumgurme.de\/de\/wp-json\/wp\/v2\/product\/7211\/revisions\/8031"}],"wp:featuredmedia":[{"embeddable":true,"href":"https:\/\/sutumgurme.de\/de\/wp-json\/wp\/v2\/media\/7212"}],"wp:attachment":[{"href":"https:\/\/sutumgurme.de\/de\/wp-json\/wp\/v2\/media?parent=7211"}],"wp:term":[{"taxonomy":"product_brand","embeddable":true,"href":"https:\/\/sutumgurme.de\/de\/wp-json\/wp\/v2\/product_brand?post=7211"},{"taxonomy":"product_cat","embeddable":true,"href":"https:\/\/sutumgurme.de\/de\/wp-json\/wp\/v2\/product_cat?post=7211"},{"taxonomy":"product_tag","embeddable":true,"href":"https:\/\/sutumgurme.de\/de\/wp-json\/wp\/v2\/product_tag?post=7211"}],"curies":[{"name":"wp","href":"https:\/\/api.w.org\/{rel}","templated":true}]}}