{"id":7216,"date":"2023-05-05T09:30:41","date_gmt":"2023-05-05T09:30:41","guid":{"rendered":"https:\/\/tutusmedia.de\/sutum\/?post_type=product&#038;p=7216"},"modified":"2023-06-09T13:45:01","modified_gmt":"2023-06-09T13:45:01","slug":"tam-yagli-peynir-teneke-kutu-800g","status":"publish","type":"product","link":"https:\/\/sutumgurme.de\/de\/urunler\/tam-yagli-peynir-teneke-kutu-800g\/","title":{"rendered":"Hirtenk\u00e4se, vollfettig 800 g"},"content":{"rendered":"","protected":false},"excerpt":{"rendered":"<p>Der vollfettiger Hirtenk\u00e4se von S\u00fct\u00fcm Gurme ist der Favorit aller K\u00e4seliebhaber. Dieser fettreiche Wei\u00dfk\u00e4se unserer Marke bringt einen der beliebtesten Geschmacksrichtungen der t\u00fcrkischen K\u00fcche in h\u00f6chster Qualit\u00e4t auf Ihren Tisch. Unser S\u00fct\u00fcm Gurme Hirtenk\u00e4se hat eine weiche und glatte Textur. Dieser k\u00f6stliche K\u00e4se kann zum Fr\u00fchst\u00fcck, Toast, Sandwiches, Nudeln und mehr verwendet werden. Wir bieten S\u00fct\u00fcm Gurme Hirtenk\u00e4se in einfachen Portionen zu 800 Gramm an.<\/p>","protected":false},"featured_media":7217,"template":"","meta":[],"product_brand":[],"product_cat":[15],"product_tag":[],"class_list":{"0":"post-7216","1":"product","2":"type-product","3":"status-publish","4":"has-post-thumbnail","6":"product_cat-beyaz-peynir","8":"first","9":"instock","10":"shipping-taxable","11":"product-type-simple"},"_links":{"self":[{"href":"https:\/\/sutumgurme.de\/de\/wp-json\/wp\/v2\/product\/7216","targetHints":{"allow":["GET"]}}],"collection":[{"href":"https:\/\/sutumgurme.de\/de\/wp-json\/wp\/v2\/product"}],"about":[{"href":"https:\/\/sutumgurme.de\/de\/wp-json\/wp\/v2\/types\/product"}],"version-history":[{"count":5,"href":"https:\/\/sutumgurme.de\/de\/wp-json\/wp\/v2\/product\/7216\/revisions"}],"predecessor-version":[{"id":8033,"href":"https:\/\/sutumgurme.de\/de\/wp-json\/wp\/v2\/product\/7216\/revisions\/8033"}],"wp:featuredmedia":[{"embeddable":true,"href":"https:\/\/sutumgurme.de\/de\/wp-json\/wp\/v2\/media\/7217"}],"wp:attachment":[{"href":"https:\/\/sutumgurme.de\/de\/wp-json\/wp\/v2\/media?parent=7216"}],"wp:term":[{"taxonomy":"product_brand","embeddable":true,"href":"https:\/\/sutumgurme.de\/de\/wp-json\/wp\/v2\/product_brand?post=7216"},{"taxonomy":"product_cat","embeddable":true,"href":"https:\/\/sutumgurme.de\/de\/wp-json\/wp\/v2\/product_cat?post=7216"},{"taxonomy":"product_tag","embeddable":true,"href":"https:\/\/sutumgurme.de\/de\/wp-json\/wp\/v2\/product_tag?post=7216"}],"curies":[{"name":"wp","href":"https:\/\/api.w.org\/{rel}","templated":true}]}}