{"id":7221,"date":"2023-05-05T09:37:22","date_gmt":"2023-05-05T09:37:22","guid":{"rendered":"https:\/\/tutusmedia.de\/sutum\/?post_type=product&#038;p=7221"},"modified":"2023-08-01T13:11:02","modified_gmt":"2023-08-01T13:11:02","slug":"koyun-peyniri-tnk-800g","status":"publish","type":"product","link":"https:\/\/sutumgurme.de\/de\/urunler\/koyun-peyniri-tnk-800g\/","title":{"rendered":"Echter Schafsk\u00e4se -  800g"},"content":{"rendered":"","protected":false},"excerpt":{"rendered":"<p>Der echte Schafsk\u00e4se von S\u00fct\u00fcm Gurme wird traditionell aus Milch h\u00f6chster Qualit\u00e4t hergestellt. Mit seinem einzigartigen, reichen Geschmack und seiner Textur wird dieser K\u00e4se ein Muss zum Fr\u00fchst\u00fcck. S\u00fct\u00fcm Gurme Schafsk\u00e4se mit einem Fettgehalt von mindestens 50 % macht Ihr Fr\u00fchst\u00fcck noch k\u00f6stlicher. Der traditionelle Schafsk\u00e4se von S\u00fct\u00fcm Gurme in der praktischen 800-Gramm-Box verleiht Ihrer Mahlzeit eine raffinierte Note und wird besonders in B\u00f6rek und Salaten verwendet. Vergessen Sie nicht, den Schafsk\u00e4se S\u00fct\u00fcm Gurme zu probieren.<\/p>","protected":false},"featured_media":7222,"template":"","meta":[],"product_brand":[],"product_cat":[48],"product_tag":[],"class_list":{"0":"post-7221","1":"product","2":"type-product","3":"status-publish","4":"has-post-thumbnail","6":"product_cat-geleneksel-peynirler","8":"first","9":"instock","10":"shipping-taxable","11":"product-type-simple"},"_links":{"self":[{"href":"https:\/\/sutumgurme.de\/de\/wp-json\/wp\/v2\/product\/7221","targetHints":{"allow":["GET"]}}],"collection":[{"href":"https:\/\/sutumgurme.de\/de\/wp-json\/wp\/v2\/product"}],"about":[{"href":"https:\/\/sutumgurme.de\/de\/wp-json\/wp\/v2\/types\/product"}],"version-history":[{"count":9,"href":"https:\/\/sutumgurme.de\/de\/wp-json\/wp\/v2\/product\/7221\/revisions"}],"predecessor-version":[{"id":9302,"href":"https:\/\/sutumgurme.de\/de\/wp-json\/wp\/v2\/product\/7221\/revisions\/9302"}],"wp:featuredmedia":[{"embeddable":true,"href":"https:\/\/sutumgurme.de\/de\/wp-json\/wp\/v2\/media\/7222"}],"wp:attachment":[{"href":"https:\/\/sutumgurme.de\/de\/wp-json\/wp\/v2\/media?parent=7221"}],"wp:term":[{"taxonomy":"product_brand","embeddable":true,"href":"https:\/\/sutumgurme.de\/de\/wp-json\/wp\/v2\/product_brand?post=7221"},{"taxonomy":"product_cat","embeddable":true,"href":"https:\/\/sutumgurme.de\/de\/wp-json\/wp\/v2\/product_cat?post=7221"},{"taxonomy":"product_tag","embeddable":true,"href":"https:\/\/sutumgurme.de\/de\/wp-json\/wp\/v2\/product_tag?post=7221"}],"curies":[{"name":"wp","href":"https:\/\/api.w.org\/{rel}","templated":true}]}}