{"id":7247,"date":"2023-05-05T11:10:20","date_gmt":"2023-05-05T11:10:20","guid":{"rendered":"https:\/\/tutusmedia.de\/sutum\/?post_type=product&#038;p=7247"},"modified":"2023-08-01T13:06:51","modified_gmt":"2023-08-01T13:06:51","slug":"hakiki-koyun-peyniri-teneke-kutu-400g","status":"publish","type":"product","link":"https:\/\/sutumgurme.de\/de\/urunler\/hakiki-koyun-peyniri-teneke-kutu-400g\/","title":{"rendered":"Echter Schafsk\u00e4se -  400g"},"content":{"rendered":"","protected":false},"excerpt":{"rendered":"<p>Der echte Schafsk\u00e4se von S\u00fct\u00fcm Gurme wurde aus hochwertiger Milch nach traditionellen Methoden hergestellt. Dieser K\u00e4se macht Ihr Fr\u00fchst\u00fcck dank seinem unterschiedlichen und intensiven Geschmack, und seiner Qualit\u00e4t unverzichtbar. Mit dem Schafsk\u00e4se von S\u00fct\u00fcm Gurme, das aus einem Fettanteil von mindestens 50 Prozent besteht, wird Ihr Fr\u00fchst\u00fcck k\u00f6stlicher! Ihre Mahlzeiten werden mit dem traditionellen Schafsk\u00e4se von S\u00fct\u00fcm Gurme in 400 Gramm praktischen Boxen angeboten, die Sie besonders in Borek und Salaten verwenden k\u00f6nnen. Vergessen Sie nicht, den Schafsk\u00e4se von S\u00fct\u00fcm Gurme zu probieren!<\/p>","protected":false},"featured_media":7252,"template":"","meta":[],"product_brand":[],"product_cat":[48],"product_tag":[],"class_list":{"0":"post-7247","1":"product","2":"type-product","3":"status-publish","4":"has-post-thumbnail","6":"product_cat-geleneksel-peynirler","8":"first","9":"instock","10":"shipping-taxable","11":"product-type-simple"},"_links":{"self":[{"href":"https:\/\/sutumgurme.de\/de\/wp-json\/wp\/v2\/product\/7247","targetHints":{"allow":["GET"]}}],"collection":[{"href":"https:\/\/sutumgurme.de\/de\/wp-json\/wp\/v2\/product"}],"about":[{"href":"https:\/\/sutumgurme.de\/de\/wp-json\/wp\/v2\/types\/product"}],"version-history":[{"count":6,"href":"https:\/\/sutumgurme.de\/de\/wp-json\/wp\/v2\/product\/7247\/revisions"}],"predecessor-version":[{"id":9300,"href":"https:\/\/sutumgurme.de\/de\/wp-json\/wp\/v2\/product\/7247\/revisions\/9300"}],"wp:featuredmedia":[{"embeddable":true,"href":"https:\/\/sutumgurme.de\/de\/wp-json\/wp\/v2\/media\/7252"}],"wp:attachment":[{"href":"https:\/\/sutumgurme.de\/de\/wp-json\/wp\/v2\/media?parent=7247"}],"wp:term":[{"taxonomy":"product_brand","embeddable":true,"href":"https:\/\/sutumgurme.de\/de\/wp-json\/wp\/v2\/product_brand?post=7247"},{"taxonomy":"product_cat","embeddable":true,"href":"https:\/\/sutumgurme.de\/de\/wp-json\/wp\/v2\/product_cat?post=7247"},{"taxonomy":"product_tag","embeddable":true,"href":"https:\/\/sutumgurme.de\/de\/wp-json\/wp\/v2\/product_tag?post=7247"}],"curies":[{"name":"wp","href":"https:\/\/api.w.org\/{rel}","templated":true}]}}