{"id":7259,"date":"2023-05-05T11:22:53","date_gmt":"2023-05-05T11:22:53","guid":{"rendered":"https:\/\/tutusmedia.de\/sutum\/?post_type=product&#038;p=7259"},"modified":"2023-06-09T13:46:31","modified_gmt":"2023-06-09T13:46:31","slug":"tam-yagli-peynir-tnk-400g","status":"publish","type":"product","link":"https:\/\/sutumgurme.de\/de\/urunler\/tam-yagli-peynir-tnk-400g\/","title":{"rendered":"Vollfettk\u00e4se \u2013 400g"},"content":{"rendered":"","protected":false},"excerpt":{"rendered":"<p>Der Vollfettk\u00e4se von S\u00fct\u00fcm Gurme ist ein Muss f\u00fcr K\u00e4seliebhaber. Dieser vollfette Hirtenk\u00e4se unserer Marke bringt einen der beliebtesten Geschmacksrichtungen der t\u00fcrkischen K\u00fcche in h\u00f6chster Qualit\u00e4t auf Ihren Tisch. S\u00fct\u00fcm Gurme Vollfettk\u00e4se hat eine weiche und geschmeidige Textur. Dieser k\u00f6stliche K\u00e4se kann zum Fr\u00fchst\u00fcck, Toast, Sandwiches, Pasta und mehr verwendet werden. Wir bieten S\u00fct\u00fcm Gurme Vollfettk\u00e4se in praktischen 400-Gramm-Dose an.<\/p>","protected":false},"featured_media":7260,"template":"","meta":[],"product_brand":[],"product_cat":[15],"product_tag":[],"class_list":{"0":"post-7259","1":"product","2":"type-product","3":"status-publish","4":"has-post-thumbnail","6":"product_cat-beyaz-peynir","8":"first","9":"instock","10":"shipping-taxable","11":"product-type-simple"},"_links":{"self":[{"href":"https:\/\/sutumgurme.de\/de\/wp-json\/wp\/v2\/product\/7259","targetHints":{"allow":["GET"]}}],"collection":[{"href":"https:\/\/sutumgurme.de\/de\/wp-json\/wp\/v2\/product"}],"about":[{"href":"https:\/\/sutumgurme.de\/de\/wp-json\/wp\/v2\/types\/product"}],"version-history":[{"count":6,"href":"https:\/\/sutumgurme.de\/de\/wp-json\/wp\/v2\/product\/7259\/revisions"}],"predecessor-version":[{"id":8375,"href":"https:\/\/sutumgurme.de\/de\/wp-json\/wp\/v2\/product\/7259\/revisions\/8375"}],"wp:featuredmedia":[{"embeddable":true,"href":"https:\/\/sutumgurme.de\/de\/wp-json\/wp\/v2\/media\/7260"}],"wp:attachment":[{"href":"https:\/\/sutumgurme.de\/de\/wp-json\/wp\/v2\/media?parent=7259"}],"wp:term":[{"taxonomy":"product_brand","embeddable":true,"href":"https:\/\/sutumgurme.de\/de\/wp-json\/wp\/v2\/product_brand?post=7259"},{"taxonomy":"product_cat","embeddable":true,"href":"https:\/\/sutumgurme.de\/de\/wp-json\/wp\/v2\/product_cat?post=7259"},{"taxonomy":"product_tag","embeddable":true,"href":"https:\/\/sutumgurme.de\/de\/wp-json\/wp\/v2\/product_tag?post=7259"}],"curies":[{"name":"wp","href":"https:\/\/api.w.org\/{rel}","templated":true}]}}