{"id":7264,"date":"2023-05-05T11:26:28","date_gmt":"2023-05-05T11:26:28","guid":{"rendered":"https:\/\/tutusmedia.de\/sutum\/?post_type=product&#038;p=7264"},"modified":"2023-06-09T13:48:46","modified_gmt":"2023-06-09T13:48:46","slug":"peynir-45-tnk-400g","status":"publish","type":"product","link":"https:\/\/sutumgurme.de\/de\/urunler\/peynir-45-tnk-400g\/","title":{"rendered":"Hirtenk\u00e4se 45% \u2013 400g"},"content":{"rendered":"","protected":false},"excerpt":{"rendered":"<p>Der Hirtenk\u00e4se unserer Marke bringt einen der beliebtesten Geschmacksrichtungen der t\u00fcrkischen K\u00fcche in h\u00f6chster Qualit\u00e4t auf Ihren Tisch. Mit einem Fettgehalt von 45 % hat dieser K\u00e4se einen reichen, k\u00f6stlichen Geschmack und ist f\u00fcr Vegetarier geeignet. Bereichern Sie Ihr Fr\u00fchst\u00fcck mit diesem k\u00f6stlichen K\u00e4se von S\u00fct\u00fcm Gurme und entdecken Sie die einzigartigen Geschmacksrichtungen der t\u00fcrkischen K\u00fcche.<\/p>","protected":false},"featured_media":7265,"template":"","meta":[],"product_brand":[],"product_cat":[15],"product_tag":[],"class_list":{"0":"post-7264","1":"product","2":"type-product","3":"status-publish","4":"has-post-thumbnail","6":"product_cat-beyaz-peynir","8":"first","9":"instock","10":"shipping-taxable","11":"product-type-simple"},"_links":{"self":[{"href":"https:\/\/sutumgurme.de\/de\/wp-json\/wp\/v2\/product\/7264","targetHints":{"allow":["GET"]}}],"collection":[{"href":"https:\/\/sutumgurme.de\/de\/wp-json\/wp\/v2\/product"}],"about":[{"href":"https:\/\/sutumgurme.de\/de\/wp-json\/wp\/v2\/types\/product"}],"version-history":[{"count":7,"href":"https:\/\/sutumgurme.de\/de\/wp-json\/wp\/v2\/product\/7264\/revisions"}],"predecessor-version":[{"id":8380,"href":"https:\/\/sutumgurme.de\/de\/wp-json\/wp\/v2\/product\/7264\/revisions\/8380"}],"wp:featuredmedia":[{"embeddable":true,"href":"https:\/\/sutumgurme.de\/de\/wp-json\/wp\/v2\/media\/7265"}],"wp:attachment":[{"href":"https:\/\/sutumgurme.de\/de\/wp-json\/wp\/v2\/media?parent=7264"}],"wp:term":[{"taxonomy":"product_brand","embeddable":true,"href":"https:\/\/sutumgurme.de\/de\/wp-json\/wp\/v2\/product_brand?post=7264"},{"taxonomy":"product_cat","embeddable":true,"href":"https:\/\/sutumgurme.de\/de\/wp-json\/wp\/v2\/product_cat?post=7264"},{"taxonomy":"product_tag","embeddable":true,"href":"https:\/\/sutumgurme.de\/de\/wp-json\/wp\/v2\/product_tag?post=7264"}],"curies":[{"name":"wp","href":"https:\/\/api.w.org\/{rel}","templated":true}]}}