{"id":7269,"date":"2023-05-05T11:29:56","date_gmt":"2023-05-05T11:29:56","guid":{"rendered":"https:\/\/tutusmedia.de\/sutum\/?post_type=product&#038;p=7269"},"modified":"2023-06-09T13:47:53","modified_gmt":"2023-06-09T13:47:53","slug":"peynir-55-tnk-400g","status":"publish","type":"product","link":"https:\/\/sutumgurme.de\/de\/urunler\/peynir-55-tnk-400g\/","title":{"rendered":"Hirtenk\u00e4se 55% \u2013  400g"},"content":{"rendered":"","protected":false},"excerpt":{"rendered":"<p>Unsere Marke S\u00fct\u00fcm Gurme Hirtenk\u00e4se bringt einen der beliebtesten Geschmacksrichtungen der t\u00fcrkischen K\u00fcche in der hochwertigsten 400-Gramm Packung auf Ihren Tisch. Mit einem Fettgehalt von 55 % hat dieser K\u00e4se einen reichen, k\u00f6stlichen Geschmack und ist f\u00fcr Vegetarier geeignet. Bereichern Sie Ihr Fr\u00fchst\u00fcck mit dieser k\u00f6stlichen K\u00e4semarke S\u00fct\u00fcm und entdecken Sie die einzigartigen Geschmacksrichtungen der t\u00fcrkischen K\u00fcche.<\/p>","protected":false},"featured_media":7270,"template":"","meta":[],"product_brand":[],"product_cat":[15],"product_tag":[],"class_list":{"0":"post-7269","1":"product","2":"type-product","3":"status-publish","4":"has-post-thumbnail","6":"product_cat-beyaz-peynir","8":"first","9":"instock","10":"shipping-taxable","11":"product-type-simple"},"_links":{"self":[{"href":"https:\/\/sutumgurme.de\/de\/wp-json\/wp\/v2\/product\/7269","targetHints":{"allow":["GET"]}}],"collection":[{"href":"https:\/\/sutumgurme.de\/de\/wp-json\/wp\/v2\/product"}],"about":[{"href":"https:\/\/sutumgurme.de\/de\/wp-json\/wp\/v2\/types\/product"}],"version-history":[{"count":7,"href":"https:\/\/sutumgurme.de\/de\/wp-json\/wp\/v2\/product\/7269\/revisions"}],"predecessor-version":[{"id":8377,"href":"https:\/\/sutumgurme.de\/de\/wp-json\/wp\/v2\/product\/7269\/revisions\/8377"}],"wp:featuredmedia":[{"embeddable":true,"href":"https:\/\/sutumgurme.de\/de\/wp-json\/wp\/v2\/media\/7270"}],"wp:attachment":[{"href":"https:\/\/sutumgurme.de\/de\/wp-json\/wp\/v2\/media?parent=7269"}],"wp:term":[{"taxonomy":"product_brand","embeddable":true,"href":"https:\/\/sutumgurme.de\/de\/wp-json\/wp\/v2\/product_brand?post=7269"},{"taxonomy":"product_cat","embeddable":true,"href":"https:\/\/sutumgurme.de\/de\/wp-json\/wp\/v2\/product_cat?post=7269"},{"taxonomy":"product_tag","embeddable":true,"href":"https:\/\/sutumgurme.de\/de\/wp-json\/wp\/v2\/product_tag?post=7269"}],"curies":[{"name":"wp","href":"https:\/\/api.w.org\/{rel}","templated":true}]}}