{"id":7274,"date":"2023-05-05T11:33:53","date_gmt":"2023-05-05T11:33:53","guid":{"rendered":"https:\/\/tutusmedia.de\/sutum\/?post_type=product&#038;p=7274"},"modified":"2023-06-09T13:47:08","modified_gmt":"2023-06-09T13:47:08","slug":"peynir-60-tnk-400g","status":"publish","type":"product","link":"https:\/\/sutumgurme.de\/de\/urunler\/peynir-60-tnk-400g\/","title":{"rendered":"Hirtenk\u00e4se 60% \u2013 400g"},"content":{"rendered":"<p>Der Hirtenk\u00e4se unserer Marke bringt eine der beliebtesten Geschmacksrichtungen der t\u00fcrkischen K\u00fcche in h\u00f6chster Qualit\u00e4t auf Ihren Tisch. Mit einem Fettgehalt von 60 Prozent hat dieser K\u00e4se einen reichhaltigen und leckeren Geschmack und ist auch f\u00fcr Vegetarier geeignet. Bereichern Sie Ihr Fr\u00fchst\u00fcck mit diesem herrlichen Geschmack und entdecken Sie die einzigartigen K\u00f6stlichkeiten der t\u00fcrkischen K\u00fcche, die in 400-Gramm-Dosen von S\u00fct\u00fcm Gurme angeboten werden.<\/p>","protected":false},"excerpt":{"rendered":"<p>Der Premium-Hirtenk\u00e4se von S\u00fct\u00fcm Gurme bietet K\u00e4seliebhabern ein unvergessliches Geschmackserlebnis, indem es Optionen mit hohem, mittlerem und niedrigem Fettgehalt f\u00fcr jeden Geschmack anbietet. Unsere Hirtenk\u00e4sestufen werden aus hochwertigen Zutaten und sorgf\u00e4ltiger Herstellung zubereitet und werden zu einem festen Bestandteil auf Ihrem Tisch.<\/p>","protected":false},"featured_media":7275,"template":"","meta":[],"product_brand":[],"product_cat":[15],"product_tag":[],"class_list":{"0":"post-7274","1":"product","2":"type-product","3":"status-publish","4":"has-post-thumbnail","6":"product_cat-beyaz-peynir","8":"first","9":"instock","10":"shipping-taxable","11":"product-type-simple"},"_links":{"self":[{"href":"https:\/\/sutumgurme.de\/de\/wp-json\/wp\/v2\/product\/7274","targetHints":{"allow":["GET"]}}],"collection":[{"href":"https:\/\/sutumgurme.de\/de\/wp-json\/wp\/v2\/product"}],"about":[{"href":"https:\/\/sutumgurme.de\/de\/wp-json\/wp\/v2\/types\/product"}],"version-history":[{"count":5,"href":"https:\/\/sutumgurme.de\/de\/wp-json\/wp\/v2\/product\/7274\/revisions"}],"predecessor-version":[{"id":8014,"href":"https:\/\/sutumgurme.de\/de\/wp-json\/wp\/v2\/product\/7274\/revisions\/8014"}],"wp:featuredmedia":[{"embeddable":true,"href":"https:\/\/sutumgurme.de\/de\/wp-json\/wp\/v2\/media\/7275"}],"wp:attachment":[{"href":"https:\/\/sutumgurme.de\/de\/wp-json\/wp\/v2\/media?parent=7274"}],"wp:term":[{"taxonomy":"product_brand","embeddable":true,"href":"https:\/\/sutumgurme.de\/de\/wp-json\/wp\/v2\/product_brand?post=7274"},{"taxonomy":"product_cat","embeddable":true,"href":"https:\/\/sutumgurme.de\/de\/wp-json\/wp\/v2\/product_cat?post=7274"},{"taxonomy":"product_tag","embeddable":true,"href":"https:\/\/sutumgurme.de\/de\/wp-json\/wp\/v2\/product_tag?post=7274"}],"curies":[{"name":"wp","href":"https:\/\/api.w.org\/{rel}","templated":true}]}}