{"id":7280,"date":"2023-05-05T11:39:11","date_gmt":"2023-05-05T11:39:11","guid":{"rendered":"https:\/\/tutusmedia.de\/sutum\/?post_type=product&#038;p=7280"},"modified":"2023-08-01T15:28:14","modified_gmt":"2023-08-01T15:28:14","slug":"koy-yogurdu-3-8-kova-1000-g","status":"publish","type":"product","link":"https:\/\/sutumgurme.de\/de\/urunler\/koy-yogurdu-3-8-kova-1000-g\/","title":{"rendered":"Land Joghurt %3,8 - Eimer 1000g"},"content":{"rendered":"","protected":false},"excerpt":{"rendered":"<p>S\u00fct\u00fcm Gurme ist ein Land Joghurt, das nach einem eigenen Spezialrezept hergestellt wird, um seinen Kunden weiterhin den k\u00f6stlichsten Joghurt zu bieten. Mit einem Fettgehalt von 3,8 % ist dieser besondere Joghurt eine \u00e4u\u00dferst nahrhafte Option. In 1-Kilogramm-Eimern serviert, hat unser hochwertiger Landjoghurt eine einzigartige Konsistenz und einen intensiven Geschmack, das einen unvergesslichen Nachgeschmack hinterl\u00e4sst. Falls Sie auf der Suche nach einer ausgewogenen Ern\u00e4hrung sind, dann k\u00f6nnen Sie sich auch f\u00fcr Land Joghurt entscheiden, das eine dicke Konsistenz enth\u00e4lt und gro\u00dfartig schmeckt.<\/p>","protected":false},"featured_media":7281,"template":"","meta":[],"product_brand":[],"product_cat":[43],"product_tag":[],"class_list":{"0":"post-7280","1":"product","2":"type-product","3":"status-publish","4":"has-post-thumbnail","6":"product_cat-yogurt","8":"first","9":"instock","10":"shipping-taxable","11":"product-type-simple"},"_links":{"self":[{"href":"https:\/\/sutumgurme.de\/de\/wp-json\/wp\/v2\/product\/7280","targetHints":{"allow":["GET"]}}],"collection":[{"href":"https:\/\/sutumgurme.de\/de\/wp-json\/wp\/v2\/product"}],"about":[{"href":"https:\/\/sutumgurme.de\/de\/wp-json\/wp\/v2\/types\/product"}],"version-history":[{"count":6,"href":"https:\/\/sutumgurme.de\/de\/wp-json\/wp\/v2\/product\/7280\/revisions"}],"predecessor-version":[{"id":9314,"href":"https:\/\/sutumgurme.de\/de\/wp-json\/wp\/v2\/product\/7280\/revisions\/9314"}],"wp:featuredmedia":[{"embeddable":true,"href":"https:\/\/sutumgurme.de\/de\/wp-json\/wp\/v2\/media\/7281"}],"wp:attachment":[{"href":"https:\/\/sutumgurme.de\/de\/wp-json\/wp\/v2\/media?parent=7280"}],"wp:term":[{"taxonomy":"product_brand","embeddable":true,"href":"https:\/\/sutumgurme.de\/de\/wp-json\/wp\/v2\/product_brand?post=7280"},{"taxonomy":"product_cat","embeddable":true,"href":"https:\/\/sutumgurme.de\/de\/wp-json\/wp\/v2\/product_cat?post=7280"},{"taxonomy":"product_tag","embeddable":true,"href":"https:\/\/sutumgurme.de\/de\/wp-json\/wp\/v2\/product_tag?post=7280"}],"curies":[{"name":"wp","href":"https:\/\/api.w.org\/{rel}","templated":true}]}}