{"id":7297,"date":"2023-05-05T11:51:58","date_gmt":"2023-05-05T11:51:58","guid":{"rendered":"https:\/\/tutusmedia.de\/sutum\/?post_type=product&#038;p=7297"},"modified":"2023-06-09T21:21:25","modified_gmt":"2023-06-09T21:21:25","slug":"suzme-yogurt-10-kova-1000g","status":"publish","type":"product","link":"https:\/\/sutumgurme.de\/de\/urunler\/suzme-yogurt-10-kova-1000g\/","title":{"rendered":"Sahne Joghurt - Eimer 1000g"},"content":{"rendered":"","protected":false},"excerpt":{"rendered":"<p>Die Joghurtarten von S\u00fct\u00fcm Gurme sind die perfekte M\u00f6glichkeit, Ihren Mahlzeiten einen frischen, reichhaltigen Geschmack zu verleihen. Eine sorgf\u00e4ltige \u00dcberwachung des Fermentationsprozesses gew\u00e4hrleistet einen besonderen Geschmack und N\u00e4hrwert Ihres Joghurts. Mit seiner dicken Konsistenz und dem nat\u00fcrlichen Geschmack k\u00f6nnen Sie mit nur einem L\u00f6ffel einen unvergesslichen Geschmack genie\u00dfen.<\/p>","protected":false},"featured_media":8610,"template":"","meta":[],"product_brand":[],"product_cat":[43],"product_tag":[],"class_list":{"0":"post-7297","1":"product","2":"type-product","3":"status-publish","4":"has-post-thumbnail","6":"product_cat-yogurt","8":"first","9":"instock","10":"shipping-taxable","11":"product-type-simple"},"_links":{"self":[{"href":"https:\/\/sutumgurme.de\/de\/wp-json\/wp\/v2\/product\/7297","targetHints":{"allow":["GET"]}}],"collection":[{"href":"https:\/\/sutumgurme.de\/de\/wp-json\/wp\/v2\/product"}],"about":[{"href":"https:\/\/sutumgurme.de\/de\/wp-json\/wp\/v2\/types\/product"}],"version-history":[{"count":3,"href":"https:\/\/sutumgurme.de\/de\/wp-json\/wp\/v2\/product\/7297\/revisions"}],"predecessor-version":[{"id":8066,"href":"https:\/\/sutumgurme.de\/de\/wp-json\/wp\/v2\/product\/7297\/revisions\/8066"}],"wp:featuredmedia":[{"embeddable":true,"href":"https:\/\/sutumgurme.de\/de\/wp-json\/wp\/v2\/media\/8610"}],"wp:attachment":[{"href":"https:\/\/sutumgurme.de\/de\/wp-json\/wp\/v2\/media?parent=7297"}],"wp:term":[{"taxonomy":"product_brand","embeddable":true,"href":"https:\/\/sutumgurme.de\/de\/wp-json\/wp\/v2\/product_brand?post=7297"},{"taxonomy":"product_cat","embeddable":true,"href":"https:\/\/sutumgurme.de\/de\/wp-json\/wp\/v2\/product_cat?post=7297"},{"taxonomy":"product_tag","embeddable":true,"href":"https:\/\/sutumgurme.de\/de\/wp-json\/wp\/v2\/product_tag?post=7297"}],"curies":[{"name":"wp","href":"https:\/\/api.w.org\/{rel}","templated":true}]}}