{"id":7313,"date":"2023-05-05T12:14:37","date_gmt":"2023-05-05T12:14:37","guid":{"rendered":"https:\/\/tutusmedia.de\/sutum\/?post_type=product&#038;p=7313"},"modified":"2023-06-09T14:37:50","modified_gmt":"2023-06-09T14:37:50","slug":"dogal-yogurt-3-5-kova-2000g","status":"publish","type":"product","link":"https:\/\/sutumgurme.de\/de\/urunler\/dogal-yogurt-3-5-kova-2000g\/","title":{"rendered":"Naturjoghurt %3,8 -Eimer 2000g"},"content":{"rendered":"","protected":false},"excerpt":{"rendered":"<p>S\u00fct\u00fcm Gurme Naturjoghurt ist die nat\u00fcrlichste Form von Joghurt. Dieser Joghurt hat einen Fettgehalt von 3,8 % und wird aus Vollmilch hergestellt. Der Naturjoghurt von S\u00fct\u00fcm Gurme zeichnet sich durch seine reichhaltige und geschmeidige Textur aus. S\u00fct\u00fcm Gurme Naturjoghurt kann zum Fr\u00fchst\u00fcck, f\u00fcr Salate, Suppen, Vorspeisen und viele andere Gerichte verwendet werden. Erleben Sie die Vorteile und den Geschmack von Joghurt mit diesem hochwertigen Produkt, das in einem 2-kg-Kunststoffeimer geliefert wird.<\/p>","protected":false},"featured_media":7314,"template":"","meta":[],"product_brand":[],"product_cat":[43],"product_tag":[],"class_list":{"0":"post-7313","1":"product","2":"type-product","3":"status-publish","4":"has-post-thumbnail","6":"product_cat-yogurt","8":"first","9":"instock","10":"shipping-taxable","11":"product-type-simple"},"_links":{"self":[{"href":"https:\/\/sutumgurme.de\/de\/wp-json\/wp\/v2\/product\/7313","targetHints":{"allow":["GET"]}}],"collection":[{"href":"https:\/\/sutumgurme.de\/de\/wp-json\/wp\/v2\/product"}],"about":[{"href":"https:\/\/sutumgurme.de\/de\/wp-json\/wp\/v2\/types\/product"}],"version-history":[{"count":5,"href":"https:\/\/sutumgurme.de\/de\/wp-json\/wp\/v2\/product\/7313\/revisions"}],"predecessor-version":[{"id":8402,"href":"https:\/\/sutumgurme.de\/de\/wp-json\/wp\/v2\/product\/7313\/revisions\/8402"}],"wp:featuredmedia":[{"embeddable":true,"href":"https:\/\/sutumgurme.de\/de\/wp-json\/wp\/v2\/media\/7314"}],"wp:attachment":[{"href":"https:\/\/sutumgurme.de\/de\/wp-json\/wp\/v2\/media?parent=7313"}],"wp:term":[{"taxonomy":"product_brand","embeddable":true,"href":"https:\/\/sutumgurme.de\/de\/wp-json\/wp\/v2\/product_brand?post=7313"},{"taxonomy":"product_cat","embeddable":true,"href":"https:\/\/sutumgurme.de\/de\/wp-json\/wp\/v2\/product_cat?post=7313"},{"taxonomy":"product_tag","embeddable":true,"href":"https:\/\/sutumgurme.de\/de\/wp-json\/wp\/v2\/product_tag?post=7313"}],"curies":[{"name":"wp","href":"https:\/\/api.w.org\/{rel}","templated":true}]}}