{"id":7323,"date":"2023-05-05T12:21:20","date_gmt":"2023-05-05T12:21:20","guid":{"rendered":"https:\/\/tutusmedia.de\/sutum\/?post_type=product&#038;p=7323"},"modified":"2023-08-01T14:42:34","modified_gmt":"2023-08-01T14:42:34","slug":"suzme-yogurt-10-kova-2000g","status":"publish","type":"product","link":"https:\/\/sutumgurme.de\/de\/urunler\/suzme-yogurt-10-kova-2000g\/","title":{"rendered":"Sahnejoghurt \u2013 Eimer 2000g"},"content":{"rendered":"","protected":false},"excerpt":{"rendered":"<p>S\u00fct\u00fcm Gurme Sahnejoghurt ist die dickste Form von Joghurt. Dieser aus hochwertiger Milch hergestellte Joghurt bietet einen gro\u00dfartigen Geschmack, der Ihren Gaumen erfreuen wird. Mit dem innovativsten Verfahren, basierend auf der Originalform, stellen wir einen cremigen, dickfl\u00fcssigen Joghurt mit 10 % Fettgehalt her. Genie\u00dfen Sie einen Sahnejoghurt in 2-Kilogramm-Eimer entweder l\u00f6ffelweise oder als Mezze.<\/p>","protected":false},"featured_media":7324,"template":"","meta":[],"product_brand":[],"product_cat":[43],"product_tag":[],"class_list":{"0":"post-7323","1":"product","2":"type-product","3":"status-publish","4":"has-post-thumbnail","6":"product_cat-yogurt","8":"first","9":"instock","10":"shipping-taxable","11":"product-type-simple"},"_links":{"self":[{"href":"https:\/\/sutumgurme.de\/de\/wp-json\/wp\/v2\/product\/7323","targetHints":{"allow":["GET"]}}],"collection":[{"href":"https:\/\/sutumgurme.de\/de\/wp-json\/wp\/v2\/product"}],"about":[{"href":"https:\/\/sutumgurme.de\/de\/wp-json\/wp\/v2\/types\/product"}],"version-history":[{"count":6,"href":"https:\/\/sutumgurme.de\/de\/wp-json\/wp\/v2\/product\/7323\/revisions"}],"predecessor-version":[{"id":9312,"href":"https:\/\/sutumgurme.de\/de\/wp-json\/wp\/v2\/product\/7323\/revisions\/9312"}],"wp:featuredmedia":[{"embeddable":true,"href":"https:\/\/sutumgurme.de\/de\/wp-json\/wp\/v2\/media\/7324"}],"wp:attachment":[{"href":"https:\/\/sutumgurme.de\/de\/wp-json\/wp\/v2\/media?parent=7323"}],"wp:term":[{"taxonomy":"product_brand","embeddable":true,"href":"https:\/\/sutumgurme.de\/de\/wp-json\/wp\/v2\/product_brand?post=7323"},{"taxonomy":"product_cat","embeddable":true,"href":"https:\/\/sutumgurme.de\/de\/wp-json\/wp\/v2\/product_cat?post=7323"},{"taxonomy":"product_tag","embeddable":true,"href":"https:\/\/sutumgurme.de\/de\/wp-json\/wp\/v2\/product_tag?post=7323"}],"curies":[{"name":"wp","href":"https:\/\/api.w.org\/{rel}","templated":true}]}}