{"id":7329,"date":"2023-05-05T12:26:59","date_gmt":"2023-05-05T12:26:59","guid":{"rendered":"https:\/\/tutusmedia.de\/sutum\/?post_type=product&#038;p=7329"},"modified":"2023-08-01T12:28:02","modified_gmt":"2023-08-01T12:28:02","slug":"tulum-peyniri-plastik-kutu-350g","status":"publish","type":"product","link":"https:\/\/sutumgurme.de\/de\/urunler\/tulum-peyniri-plastik-kutu-350g\/","title":{"rendered":"Tulum K\u00e4se \u2013 350g"},"content":{"rendered":"","protected":false},"excerpt":{"rendered":"<p>Probieren Sie den Tulum K\u00e4se unserer Marke aus, um Ihr Fr\u00fchst\u00fcck angenehmer zu gestalten. Tulum ist eine K\u00e4sesorte, die mit ihrem intensivem und herzhaftem Geschmack Sie begeistern wird. Tulum K\u00e4se, den Sie in verschiedenen Gerichten verwenden k\u00f6nnen, ist eine klassische und k\u00f6stliche Wahl f\u00fcr K\u00e4seliebhaber. Probieren Sie unbedingt diesen K\u00e4se aus, der in einer 350-Gramm-Box mit der Qualit\u00e4t von S\u00fct\u00fcm Gurme aus!<\/p>","protected":false},"featured_media":7330,"template":"","meta":[],"product_brand":[],"product_cat":[42],"product_tag":[],"class_list":{"0":"post-7329","1":"product","2":"type-product","3":"status-publish","4":"has-post-thumbnail","6":"product_cat-ozel-peynirler","8":"first","9":"instock","10":"shipping-taxable","11":"product-type-simple"},"_links":{"self":[{"href":"https:\/\/sutumgurme.de\/de\/wp-json\/wp\/v2\/product\/7329","targetHints":{"allow":["GET"]}}],"collection":[{"href":"https:\/\/sutumgurme.de\/de\/wp-json\/wp\/v2\/product"}],"about":[{"href":"https:\/\/sutumgurme.de\/de\/wp-json\/wp\/v2\/types\/product"}],"version-history":[{"count":7,"href":"https:\/\/sutumgurme.de\/de\/wp-json\/wp\/v2\/product\/7329\/revisions"}],"predecessor-version":[{"id":9293,"href":"https:\/\/sutumgurme.de\/de\/wp-json\/wp\/v2\/product\/7329\/revisions\/9293"}],"wp:featuredmedia":[{"embeddable":true,"href":"https:\/\/sutumgurme.de\/de\/wp-json\/wp\/v2\/media\/7330"}],"wp:attachment":[{"href":"https:\/\/sutumgurme.de\/de\/wp-json\/wp\/v2\/media?parent=7329"}],"wp:term":[{"taxonomy":"product_brand","embeddable":true,"href":"https:\/\/sutumgurme.de\/de\/wp-json\/wp\/v2\/product_brand?post=7329"},{"taxonomy":"product_cat","embeddable":true,"href":"https:\/\/sutumgurme.de\/de\/wp-json\/wp\/v2\/product_cat?post=7329"},{"taxonomy":"product_tag","embeddable":true,"href":"https:\/\/sutumgurme.de\/de\/wp-json\/wp\/v2\/product_tag?post=7329"}],"curies":[{"name":"wp","href":"https:\/\/api.w.org\/{rel}","templated":true}]}}