{"id":7336,"date":"2023-05-05T12:31:05","date_gmt":"2023-05-05T12:31:05","guid":{"rendered":"https:\/\/tutusmedia.de\/sutum\/?post_type=product&#038;p=7336"},"modified":"2023-08-01T15:38:06","modified_gmt":"2023-08-01T15:38:06","slug":"cokelek-peyniri-plastik-kutu-350g","status":"publish","type":"product","link":"https:\/\/sutumgurme.de\/de\/urunler\/cokelek-peyniri-plastik-kutu-350g\/","title":{"rendered":"Weichk\u00e4se -  350g"},"content":{"rendered":"","protected":false},"excerpt":{"rendered":"<p>Der Nomadenk\u00e4se C\u00f6kelek von S\u00fct\u00fcm Gurme ist in 350-Gramm-Packungen erh\u00e4ltlich und bietet K\u00e4seliebhabern eine nahrhafte M\u00f6glichkeit an als Zwischenmahlzeit. Der aus nat\u00fcrlicher, frischer Milch gewonnene C\u00f6kelek ist ein beliebter K\u00e4se f\u00fcr die Zubereitung insbesondere von Mezzes. S\u00fct\u00fcm Gurme C\u00f6kelek spricht Ihren Geschmack an, indem er harmonisch mit verschiedenen K\u00f6stlichkeiten wirkt.<\/p>","protected":false},"featured_media":7339,"template":"","meta":[],"product_brand":[],"product_cat":[42],"product_tag":[],"class_list":{"0":"post-7336","1":"product","2":"type-product","3":"status-publish","4":"has-post-thumbnail","6":"product_cat-ozel-peynirler","8":"first","9":"instock","10":"shipping-taxable","11":"product-type-simple"},"_links":{"self":[{"href":"https:\/\/sutumgurme.de\/de\/wp-json\/wp\/v2\/product\/7336","targetHints":{"allow":["GET"]}}],"collection":[{"href":"https:\/\/sutumgurme.de\/de\/wp-json\/wp\/v2\/product"}],"about":[{"href":"https:\/\/sutumgurme.de\/de\/wp-json\/wp\/v2\/types\/product"}],"version-history":[{"count":5,"href":"https:\/\/sutumgurme.de\/de\/wp-json\/wp\/v2\/product\/7336\/revisions"}],"predecessor-version":[{"id":9317,"href":"https:\/\/sutumgurme.de\/de\/wp-json\/wp\/v2\/product\/7336\/revisions\/9317"}],"wp:featuredmedia":[{"embeddable":true,"href":"https:\/\/sutumgurme.de\/de\/wp-json\/wp\/v2\/media\/7339"}],"wp:attachment":[{"href":"https:\/\/sutumgurme.de\/de\/wp-json\/wp\/v2\/media?parent=7336"}],"wp:term":[{"taxonomy":"product_brand","embeddable":true,"href":"https:\/\/sutumgurme.de\/de\/wp-json\/wp\/v2\/product_brand?post=7336"},{"taxonomy":"product_cat","embeddable":true,"href":"https:\/\/sutumgurme.de\/de\/wp-json\/wp\/v2\/product_cat?post=7336"},{"taxonomy":"product_tag","embeddable":true,"href":"https:\/\/sutumgurme.de\/de\/wp-json\/wp\/v2\/product_tag?post=7336"}],"curies":[{"name":"wp","href":"https:\/\/api.w.org\/{rel}","templated":true}]}}