{"id":7343,"date":"2023-05-05T12:38:55","date_gmt":"2023-05-05T12:38:55","guid":{"rendered":"https:\/\/tutusmedia.de\/sutum\/?post_type=product&#038;p=7343"},"modified":"2023-07-24T13:51:06","modified_gmt":"2023-07-24T13:51:06","slug":"taze-kasar-peyniri-800g","status":"publish","type":"product","link":"https:\/\/sutumgurme.de\/de\/urunler\/taze-kasar-peyniri-800g\/","title":{"rendered":"Kashkaval - 800g"},"content":{"rendered":"","protected":false},"excerpt":{"rendered":"<p>Ein Muss f\u00fcr K\u00e4seliebhaber auf dem Fr\u00fchst\u00fcckstisch! Vergessen Sie nicht, den k\u00f6stlichen Kashkaval von S\u00fct\u00fcm Gurme zu probieren! Mit einem Gewicht von 800 Gramm und einem Fettgehalt von 45 % ist dieser K\u00e4se perfekt f\u00fcr K\u00e4seliebhaber. Verteilen Sie es zum Fr\u00fchst\u00fcck auf einem knusprigen Simit, verwenden Sie es als Leckerbissen oder f\u00fcgen Sie es zu Ihren Lieblingsrezepten hinzu, um immer eine k\u00f6stliche Alternative zu haben. Probieren Sie noch heute den einzigartigen Geschmack von frischem Kashkaval.<\/p>","protected":false},"featured_media":9159,"template":"","meta":[],"product_brand":[],"product_cat":[46],"product_tag":[],"class_list":{"0":"post-7343","1":"product","2":"type-product","3":"status-publish","4":"has-post-thumbnail","6":"product_cat-kasar-peyniri","8":"first","9":"instock","10":"shipping-taxable","11":"product-type-simple"},"_links":{"self":[{"href":"https:\/\/sutumgurme.de\/de\/wp-json\/wp\/v2\/product\/7343","targetHints":{"allow":["GET"]}}],"collection":[{"href":"https:\/\/sutumgurme.de\/de\/wp-json\/wp\/v2\/product"}],"about":[{"href":"https:\/\/sutumgurme.de\/de\/wp-json\/wp\/v2\/types\/product"}],"version-history":[{"count":5,"href":"https:\/\/sutumgurme.de\/de\/wp-json\/wp\/v2\/product\/7343\/revisions"}],"predecessor-version":[{"id":8394,"href":"https:\/\/sutumgurme.de\/de\/wp-json\/wp\/v2\/product\/7343\/revisions\/8394"}],"wp:featuredmedia":[{"embeddable":true,"href":"https:\/\/sutumgurme.de\/de\/wp-json\/wp\/v2\/media\/9159"}],"wp:attachment":[{"href":"https:\/\/sutumgurme.de\/de\/wp-json\/wp\/v2\/media?parent=7343"}],"wp:term":[{"taxonomy":"product_brand","embeddable":true,"href":"https:\/\/sutumgurme.de\/de\/wp-json\/wp\/v2\/product_brand?post=7343"},{"taxonomy":"product_cat","embeddable":true,"href":"https:\/\/sutumgurme.de\/de\/wp-json\/wp\/v2\/product_cat?post=7343"},{"taxonomy":"product_tag","embeddable":true,"href":"https:\/\/sutumgurme.de\/de\/wp-json\/wp\/v2\/product_tag?post=7343"}],"curies":[{"name":"wp","href":"https:\/\/api.w.org\/{rel}","templated":true}]}}