{"id":7358,"date":"2023-05-05T12:54:23","date_gmt":"2023-05-05T12:54:23","guid":{"rendered":"https:\/\/tutusmedia.de\/sutum\/?post_type=product&#038;p=7358"},"modified":"2023-06-09T14:32:26","modified_gmt":"2023-06-09T14:32:26","slug":"ezine-yagli-kasar-peyniri-300g","status":"publish","type":"product","link":"https:\/\/sutumgurme.de\/de\/urunler\/ezine-yagli-kasar-peyniri-300g\/","title":{"rendered":"Gereifter sahniger K\u00e4se vollfettig \u2013 300g"},"content":{"rendered":"","protected":false},"excerpt":{"rendered":"<p>Sut\u00fcm Gurmes gereifter sahniger K\u00e4se ist die k\u00f6stlichste Form von Kashkaval. Dieser K\u00e4se wird aus pasteurisierter Milch hergestellt und hat einen Gesamtfettgehalt von 60 %. S\u00fct\u00fcm Gurmes gereifter sahniger K\u00e4se hat eine weiche und geschmeidige Textur. S\u00fct\u00fcm Gurmes gereifter sahniger K\u00e4se kann zum Fr\u00fchst\u00fcck, Toast, Sandwiches, Pasta und vielen anderen Gerichten verwendet werden. Genie\u00dfen Sie Kashkaval mit unserem vollfetten S\u00fct\u00fcm Gurmes gereifter sahniger K\u00e4se, der in 300-Gramm-Packungen erh\u00e4ltlich ist.<\/p>","protected":false},"featured_media":7359,"template":"","meta":[],"product_brand":[],"product_cat":[46],"product_tag":[],"class_list":{"0":"post-7358","1":"product","2":"type-product","3":"status-publish","4":"has-post-thumbnail","6":"product_cat-kasar-peyniri","8":"first","9":"instock","10":"shipping-taxable","11":"product-type-simple"},"_links":{"self":[{"href":"https:\/\/sutumgurme.de\/de\/wp-json\/wp\/v2\/product\/7358","targetHints":{"allow":["GET"]}}],"collection":[{"href":"https:\/\/sutumgurme.de\/de\/wp-json\/wp\/v2\/product"}],"about":[{"href":"https:\/\/sutumgurme.de\/de\/wp-json\/wp\/v2\/types\/product"}],"version-history":[{"count":4,"href":"https:\/\/sutumgurme.de\/de\/wp-json\/wp\/v2\/product\/7358\/revisions"}],"predecessor-version":[{"id":8397,"href":"https:\/\/sutumgurme.de\/de\/wp-json\/wp\/v2\/product\/7358\/revisions\/8397"}],"wp:featuredmedia":[{"embeddable":true,"href":"https:\/\/sutumgurme.de\/de\/wp-json\/wp\/v2\/media\/7359"}],"wp:attachment":[{"href":"https:\/\/sutumgurme.de\/de\/wp-json\/wp\/v2\/media?parent=7358"}],"wp:term":[{"taxonomy":"product_brand","embeddable":true,"href":"https:\/\/sutumgurme.de\/de\/wp-json\/wp\/v2\/product_brand?post=7358"},{"taxonomy":"product_cat","embeddable":true,"href":"https:\/\/sutumgurme.de\/de\/wp-json\/wp\/v2\/product_cat?post=7358"},{"taxonomy":"product_tag","embeddable":true,"href":"https:\/\/sutumgurme.de\/de\/wp-json\/wp\/v2\/product_tag?post=7358"}],"curies":[{"name":"wp","href":"https:\/\/api.w.org\/{rel}","templated":true}]}}