{"id":7363,"date":"2023-05-05T13:06:10","date_gmt":"2023-05-05T13:06:10","guid":{"rendered":"https:\/\/tutusmedia.de\/sutum\/?post_type=product&#038;p=7363"},"modified":"2023-07-24T13:47:05","modified_gmt":"2023-07-24T13:47:05","slug":"kuflu-peynir-vakumlu-paket-100g","status":"publish","type":"product","link":"https:\/\/sutumgurme.de\/de\/urunler\/kuflu-peynir-vakumlu-paket-100g\/","title":{"rendered":"Blauschimmelk\u00e4se - vakuumverpackt 100g"},"content":{"rendered":"","protected":false},"excerpt":{"rendered":"<p>S\u00fct\u00fcm Gurme wird Sie  mit diesem k\u00f6stlichen Blauschimmelk\u00e4se, das aus 50 % Fett besteht, begeistern. Dieser aus nat\u00fcrlicher Milch hergestellte und lange gereifte K\u00e4se bietet mit seinem intensiven Geschmack und seiner cremigen Textur ein wahres Gourmet-Erlebnis. Ob alleine genossen oder mit den Liebsten geteilt, die 100-Gramm-Packungen Blauschimmelk\u00e4se von S\u00fct\u00fcm Gurme sind immer die perfekte Wahl. Probieren Sie es jetzt aus und genie\u00dfen Sie seinen Geschmack!<\/p>","protected":false},"featured_media":9158,"template":"","meta":[],"product_brand":[],"product_cat":[48],"product_tag":[],"class_list":{"0":"post-7363","1":"product","2":"type-product","3":"status-publish","4":"has-post-thumbnail","6":"product_cat-geleneksel-peynirler","8":"first","9":"instock","10":"shipping-taxable","11":"product-type-simple"},"_links":{"self":[{"href":"https:\/\/sutumgurme.de\/de\/wp-json\/wp\/v2\/product\/7363","targetHints":{"allow":["GET"]}}],"collection":[{"href":"https:\/\/sutumgurme.de\/de\/wp-json\/wp\/v2\/product"}],"about":[{"href":"https:\/\/sutumgurme.de\/de\/wp-json\/wp\/v2\/types\/product"}],"version-history":[{"count":6,"href":"https:\/\/sutumgurme.de\/de\/wp-json\/wp\/v2\/product\/7363\/revisions"}],"predecessor-version":[{"id":8385,"href":"https:\/\/sutumgurme.de\/de\/wp-json\/wp\/v2\/product\/7363\/revisions\/8385"}],"wp:featuredmedia":[{"embeddable":true,"href":"https:\/\/sutumgurme.de\/de\/wp-json\/wp\/v2\/media\/9158"}],"wp:attachment":[{"href":"https:\/\/sutumgurme.de\/de\/wp-json\/wp\/v2\/media?parent=7363"}],"wp:term":[{"taxonomy":"product_brand","embeddable":true,"href":"https:\/\/sutumgurme.de\/de\/wp-json\/wp\/v2\/product_brand?post=7363"},{"taxonomy":"product_cat","embeddable":true,"href":"https:\/\/sutumgurme.de\/de\/wp-json\/wp\/v2\/product_cat?post=7363"},{"taxonomy":"product_tag","embeddable":true,"href":"https:\/\/sutumgurme.de\/de\/wp-json\/wp\/v2\/product_tag?post=7363"}],"curies":[{"name":"wp","href":"https:\/\/api.w.org\/{rel}","templated":true}]}}