{"id":7368,"date":"2023-05-05T13:10:19","date_gmt":"2023-05-05T13:10:19","guid":{"rendered":"https:\/\/tutusmedia.de\/sutum\/?post_type=product&#038;p=7368"},"modified":"2023-07-24T14:05:18","modified_gmt":"2023-07-24T14:05:18","slug":"kelle-kasar-peyniri-vakumlu-paket-300g","status":"publish","type":"product","link":"https:\/\/sutumgurme.de\/de\/urunler\/kelle-kasar-peyniri-vakumlu-paket-300g\/","title":{"rendered":"K\u00e4selaib-Kashkaval - vakuumverpackt 300g"},"content":{"rendered":"","protected":false},"excerpt":{"rendered":"<p>Zu den k\u00f6stlichen und hochwertigen Produkten von S\u00fct\u00fcm Gurme geh\u00f6rt auch K\u00e4selaib-Kashkaval. Dieser K\u00e4se wird durch das H\u00e4rten von frisch gereiftem Kashkaval-Teig in einem speziellen Verfahren hergestellt. K\u00e4selaib-Kashkaval kann ein Grundnahrungsmittel zum Fr\u00fchst\u00fcck oder ein beliebter Snack sein. Besonders lecker schmeckt es mit Simit oder Toast. Wie alle unsere Produkte wird auch unser K\u00e4selaib-Kashkaval aus den hochwertigsten nat\u00fcrlichen Zutaten hergestellt. Probieren Sie S\u00fct\u00fcm Gurmes k\u00f6stlichen K\u00e4selaib-Kashkaval mit 45 % Fett und finden Sie den Geschmack, der zu Ihrem Gaumen passt.<\/p>","protected":false},"featured_media":9163,"template":"","meta":[],"product_brand":[],"product_cat":[46],"product_tag":[],"class_list":{"0":"post-7368","1":"product","2":"type-product","3":"status-publish","4":"has-post-thumbnail","6":"product_cat-kasar-peyniri","8":"first","9":"instock","10":"shipping-taxable","11":"product-type-simple"},"_links":{"self":[{"href":"https:\/\/sutumgurme.de\/de\/wp-json\/wp\/v2\/product\/7368","targetHints":{"allow":["GET"]}}],"collection":[{"href":"https:\/\/sutumgurme.de\/de\/wp-json\/wp\/v2\/product"}],"about":[{"href":"https:\/\/sutumgurme.de\/de\/wp-json\/wp\/v2\/types\/product"}],"version-history":[{"count":5,"href":"https:\/\/sutumgurme.de\/de\/wp-json\/wp\/v2\/product\/7368\/revisions"}],"predecessor-version":[{"id":8396,"href":"https:\/\/sutumgurme.de\/de\/wp-json\/wp\/v2\/product\/7368\/revisions\/8396"}],"wp:featuredmedia":[{"embeddable":true,"href":"https:\/\/sutumgurme.de\/de\/wp-json\/wp\/v2\/media\/9163"}],"wp:attachment":[{"href":"https:\/\/sutumgurme.de\/de\/wp-json\/wp\/v2\/media?parent=7368"}],"wp:term":[{"taxonomy":"product_brand","embeddable":true,"href":"https:\/\/sutumgurme.de\/de\/wp-json\/wp\/v2\/product_brand?post=7368"},{"taxonomy":"product_cat","embeddable":true,"href":"https:\/\/sutumgurme.de\/de\/wp-json\/wp\/v2\/product_cat?post=7368"},{"taxonomy":"product_tag","embeddable":true,"href":"https:\/\/sutumgurme.de\/de\/wp-json\/wp\/v2\/product_tag?post=7368"}],"curies":[{"name":"wp","href":"https:\/\/api.w.org\/{rel}","templated":true}]}}