{"id":7380,"date":"2023-05-05T14:51:30","date_gmt":"2023-05-05T14:51:30","guid":{"rendered":"https:\/\/tutusmedia.de\/sutum\/?post_type=product&#038;p=7380"},"modified":"2023-08-01T13:00:05","modified_gmt":"2023-08-01T13:00:05","slug":"izgara-peyniri-vakumlu-paket-200g","status":"publish","type":"product","link":"https:\/\/sutumgurme.de\/de\/urunler\/izgara-peyniri-vakumlu-paket-200g\/","title":{"rendered":"Grillk\u00e4se - vakuumverpackt 200g"},"content":{"rendered":"","protected":false},"excerpt":{"rendered":"<p class=\"translation-block\">Machen Sie sich bereit f\u00fcr eine Feier mit Grillk\u00e4se von S\u00fct\u00fcm Gurme, das speziell hergestellt wurde. Grillk\u00e4se, der zu gebratenem Gem\u00fcse sehr gut passt, sorgt f\u00fcr neuen Schwung in Ihrem Tisch. Treten Sie ein in die au\u00dfergew\u00f6hnliche Welt des Geschmacks, indem Sie diesen K\u00e4se probieren, der Sie mit seiner einzigartigen Textur und seinem einzigartigen Geschmack begeistern wird.<\/p>","protected":false},"featured_media":9153,"template":"","meta":[],"product_brand":[],"product_cat":[42],"product_tag":[],"class_list":{"0":"post-7380","1":"product","2":"type-product","3":"status-publish","4":"has-post-thumbnail","6":"product_cat-ozel-peynirler","8":"first","9":"instock","10":"shipping-taxable","11":"product-type-simple"},"_links":{"self":[{"href":"https:\/\/sutumgurme.de\/de\/wp-json\/wp\/v2\/product\/7380","targetHints":{"allow":["GET"]}}],"collection":[{"href":"https:\/\/sutumgurme.de\/de\/wp-json\/wp\/v2\/product"}],"about":[{"href":"https:\/\/sutumgurme.de\/de\/wp-json\/wp\/v2\/types\/product"}],"version-history":[{"count":4,"href":"https:\/\/sutumgurme.de\/de\/wp-json\/wp\/v2\/product\/7380\/revisions"}],"predecessor-version":[{"id":9296,"href":"https:\/\/sutumgurme.de\/de\/wp-json\/wp\/v2\/product\/7380\/revisions\/9296"}],"wp:featuredmedia":[{"embeddable":true,"href":"https:\/\/sutumgurme.de\/de\/wp-json\/wp\/v2\/media\/9153"}],"wp:attachment":[{"href":"https:\/\/sutumgurme.de\/de\/wp-json\/wp\/v2\/media?parent=7380"}],"wp:term":[{"taxonomy":"product_brand","embeddable":true,"href":"https:\/\/sutumgurme.de\/de\/wp-json\/wp\/v2\/product_brand?post=7380"},{"taxonomy":"product_cat","embeddable":true,"href":"https:\/\/sutumgurme.de\/de\/wp-json\/wp\/v2\/product_cat?post=7380"},{"taxonomy":"product_tag","embeddable":true,"href":"https:\/\/sutumgurme.de\/de\/wp-json\/wp\/v2\/product_tag?post=7380"}],"curies":[{"name":"wp","href":"https:\/\/api.w.org\/{rel}","templated":true}]}}