{"id":7385,"date":"2023-05-05T14:58:03","date_gmt":"2023-05-05T14:58:03","guid":{"rendered":"https:\/\/tutusmedia.de\/sutum\/?post_type=product&#038;p=7385"},"modified":"2026-03-27T09:40:13","modified_gmt":"2026-03-27T09:40:13","slug":"beyaz-peynir-%45-vakumlu-paket-180g","status":"publish","type":"product","link":"https:\/\/sutumgurme.de\/de\/urunler\/beyaz-peynir-%45-vakumlu-paket-180g\/","title":{"rendered":"Beyaz Peynir %45 &#8211; Vakumlu Paket 180g"},"content":{"rendered":"","protected":false},"excerpt":{"rendered":"<p>Genie\u00dfen Sie traditionellen K\u00e4se mit unserer Marke S\u00fct\u00fcm Gurme Hirtenk\u00e4se. Mit einem Fettgehalt von 45% hat dieser K\u00e4se einen reichen, k\u00f6stlichen Geschmack und ist f\u00fcr Vegetarier geeignet. Bereichern Sie Ihr Fr\u00fchst\u00fcck und entdecken Sie einzigartige Geschmacksrichtungen mit diesem k\u00f6stlichen K\u00e4se der Marke S\u00fct\u00fcm.<\/p>","protected":false},"featured_media":9437,"template":"","meta":[],"product_brand":[],"product_cat":[15],"product_tag":[],"class_list":{"0":"post-7385","1":"product","2":"type-product","3":"status-publish","4":"has-post-thumbnail","6":"product_cat-beyaz-peynir","8":"first","9":"instock","10":"shipping-taxable","11":"product-type-simple"},"_links":{"self":[{"href":"https:\/\/sutumgurme.de\/de\/wp-json\/wp\/v2\/product\/7385","targetHints":{"allow":["GET"]}}],"collection":[{"href":"https:\/\/sutumgurme.de\/de\/wp-json\/wp\/v2\/product"}],"about":[{"href":"https:\/\/sutumgurme.de\/de\/wp-json\/wp\/v2\/types\/product"}],"version-history":[{"count":6,"href":"https:\/\/sutumgurme.de\/de\/wp-json\/wp\/v2\/product\/7385\/revisions"}],"predecessor-version":[{"id":9558,"href":"https:\/\/sutumgurme.de\/de\/wp-json\/wp\/v2\/product\/7385\/revisions\/9558"}],"wp:featuredmedia":[{"embeddable":true,"href":"https:\/\/sutumgurme.de\/de\/wp-json\/wp\/v2\/media\/9437"}],"wp:attachment":[{"href":"https:\/\/sutumgurme.de\/de\/wp-json\/wp\/v2\/media?parent=7385"}],"wp:term":[{"taxonomy":"product_brand","embeddable":true,"href":"https:\/\/sutumgurme.de\/de\/wp-json\/wp\/v2\/product_brand?post=7385"},{"taxonomy":"product_cat","embeddable":true,"href":"https:\/\/sutumgurme.de\/de\/wp-json\/wp\/v2\/product_cat?post=7385"},{"taxonomy":"product_tag","embeddable":true,"href":"https:\/\/sutumgurme.de\/de\/wp-json\/wp\/v2\/product_tag?post=7385"}],"curies":[{"name":"wp","href":"https:\/\/api.w.org\/{rel}","templated":true}]}}