{"id":7390,"date":"2023-05-05T15:02:10","date_gmt":"2023-05-05T15:02:10","guid":{"rendered":"https:\/\/tutusmedia.de\/sutum\/?post_type=product&#038;p=7390"},"modified":"2023-08-22T00:36:40","modified_gmt":"2023-08-22T00:36:40","slug":"koyun-peyniri-vakumlu-paket-150g","status":"publish","type":"product","link":"https:\/\/sutumgurme.de\/de\/urunler\/koyun-peyniri-vakumlu-paket-150g\/","title":{"rendered":"Schafsk\u00e4se - Vakuumverpackung 150g"},"content":{"rendered":"","protected":false},"excerpt":{"rendered":"<p>Der Schafsk\u00e4se von S\u00fct\u00fcm Gurme wird traditionell aus hochwertiger Milch hergestellt. Dieser K\u00e4se mit einem unterschiedlich intensiven Geschmack und Qualit\u00e4t hinterl\u00e4sst einen tollen Nachgeschmack und ist somit f\u00fcr Ihr Fr\u00fchst\u00fcck unverzichtbar. Mit dem Schafsk\u00e4se von S\u00fct\u00fcm Gurme wird Ihr Fr\u00fchst\u00fcck noch schmackhafter!<\/p>\n<p>Verfeinern Sie Ihre Mahlzeiten mit dem Schafsk\u00e4se von S\u00fct\u00fcm Gurme in der 150-Gramm-Vakuumverpackung. Insbesondere eignet sich dieser K\u00e4se hervorragend f\u00fcr die Verwendung bei B\u00f6rek und Salaten. Vergessen Sie nicht, den Schafsk\u00e4se von S\u00fct\u00fcm Gurme zu probieren!<\/p>","protected":false},"featured_media":9426,"template":"","meta":[],"product_brand":[],"product_cat":[48],"product_tag":[],"class_list":{"0":"post-7390","1":"product","2":"type-product","3":"status-publish","4":"has-post-thumbnail","6":"product_cat-geleneksel-peynirler","8":"first","9":"instock","10":"shipping-taxable","11":"product-type-simple"},"_links":{"self":[{"href":"https:\/\/sutumgurme.de\/de\/wp-json\/wp\/v2\/product\/7390","targetHints":{"allow":["GET"]}}],"collection":[{"href":"https:\/\/sutumgurme.de\/de\/wp-json\/wp\/v2\/product"}],"about":[{"href":"https:\/\/sutumgurme.de\/de\/wp-json\/wp\/v2\/types\/product"}],"version-history":[{"count":7,"href":"https:\/\/sutumgurme.de\/de\/wp-json\/wp\/v2\/product\/7390\/revisions"}],"predecessor-version":[{"id":9436,"href":"https:\/\/sutumgurme.de\/de\/wp-json\/wp\/v2\/product\/7390\/revisions\/9436"}],"wp:featuredmedia":[{"embeddable":true,"href":"https:\/\/sutumgurme.de\/de\/wp-json\/wp\/v2\/media\/9426"}],"wp:attachment":[{"href":"https:\/\/sutumgurme.de\/de\/wp-json\/wp\/v2\/media?parent=7390"}],"wp:term":[{"taxonomy":"product_brand","embeddable":true,"href":"https:\/\/sutumgurme.de\/de\/wp-json\/wp\/v2\/product_brand?post=7390"},{"taxonomy":"product_cat","embeddable":true,"href":"https:\/\/sutumgurme.de\/de\/wp-json\/wp\/v2\/product_cat?post=7390"},{"taxonomy":"product_tag","embeddable":true,"href":"https:\/\/sutumgurme.de\/de\/wp-json\/wp\/v2\/product_tag?post=7390"}],"curies":[{"name":"wp","href":"https:\/\/api.w.org\/{rel}","templated":true}]}}