{"id":7395,"date":"2023-05-05T15:05:49","date_gmt":"2023-05-05T15:05:49","guid":{"rendered":"https:\/\/tutusmedia.de\/sutum\/?post_type=product&#038;p=7395"},"modified":"2023-08-21T23:05:00","modified_gmt":"2023-08-21T23:05:00","slug":"manda-peyniri-vakumlu-paket-150g","status":"publish","type":"product","link":"https:\/\/sutumgurme.de\/de\/urunler\/manda-peyniri-vakumlu-paket-150g\/","title":{"rendered":"B\u00fcffelk\u00e4se \u2013 Vakuumverpackung 150g"},"content":{"rendered":"","protected":false},"excerpt":{"rendered":"<p>M\u00f6chten Sie den Tag nicht mit einem einzigartigen Geschmack beginnen? Dann sollten Sie diesen speziellen K\u00e4se erleben, der die Mischung  aus Buchweizenbrot, Tomaten, Gurken, Paprika und w\u00fcrzigem Oliven\u00f6l begleitet! eder Bissen schmilzt im Mund und hinterl\u00e4sst einen so einzigartigen Geschmack. B\u00fcffelk\u00e4se ist eine der angenehmsten K\u00e4sesorten, die Sie zu Hause zubereiten k\u00f6nnen.<\/p>\n<p>Dieser k\u00f6stliche K\u00e4se wird in einer 150-Gramm-Vakuumverpackung geliefert und gibt Ihnen zus\u00e4tzliche Energie f\u00fcr den Tag. Alleine zu essen bereitet unglaublich viel Freude und sorgt f\u00fcr einen guten Start in den Tag. Erleben Sie den perfekten Geschmack dieses K\u00e4ses f\u00fcr einen unvergesslichen Start in den Tag.<\/p>","protected":false},"featured_media":9417,"template":"","meta":[],"product_brand":[],"product_cat":[48],"product_tag":[],"class_list":{"0":"post-7395","1":"product","2":"type-product","3":"status-publish","4":"has-post-thumbnail","6":"product_cat-geleneksel-peynirler","8":"first","9":"instock","10":"shipping-taxable","11":"product-type-simple"},"_links":{"self":[{"href":"https:\/\/sutumgurme.de\/de\/wp-json\/wp\/v2\/product\/7395","targetHints":{"allow":["GET"]}}],"collection":[{"href":"https:\/\/sutumgurme.de\/de\/wp-json\/wp\/v2\/product"}],"about":[{"href":"https:\/\/sutumgurme.de\/de\/wp-json\/wp\/v2\/types\/product"}],"version-history":[{"count":6,"href":"https:\/\/sutumgurme.de\/de\/wp-json\/wp\/v2\/product\/7395\/revisions"}],"predecessor-version":[{"id":9419,"href":"https:\/\/sutumgurme.de\/de\/wp-json\/wp\/v2\/product\/7395\/revisions\/9419"}],"wp:featuredmedia":[{"embeddable":true,"href":"https:\/\/sutumgurme.de\/de\/wp-json\/wp\/v2\/media\/9417"}],"wp:attachment":[{"href":"https:\/\/sutumgurme.de\/de\/wp-json\/wp\/v2\/media?parent=7395"}],"wp:term":[{"taxonomy":"product_brand","embeddable":true,"href":"https:\/\/sutumgurme.de\/de\/wp-json\/wp\/v2\/product_brand?post=7395"},{"taxonomy":"product_cat","embeddable":true,"href":"https:\/\/sutumgurme.de\/de\/wp-json\/wp\/v2\/product_cat?post=7395"},{"taxonomy":"product_tag","embeddable":true,"href":"https:\/\/sutumgurme.de\/de\/wp-json\/wp\/v2\/product_tag?post=7395"}],"curies":[{"name":"wp","href":"https:\/\/api.w.org\/{rel}","templated":true}]}}