{"id":7400,"date":"2023-05-05T15:09:06","date_gmt":"2023-05-05T15:09:06","guid":{"rendered":"https:\/\/tutusmedia.de\/sutum\/?post_type=product&#038;p=7400"},"modified":"2023-08-21T23:03:50","modified_gmt":"2023-08-21T23:03:50","slug":"keci-peyniri-vakumlu-paket-150g","status":"publish","type":"product","link":"https:\/\/sutumgurme.de\/de\/urunler\/keci-peyniri-vakumlu-paket-150g\/","title":{"rendered":"Ziegenk\u00e4se Vakuumverpackung 150g"},"content":{"rendered":"","protected":false},"excerpt":{"rendered":"<p>Dieser K\u00e4se von S\u00fct\u00fcm Gurme wird in 150-Gramm-Vakuumverpackungen angeboten und zeichnet sich durch seinen einzigartigen Geschmack, seine Textur und seinen N\u00e4hrwert aus. Mit seinem einzigartig s\u00e4uerlichen Geschmack ist dieser K\u00e4se eine tolle Alternative f\u00fcr Kuhmilchallergiker.<\/p>\n<p>S\u00fct\u00fcm Gurme Ziegenk\u00e4se ist glatt und cremig. Dieser K\u00e4se schmeckt besonders gut in Sandwiches, Wraps und Toast. Probieren Sie unbedingt den Ziegenk\u00e4se von S\u00fct\u00fcm Gurme, der dem traditionellen Rezept treu bleibt.<\/p>","protected":false},"featured_media":9420,"template":"","meta":[],"product_brand":[],"product_cat":[48],"product_tag":[],"class_list":{"0":"post-7400","1":"product","2":"type-product","3":"status-publish","4":"has-post-thumbnail","6":"product_cat-geleneksel-peynirler","8":"first","9":"instock","10":"shipping-taxable","11":"product-type-simple"},"_links":{"self":[{"href":"https:\/\/sutumgurme.de\/de\/wp-json\/wp\/v2\/product\/7400","targetHints":{"allow":["GET"]}}],"collection":[{"href":"https:\/\/sutumgurme.de\/de\/wp-json\/wp\/v2\/product"}],"about":[{"href":"https:\/\/sutumgurme.de\/de\/wp-json\/wp\/v2\/types\/product"}],"version-history":[{"count":6,"href":"https:\/\/sutumgurme.de\/de\/wp-json\/wp\/v2\/product\/7400\/revisions"}],"predecessor-version":[{"id":9421,"href":"https:\/\/sutumgurme.de\/de\/wp-json\/wp\/v2\/product\/7400\/revisions\/9421"}],"wp:featuredmedia":[{"embeddable":true,"href":"https:\/\/sutumgurme.de\/de\/wp-json\/wp\/v2\/media\/9420"}],"wp:attachment":[{"href":"https:\/\/sutumgurme.de\/de\/wp-json\/wp\/v2\/media?parent=7400"}],"wp:term":[{"taxonomy":"product_brand","embeddable":true,"href":"https:\/\/sutumgurme.de\/de\/wp-json\/wp\/v2\/product_brand?post=7400"},{"taxonomy":"product_cat","embeddable":true,"href":"https:\/\/sutumgurme.de\/de\/wp-json\/wp\/v2\/product_cat?post=7400"},{"taxonomy":"product_tag","embeddable":true,"href":"https:\/\/sutumgurme.de\/de\/wp-json\/wp\/v2\/product_tag?post=7400"}],"curies":[{"name":"wp","href":"https:\/\/api.w.org\/{rel}","templated":true}]}}