{"id":7405,"date":"2023-05-05T15:12:52","date_gmt":"2023-05-05T15:12:52","guid":{"rendered":"https:\/\/tutusmedia.de\/sutum\/?post_type=product&#038;p=7405"},"modified":"2023-08-01T14:24:16","modified_gmt":"2023-08-01T14:24:16","slug":"cecil-peyniri-vakumlu-paket-225g","status":"publish","type":"product","link":"https:\/\/sutumgurme.de\/de\/urunler\/cecil-peyniri-vakumlu-paket-225g\/","title":{"rendered":"Cecil Zupfk\u00e4se - vakuumverpackt 225g"},"content":{"rendered":"","protected":false},"excerpt":{"rendered":"<p>S\u00fct\u00fcm Gurme Cecil Zupfk\u00e4se ist ein einzigartiger Geschmack, der zu jeder Mahlzeit vom Fr\u00fchst\u00fcck bis zum Abendessen verwendet werden kann. Dieser K\u00e4se wird aus Vollmilch hergestellt und hat eine schmelzbare Struktur. Dieser tolle Geschmack ist mehr als nur ein K\u00e4se zum Fr\u00fchst\u00fcck. Cecil Zupfk\u00e4se verleiht einen ungew\u00f6hnlichen Geschmack, wenn er in Borek, Pogaca, Pizza, Omeletts, Muffins, Kuchen, Pfannen Borek und Nudeln im Ofen verwendet wird. Kreieren Sie k\u00f6stliche und praktische Gerichte mit dem S\u00fct\u00fcm Gurme Cecil Zupfk\u00e4se, der in einer 225-Gramm-Vakuumverpackung geliefert wird.<\/p>","protected":false},"featured_media":7406,"template":"","meta":[],"product_brand":[],"product_cat":[42],"product_tag":[],"class_list":{"0":"post-7405","1":"product","2":"type-product","3":"status-publish","4":"has-post-thumbnail","6":"product_cat-ozel-peynirler","8":"first","9":"instock","10":"shipping-taxable","11":"product-type-simple"},"_links":{"self":[{"href":"https:\/\/sutumgurme.de\/de\/wp-json\/wp\/v2\/product\/7405","targetHints":{"allow":["GET"]}}],"collection":[{"href":"https:\/\/sutumgurme.de\/de\/wp-json\/wp\/v2\/product"}],"about":[{"href":"https:\/\/sutumgurme.de\/de\/wp-json\/wp\/v2\/types\/product"}],"version-history":[{"count":7,"href":"https:\/\/sutumgurme.de\/de\/wp-json\/wp\/v2\/product\/7405\/revisions"}],"predecessor-version":[{"id":9308,"href":"https:\/\/sutumgurme.de\/de\/wp-json\/wp\/v2\/product\/7405\/revisions\/9308"}],"wp:featuredmedia":[{"embeddable":true,"href":"https:\/\/sutumgurme.de\/de\/wp-json\/wp\/v2\/media\/7406"}],"wp:attachment":[{"href":"https:\/\/sutumgurme.de\/de\/wp-json\/wp\/v2\/media?parent=7405"}],"wp:term":[{"taxonomy":"product_brand","embeddable":true,"href":"https:\/\/sutumgurme.de\/de\/wp-json\/wp\/v2\/product_brand?post=7405"},{"taxonomy":"product_cat","embeddable":true,"href":"https:\/\/sutumgurme.de\/de\/wp-json\/wp\/v2\/product_cat?post=7405"},{"taxonomy":"product_tag","embeddable":true,"href":"https:\/\/sutumgurme.de\/de\/wp-json\/wp\/v2\/product_tag?post=7405"}],"curies":[{"name":"wp","href":"https:\/\/api.w.org\/{rel}","templated":true}]}}