{"id":7410,"date":"2023-05-05T15:18:09","date_gmt":"2023-05-05T15:18:09","guid":{"rendered":"https:\/\/tutusmedia.de\/sutum\/?post_type=product&#038;p=7410"},"modified":"2023-08-01T14:17:24","modified_gmt":"2023-08-01T14:17:24","slug":"kaymak-teneke-kutu-175g","status":"publish","type":"product","link":"https:\/\/sutumgurme.de\/de\/urunler\/kaymak-teneke-kutu-175g\/","title":{"rendered":"Kaymak Rahmerzeugnis, 175g"},"content":{"rendered":"","protected":false},"excerpt":{"rendered":"<p>Dieses Rahmerzeugnis wird durch Melken der cremigen Oberschicht gewonnen, die dann beim Erhitzen nach und nach entfernt wird. Allerdings wird Kaymak etwas st\u00e4rker erhitzt, was ihn langlebiger macht.<br \/>\nDieser kraftvolle Geschmack schenkt jedem Genuss eine ganz besondere Note! Marmelade, Honig und Sirup erheben sich mit dieser unwiderstehlichen Geschmacksexplosion und verwandeln sich in einen Biss, von dem man einfach nicht genug bekommen kann. Die 175-Gramm-Dose von S\u00fct\u00fcm Gurme bietet samtigen Rahmerzeugnis, die Ihre Fr\u00fchst\u00fccke auf ein ganz neues Level hebt. Gleichzeitig werden Ihre s\u00fc\u00dfen K\u00f6stlichkeiten wie Baklava und K\u00fcnefe zu wahren Leckereien mit einer Geschmacksexplosion.<\/p>","protected":false},"featured_media":7411,"template":"","meta":[],"product_brand":[],"product_cat":[44],"product_tag":[],"class_list":{"0":"post-7410","1":"product","2":"type-product","3":"status-publish","4":"has-post-thumbnail","6":"product_cat-kaymak","8":"first","9":"instock","10":"shipping-taxable","11":"product-type-simple"},"_links":{"self":[{"href":"https:\/\/sutumgurme.de\/de\/wp-json\/wp\/v2\/product\/7410","targetHints":{"allow":["GET"]}}],"collection":[{"href":"https:\/\/sutumgurme.de\/de\/wp-json\/wp\/v2\/product"}],"about":[{"href":"https:\/\/sutumgurme.de\/de\/wp-json\/wp\/v2\/types\/product"}],"version-history":[{"count":5,"href":"https:\/\/sutumgurme.de\/de\/wp-json\/wp\/v2\/product\/7410\/revisions"}],"predecessor-version":[{"id":9307,"href":"https:\/\/sutumgurme.de\/de\/wp-json\/wp\/v2\/product\/7410\/revisions\/9307"}],"wp:featuredmedia":[{"embeddable":true,"href":"https:\/\/sutumgurme.de\/de\/wp-json\/wp\/v2\/media\/7411"}],"wp:attachment":[{"href":"https:\/\/sutumgurme.de\/de\/wp-json\/wp\/v2\/media?parent=7410"}],"wp:term":[{"taxonomy":"product_brand","embeddable":true,"href":"https:\/\/sutumgurme.de\/de\/wp-json\/wp\/v2\/product_brand?post=7410"},{"taxonomy":"product_cat","embeddable":true,"href":"https:\/\/sutumgurme.de\/de\/wp-json\/wp\/v2\/product_cat?post=7410"},{"taxonomy":"product_tag","embeddable":true,"href":"https:\/\/sutumgurme.de\/de\/wp-json\/wp\/v2\/product_tag?post=7410"}],"curies":[{"name":"wp","href":"https:\/\/api.w.org\/{rel}","templated":true}]}}