{"id":7416,"date":"2023-05-05T15:21:33","date_gmt":"2023-05-05T15:21:33","guid":{"rendered":"https:\/\/tutusmedia.de\/sutum\/?post_type=product&#038;p=7416"},"modified":"2023-06-02T22:30:27","modified_gmt":"2023-06-02T22:30:27","slug":"bal-aromali-kaymak-teneke-kutu-175g","status":"publish","type":"product","link":"https:\/\/sutumgurme.de\/de\/urunler\/bal-aromali-kaymak-teneke-kutu-175g\/","title":{"rendered":"Kaymak Rahm mit Honig Geschmack 175g"},"content":{"rendered":"","protected":false},"excerpt":{"rendered":"<p>S\u00fct\u00fcm Gurme Rahmerzeugnis mit Honig ist perfekt zum Fr\u00fchst\u00fcck. Die reichhaltige Textur des Rahms und der herzhafte Honiggeschmack sorgen f\u00fcr einen exquisiten Geschmack. Der S\u00fct\u00fcm Gurme Rahmerzeugnis mit Honiggeschmack ist ein k\u00f6stlicher Brotaufstrich.  F\u00fcgen Sie es zu Desserts hinzu, um einen anderen Geschmack zu erhalten. S\u00fct\u00fcm Gurme Rahmerzeugnis mit Honiggeschmack, angeboten in einer 175-Gramm-Dose, macht das Fr\u00fchst\u00fcck s\u00fc\u00dfer und Desserts zu etwas Besonderem.<\/p>","protected":false},"featured_media":7417,"template":"","meta":[],"product_brand":[],"product_cat":[44],"product_tag":[],"class_list":{"0":"post-7416","1":"product","2":"type-product","3":"status-publish","4":"has-post-thumbnail","6":"product_cat-kaymak","8":"first","9":"instock","10":"shipping-taxable","11":"product-type-simple"},"_links":{"self":[{"href":"https:\/\/sutumgurme.de\/de\/wp-json\/wp\/v2\/product\/7416","targetHints":{"allow":["GET"]}}],"collection":[{"href":"https:\/\/sutumgurme.de\/de\/wp-json\/wp\/v2\/product"}],"about":[{"href":"https:\/\/sutumgurme.de\/de\/wp-json\/wp\/v2\/types\/product"}],"version-history":[{"count":5,"href":"https:\/\/sutumgurme.de\/de\/wp-json\/wp\/v2\/product\/7416\/revisions"}],"predecessor-version":[{"id":8403,"href":"https:\/\/sutumgurme.de\/de\/wp-json\/wp\/v2\/product\/7416\/revisions\/8403"}],"wp:featuredmedia":[{"embeddable":true,"href":"https:\/\/sutumgurme.de\/de\/wp-json\/wp\/v2\/media\/7417"}],"wp:attachment":[{"href":"https:\/\/sutumgurme.de\/de\/wp-json\/wp\/v2\/media?parent=7416"}],"wp:term":[{"taxonomy":"product_brand","embeddable":true,"href":"https:\/\/sutumgurme.de\/de\/wp-json\/wp\/v2\/product_brand?post=7416"},{"taxonomy":"product_cat","embeddable":true,"href":"https:\/\/sutumgurme.de\/de\/wp-json\/wp\/v2\/product_cat?post=7416"},{"taxonomy":"product_tag","embeddable":true,"href":"https:\/\/sutumgurme.de\/de\/wp-json\/wp\/v2\/product_tag?post=7416"}],"curies":[{"name":"wp","href":"https:\/\/api.w.org\/{rel}","templated":true}]}}