{"id":7426,"date":"2023-05-05T15:32:49","date_gmt":"2023-05-05T15:32:49","guid":{"rendered":"https:\/\/tutusmedia.de\/sutum\/?post_type=product&#038;p=7426"},"modified":"2023-06-09T14:42:07","modified_gmt":"2023-06-09T14:42:07","slug":"manda-yogurdu-kova-kutu-500g","status":"publish","type":"product","link":"https:\/\/sutumgurme.de\/de\/urunler\/manda-yogurdu-kova-kutu-500g\/","title":{"rendered":"B\u00fcffeljoghurt \n\u2013 Eimer 500g"},"content":{"rendered":"","protected":false},"excerpt":{"rendered":"<p>B\u00fcffeljoghurt hat einen einzigartigen Geschmack und eine einzigartige Textur, die mit Kuhmilchjoghurt oder Ziegenjoghurt nicht zu vergleichen ist. B\u00fcffeljoghurt zeichnet sich durch seine reichhaltige, fettige Textur aus, die einen angenehmen Geschmack im Mund hinterl\u00e4sst und ihn f\u00fcr Joghurtliebhaber unwiderstehlich macht. Andere Joghurts werden schnell w\u00e4ssrig, aber B\u00fcffeljoghurt beh\u00e4lt seinen Geschmack und seine reichhaltige Textur. Dar\u00fcber hinaus l\u00e4dt das angenehme Aroma von B\u00fcffeljoghurt zu einem unvergesslichen Geschmack ein. Probieren Sie S\u00fct\u00fcm Gurme B\u00fcffeljoghurt, und lassen Sie sich von der Qualit\u00e4t \u00fcberzeugen.<\/p>","protected":false},"featured_media":7427,"template":"","meta":[],"product_brand":[],"product_cat":[43],"product_tag":[],"class_list":{"0":"post-7426","1":"product","2":"type-product","3":"status-publish","4":"has-post-thumbnail","6":"product_cat-yogurt","8":"first","9":"instock","10":"shipping-taxable","11":"product-type-simple"},"_links":{"self":[{"href":"https:\/\/sutumgurme.de\/de\/wp-json\/wp\/v2\/product\/7426","targetHints":{"allow":["GET"]}}],"collection":[{"href":"https:\/\/sutumgurme.de\/de\/wp-json\/wp\/v2\/product"}],"about":[{"href":"https:\/\/sutumgurme.de\/de\/wp-json\/wp\/v2\/types\/product"}],"version-history":[{"count":5,"href":"https:\/\/sutumgurme.de\/de\/wp-json\/wp\/v2\/product\/7426\/revisions"}],"predecessor-version":[{"id":8399,"href":"https:\/\/sutumgurme.de\/de\/wp-json\/wp\/v2\/product\/7426\/revisions\/8399"}],"wp:featuredmedia":[{"embeddable":true,"href":"https:\/\/sutumgurme.de\/de\/wp-json\/wp\/v2\/media\/7427"}],"wp:attachment":[{"href":"https:\/\/sutumgurme.de\/de\/wp-json\/wp\/v2\/media?parent=7426"}],"wp:term":[{"taxonomy":"product_brand","embeddable":true,"href":"https:\/\/sutumgurme.de\/de\/wp-json\/wp\/v2\/product_brand?post=7426"},{"taxonomy":"product_cat","embeddable":true,"href":"https:\/\/sutumgurme.de\/de\/wp-json\/wp\/v2\/product_cat?post=7426"},{"taxonomy":"product_tag","embeddable":true,"href":"https:\/\/sutumgurme.de\/de\/wp-json\/wp\/v2\/product_tag?post=7426"}],"curies":[{"name":"wp","href":"https:\/\/api.w.org\/{rel}","templated":true}]}}