{"id":7441,"date":"2023-05-05T15:43:49","date_gmt":"2023-05-05T15:43:49","guid":{"rendered":"https:\/\/tutusmedia.de\/sutum\/?post_type=product&#038;p=7441"},"modified":"2023-07-24T16:00:11","modified_gmt":"2023-07-24T16:00:11","slug":"ayran-250ml-bardak","status":"publish","type":"product","link":"https:\/\/sutumgurme.de\/de\/urunler\/ayran-250ml-bardak\/","title":{"rendered":"Ayran 250ml - Becher"},"content":{"rendered":"","protected":false},"excerpt":{"rendered":"<p>S\u00fct\u00fcm Gurme Ayran ist die perfekte Erfrischung, besonders an hei\u00dfen Sommertagen. Dieses leichte, n\u00e4hrstoffreiche Getr\u00e4nk verst\u00e4rkt den Geschmack, wenn es zu den Mahlzeiten getrunken wird, und hinterl\u00e4sst einen wunderbaren Nachgeschmack im Mund.<\/p>\n<p>Probieren Sie den nat\u00fcrlichen und k\u00f6stlichen Ayran von S\u00fct\u00fcm Gurme, der sich perfekt f\u00fcr eine Abk\u00fchlung an einem hei\u00dfen Sommertag eignet.<\/p>","protected":false},"featured_media":7442,"template":"","meta":[],"product_brand":[],"product_cat":[45],"product_tag":[],"class_list":{"0":"post-7441","1":"product","2":"type-product","3":"status-publish","4":"has-post-thumbnail","6":"product_cat-ayran","8":"first","9":"instock","10":"shipping-taxable","11":"product-type-simple"},"_links":{"self":[{"href":"https:\/\/sutumgurme.de\/de\/wp-json\/wp\/v2\/product\/7441","targetHints":{"allow":["GET"]}}],"collection":[{"href":"https:\/\/sutumgurme.de\/de\/wp-json\/wp\/v2\/product"}],"about":[{"href":"https:\/\/sutumgurme.de\/de\/wp-json\/wp\/v2\/types\/product"}],"version-history":[{"count":6,"href":"https:\/\/sutumgurme.de\/de\/wp-json\/wp\/v2\/product\/7441\/revisions"}],"predecessor-version":[{"id":9212,"href":"https:\/\/sutumgurme.de\/de\/wp-json\/wp\/v2\/product\/7441\/revisions\/9212"}],"wp:featuredmedia":[{"embeddable":true,"href":"https:\/\/sutumgurme.de\/de\/wp-json\/wp\/v2\/media\/7442"}],"wp:attachment":[{"href":"https:\/\/sutumgurme.de\/de\/wp-json\/wp\/v2\/media?parent=7441"}],"wp:term":[{"taxonomy":"product_brand","embeddable":true,"href":"https:\/\/sutumgurme.de\/de\/wp-json\/wp\/v2\/product_brand?post=7441"},{"taxonomy":"product_cat","embeddable":true,"href":"https:\/\/sutumgurme.de\/de\/wp-json\/wp\/v2\/product_cat?post=7441"},{"taxonomy":"product_tag","embeddable":true,"href":"https:\/\/sutumgurme.de\/de\/wp-json\/wp\/v2\/product_tag?post=7441"}],"curies":[{"name":"wp","href":"https:\/\/api.w.org\/{rel}","templated":true}]}}