{"id":8604,"date":"2023-06-09T21:03:46","date_gmt":"2023-06-09T21:03:46","guid":{"rendered":"https:\/\/tutusmedia.de\/sutum\/?post_type=product&#038;p=8604"},"modified":"2023-08-01T11:02:48","modified_gmt":"2023-08-01T11:02:48","slug":"ayran-1000ml-elo","status":"publish","type":"product","link":"https:\/\/sutumgurme.de\/de\/urunler\/ayran-1000ml-elo\/","title":{"rendered":"Ayran 1000ml \u2013 Elopack"},"content":{"rendered":"","protected":false},"excerpt":{"rendered":"<p>F\u00fcr alle, die Nat\u00fcrlichkeit und Geschmack zugleich genie\u00dfen m\u00f6chten, wird auf dem Esstisch Ayran nicht mehr wegzudenken sein. Unseren Ayran gibt es auch in der Elopak Verpackung, die Sie das ganze Jahr \u00fcber beruhigt genie\u00dfen k\u00f6nnen. Dadurch bietet das Produkt nicht nur praktische Vorteile, sondern ist auch umweltfreundlicher und sorgt f\u00fcr lange Haltbarkeit.<\/p>\n<p>Wenn Sie auf der Suche nach traditionellen Geschmacksrichtungen sind oder sich eine ausgewogene Erfrischung suchen, dann probieren Sie den Ayran von S\u00fct\u00fcm Gurme aus.<\/p>","protected":false},"featured_media":9167,"template":"","meta":[],"product_brand":[],"product_cat":[45],"product_tag":[],"class_list":{"0":"post-8604","1":"product","2":"type-product","3":"status-publish","4":"has-post-thumbnail","6":"product_cat-ayran","8":"first","9":"instock","10":"shipping-taxable","11":"product-type-simple"},"_links":{"self":[{"href":"https:\/\/sutumgurme.de\/de\/wp-json\/wp\/v2\/product\/8604","targetHints":{"allow":["GET"]}}],"collection":[{"href":"https:\/\/sutumgurme.de\/de\/wp-json\/wp\/v2\/product"}],"about":[{"href":"https:\/\/sutumgurme.de\/de\/wp-json\/wp\/v2\/types\/product"}],"version-history":[{"count":4,"href":"https:\/\/sutumgurme.de\/de\/wp-json\/wp\/v2\/product\/8604\/revisions"}],"predecessor-version":[{"id":9287,"href":"https:\/\/sutumgurme.de\/de\/wp-json\/wp\/v2\/product\/8604\/revisions\/9287"}],"wp:featuredmedia":[{"embeddable":true,"href":"https:\/\/sutumgurme.de\/de\/wp-json\/wp\/v2\/media\/9167"}],"wp:attachment":[{"href":"https:\/\/sutumgurme.de\/de\/wp-json\/wp\/v2\/media?parent=8604"}],"wp:term":[{"taxonomy":"product_brand","embeddable":true,"href":"https:\/\/sutumgurme.de\/de\/wp-json\/wp\/v2\/product_brand?post=8604"},{"taxonomy":"product_cat","embeddable":true,"href":"https:\/\/sutumgurme.de\/de\/wp-json\/wp\/v2\/product_cat?post=8604"},{"taxonomy":"product_tag","embeddable":true,"href":"https:\/\/sutumgurme.de\/de\/wp-json\/wp\/v2\/product_tag?post=8604"}],"curies":[{"name":"wp","href":"https:\/\/api.w.org\/{rel}","templated":true}]}}