{"id":8902,"date":"2023-06-26T06:26:40","date_gmt":"2023-06-26T06:26:40","guid":{"rendered":"https:\/\/sutumgurme.de\/?post_type=product&#038;p=8902"},"modified":"2026-02-23T09:29:58","modified_gmt":"2026-02-23T09:29:58","slug":"halloumi-200g","status":"publish","type":"product","link":"https:\/\/sutumgurme.de\/de\/urunler\/halloumi-200g\/","title":{"rendered":"Halloumi \u2013 200g"},"content":{"rendered":"","protected":false},"excerpt":{"rendered":"<p>Wussten Sie, dass Halloumi-K\u00e4se beim Frittieren nicht schmilzt? Diese Einzigartigkeit l\u00e4sst sich durch den komplexen Herstellungsprozess des Vorschmelzens des Halloumi-K\u00e4ses erkl\u00e4ren. Dadurch wird verhindert, dass der K\u00e4se schmilzt und seine feste Struktur bleibt erhalten, was ihn ideal zum Grillen macht. Der Grillvorgang verleiht Halloumi-K\u00e4se seinen besonderen Geschmack und seine knusprige Textur.<br \/>\nDiese Tradition wurde tats\u00e4chlich von den alten \u00c4gyptern entdeckt und verbreitete sich im Laufe der Zeit nach Osten. Halloumi-K\u00e4se erfreut sich auch heute noch gro\u00dfer Beliebtheit. Aber diese Delikatesse kann nicht nur gebacken, sondern auch roh gegessen werden. Aufgrund seiner Vielseitigkeit wird dieser K\u00e4se auch als k\u00f6stliche Zutat in vielen verschiedenen Gerichten verwendet.<\/p>\n<p>Hinweis: Echter Halloumi K\u00e4se ist eine gesch\u00fctzte Herkunftsbezeichnung und kommt nur aus Zypern. Um diesen einzigartigen K\u00e4se kennenzulernen, empfehlen wir Ihnen, sich f\u00fcr S\u00fct\u00fcm Gurme Halloumi zu entscheiden, einen authentischen Halloumi, der nur in Zypern hergestellt wird. Vertrauen Sie S\u00fct\u00fcm Gurme Halloumi Original und genie\u00dfen Sie die Qualit\u00e4t und den authentischen Geschmack!<\/p>","protected":false},"featured_media":9517,"template":"","meta":[],"product_brand":[],"product_cat":[42],"product_tag":[],"class_list":{"0":"post-8902","1":"product","2":"type-product","3":"status-publish","4":"has-post-thumbnail","6":"product_cat-ozel-peynirler","8":"first","9":"instock","10":"shipping-taxable","11":"product-type-simple"},"_links":{"self":[{"href":"https:\/\/sutumgurme.de\/de\/wp-json\/wp\/v2\/product\/8902","targetHints":{"allow":["GET"]}}],"collection":[{"href":"https:\/\/sutumgurme.de\/de\/wp-json\/wp\/v2\/product"}],"about":[{"href":"https:\/\/sutumgurme.de\/de\/wp-json\/wp\/v2\/types\/product"}],"version-history":[{"count":3,"href":"https:\/\/sutumgurme.de\/de\/wp-json\/wp\/v2\/product\/8902\/revisions"}],"predecessor-version":[{"id":8908,"href":"https:\/\/sutumgurme.de\/de\/wp-json\/wp\/v2\/product\/8902\/revisions\/8908"}],"wp:featuredmedia":[{"embeddable":true,"href":"https:\/\/sutumgurme.de\/de\/wp-json\/wp\/v2\/media\/9517"}],"wp:attachment":[{"href":"https:\/\/sutumgurme.de\/de\/wp-json\/wp\/v2\/media?parent=8902"}],"wp:term":[{"taxonomy":"product_brand","embeddable":true,"href":"https:\/\/sutumgurme.de\/de\/wp-json\/wp\/v2\/product_brand?post=8902"},{"taxonomy":"product_cat","embeddable":true,"href":"https:\/\/sutumgurme.de\/de\/wp-json\/wp\/v2\/product_cat?post=8902"},{"taxonomy":"product_tag","embeddable":true,"href":"https:\/\/sutumgurme.de\/de\/wp-json\/wp\/v2\/product_tag?post=8902"}],"curies":[{"name":"wp","href":"https:\/\/api.w.org\/{rel}","templated":true}]}}