{"id":9199,"date":"2023-07-24T15:41:00","date_gmt":"2023-07-24T15:41:00","guid":{"rendered":"https:\/\/sutumgurme.de\/?post_type=product&#038;p=9199"},"modified":"2023-08-02T11:46:22","modified_gmt":"2023-08-02T11:46:22","slug":"butterkase-dilim-150g","status":"publish","type":"product","link":"https:\/\/sutumgurme.de\/de\/urunler\/butterkase-dilim-150g\/","title":{"rendered":"Butterk\u00e4se Scheiben - 150g"},"content":{"rendered":"","protected":false},"excerpt":{"rendered":"<p>Der Butterk\u00e4se ist eine ideale Wahl f\u00fcr alle, die auf ihre t\u00e4gliche Ern\u00e4hrung achten und gleichzeitig genau wissen, was ihnen schmeckt. Egal, ob Sie es auf Brot, auf ein Sandwich oder bei Salat verwenden, Sie werden einen Hauch Butter sp\u00fcren. Mit seiner leicht schmelzenden Struktur verleiht dieser K\u00e4se den im Ofen zubereiteten Gerichten einen k\u00f6stlichen Geschmack.<\/p>","protected":false},"featured_media":9324,"template":"","meta":[],"product_brand":[],"product_cat":[50],"product_tag":[],"class_list":{"0":"post-9199","1":"product","2":"type-product","3":"status-publish","4":"has-post-thumbnail","6":"product_cat-dilim-peyniri","8":"first","9":"instock","10":"shipping-taxable","11":"product-type-simple"},"_links":{"self":[{"href":"https:\/\/sutumgurme.de\/de\/wp-json\/wp\/v2\/product\/9199","targetHints":{"allow":["GET"]}}],"collection":[{"href":"https:\/\/sutumgurme.de\/de\/wp-json\/wp\/v2\/product"}],"about":[{"href":"https:\/\/sutumgurme.de\/de\/wp-json\/wp\/v2\/types\/product"}],"version-history":[{"count":3,"href":"https:\/\/sutumgurme.de\/de\/wp-json\/wp\/v2\/product\/9199\/revisions"}],"predecessor-version":[{"id":9311,"href":"https:\/\/sutumgurme.de\/de\/wp-json\/wp\/v2\/product\/9199\/revisions\/9311"}],"wp:featuredmedia":[{"embeddable":true,"href":"https:\/\/sutumgurme.de\/de\/wp-json\/wp\/v2\/media\/9324"}],"wp:attachment":[{"href":"https:\/\/sutumgurme.de\/de\/wp-json\/wp\/v2\/media?parent=9199"}],"wp:term":[{"taxonomy":"product_brand","embeddable":true,"href":"https:\/\/sutumgurme.de\/de\/wp-json\/wp\/v2\/product_brand?post=9199"},{"taxonomy":"product_cat","embeddable":true,"href":"https:\/\/sutumgurme.de\/de\/wp-json\/wp\/v2\/product_cat?post=9199"},{"taxonomy":"product_tag","embeddable":true,"href":"https:\/\/sutumgurme.de\/de\/wp-json\/wp\/v2\/product_tag?post=9199"}],"curies":[{"name":"wp","href":"https:\/\/api.w.org\/{rel}","templated":true}]}}