{"id":9202,"date":"2023-07-24T15:44:19","date_gmt":"2023-07-24T15:44:19","guid":{"rendered":"https:\/\/sutumgurme.de\/?post_type=product&#038;p=9202"},"modified":"2023-08-01T13:55:40","modified_gmt":"2023-08-01T13:55:40","slug":"rende-mozzarella-400g","status":"publish","type":"product","link":"https:\/\/sutumgurme.de\/de\/urunler\/rende-mozzarella-400g\/","title":{"rendered":"Mozzarella gerieben - 400g"},"content":{"rendered":"","protected":false},"excerpt":{"rendered":"<p>Mozzarella ist ein Favorit der italienischen K\u00fcche und erfreut sich auf der ganzen Welt gro\u00dfer Beliebtheit. Beliebt als weicher und k\u00f6stlicher K\u00e4se ist er auch in geriebenem Zustand sehr beliebt.<\/p>\n<p>Verwenden Sie diesen leicht zu schmelzenden geriebenen K\u00e4se zum Braten, bei Nudelgerichten und vor allem bei im Ofen gebackenen Gerichten f\u00fcr einen zus\u00e4tzlichen Geschmack. Probieren Sie diesen Geschmacksunterschied mit S\u00fct\u00fcm Gurme aus, die Ihrer Mahlzeit einen butterartigen Geschmack verleihen.<\/p>","protected":false},"featured_media":9203,"template":"","meta":[],"product_brand":[],"product_cat":[50],"product_tag":[],"class_list":{"0":"post-9202","1":"product","2":"type-product","3":"status-publish","4":"has-post-thumbnail","6":"product_cat-dilim-peyniri","8":"first","9":"instock","10":"shipping-taxable","11":"product-type-simple"},"_links":{"self":[{"href":"https:\/\/sutumgurme.de\/de\/wp-json\/wp\/v2\/product\/9202","targetHints":{"allow":["GET"]}}],"collection":[{"href":"https:\/\/sutumgurme.de\/de\/wp-json\/wp\/v2\/product"}],"about":[{"href":"https:\/\/sutumgurme.de\/de\/wp-json\/wp\/v2\/types\/product"}],"version-history":[{"count":3,"href":"https:\/\/sutumgurme.de\/de\/wp-json\/wp\/v2\/product\/9202\/revisions"}],"predecessor-version":[{"id":9306,"href":"https:\/\/sutumgurme.de\/de\/wp-json\/wp\/v2\/product\/9202\/revisions\/9306"}],"wp:featuredmedia":[{"embeddable":true,"href":"https:\/\/sutumgurme.de\/de\/wp-json\/wp\/v2\/media\/9203"}],"wp:attachment":[{"href":"https:\/\/sutumgurme.de\/de\/wp-json\/wp\/v2\/media?parent=9202"}],"wp:term":[{"taxonomy":"product_brand","embeddable":true,"href":"https:\/\/sutumgurme.de\/de\/wp-json\/wp\/v2\/product_brand?post=9202"},{"taxonomy":"product_cat","embeddable":true,"href":"https:\/\/sutumgurme.de\/de\/wp-json\/wp\/v2\/product_cat?post=9202"},{"taxonomy":"product_tag","embeddable":true,"href":"https:\/\/sutumgurme.de\/de\/wp-json\/wp\/v2\/product_tag?post=9202"}],"curies":[{"name":"wp","href":"https:\/\/api.w.org\/{rel}","templated":true}]}}