{"id":9213,"date":"2023-07-24T19:20:27","date_gmt":"2023-07-24T19:20:27","guid":{"rendered":"https:\/\/sutumgurme.de\/?post_type=product&#038;p=9213"},"modified":"2023-08-02T11:33:05","modified_gmt":"2023-08-02T11:33:05","slug":"gouda-peyniri-dilim-700g","status":"publish","type":"product","link":"https:\/\/sutumgurme.de\/de\/urunler\/gouda-peyniri-dilim-700g\/","title":{"rendered":"Gouda Scheiben - 700g"},"content":{"rendered":"","protected":false},"excerpt":{"rendered":"<p>Wenn Sie auf der Suche nach einem nat\u00fcrlichen und k\u00f6stlichen K\u00e4se sind, probieren Sie den Gouda-K\u00e4se von S\u00fct\u00fcm Gurme, einen echten holl\u00e4ndischen Schnittk\u00e4se. Dieser K\u00e4se wird aus frischer, gesunder Kuhmilch hergestellt und bietet einen einzigartigen Geschmack, der Ihren Gaumen erfreuen wird. Probieren Sie diesen Geschmack zusammen mit dem besonderen Geschmack von S\u00fct\u00fcm Gurme und feiern Sie vor allem Ihren Fr\u00fchst\u00fcckstisch auf einen Schlag.<\/p>","protected":false},"featured_media":9318,"template":"","meta":[],"product_brand":[],"product_cat":[50],"product_tag":[],"class_list":{"0":"post-9213","1":"product","2":"type-product","3":"status-publish","4":"has-post-thumbnail","6":"product_cat-dilim-peyniri","8":"first","9":"instock","10":"shipping-taxable","11":"product-type-simple"},"_links":{"self":[{"href":"https:\/\/sutumgurme.de\/de\/wp-json\/wp\/v2\/product\/9213","targetHints":{"allow":["GET"]}}],"collection":[{"href":"https:\/\/sutumgurme.de\/de\/wp-json\/wp\/v2\/product"}],"about":[{"href":"https:\/\/sutumgurme.de\/de\/wp-json\/wp\/v2\/types\/product"}],"version-history":[{"count":2,"href":"https:\/\/sutumgurme.de\/de\/wp-json\/wp\/v2\/product\/9213\/revisions"}],"predecessor-version":[{"id":9226,"href":"https:\/\/sutumgurme.de\/de\/wp-json\/wp\/v2\/product\/9213\/revisions\/9226"}],"wp:featuredmedia":[{"embeddable":true,"href":"https:\/\/sutumgurme.de\/de\/wp-json\/wp\/v2\/media\/9318"}],"wp:attachment":[{"href":"https:\/\/sutumgurme.de\/de\/wp-json\/wp\/v2\/media?parent=9213"}],"wp:term":[{"taxonomy":"product_brand","embeddable":true,"href":"https:\/\/sutumgurme.de\/de\/wp-json\/wp\/v2\/product_brand?post=9213"},{"taxonomy":"product_cat","embeddable":true,"href":"https:\/\/sutumgurme.de\/de\/wp-json\/wp\/v2\/product_cat?post=9213"},{"taxonomy":"product_tag","embeddable":true,"href":"https:\/\/sutumgurme.de\/de\/wp-json\/wp\/v2\/product_tag?post=9213"}],"curies":[{"name":"wp","href":"https:\/\/api.w.org\/{rel}","templated":true}]}}