{"id":9534,"date":"2026-03-13T13:49:20","date_gmt":"2026-03-13T13:49:20","guid":{"rendered":"https:\/\/sutumgurme.de\/?post_type=product&#038;p=9534"},"modified":"2026-03-17T12:56:35","modified_gmt":"2026-03-17T12:56:35","slug":"tel-peyniri","status":"publish","type":"product","link":"https:\/\/sutumgurme.de\/de\/urunler\/tel-peyniri\/","title":{"rendered":"Fadenk\u00e4se"},"content":{"rendered":"","protected":false},"excerpt":{"rendered":"<p>Fein gezogen, mit charakteristisch faseriger Struktur und mildem Aroma. Zupfk\u00e4se ist ein\nAllesk\u00f6nner der t\u00fcrkischen K\u00fcche. Ein besonderer Genuss zum Fr\u00fchst\u00fcck. Ideal f\u00fcr B\u00f6rek,\nwarme Speisen und vielseitige Beilagen.<\/p>","protected":false},"featured_media":9535,"template":"","meta":[],"product_brand":[],"product_cat":[42],"product_tag":[],"class_list":{"0":"post-9534","1":"product","2":"type-product","3":"status-publish","4":"has-post-thumbnail","6":"product_cat-ozel-peynirler","8":"first","9":"instock","10":"shipping-taxable","11":"product-type-simple"},"_links":{"self":[{"href":"https:\/\/sutumgurme.de\/de\/wp-json\/wp\/v2\/product\/9534","targetHints":{"allow":["GET"]}}],"collection":[{"href":"https:\/\/sutumgurme.de\/de\/wp-json\/wp\/v2\/product"}],"about":[{"href":"https:\/\/sutumgurme.de\/de\/wp-json\/wp\/v2\/types\/product"}],"version-history":[{"count":2,"href":"https:\/\/sutumgurme.de\/de\/wp-json\/wp\/v2\/product\/9534\/revisions"}],"predecessor-version":[{"id":9554,"href":"https:\/\/sutumgurme.de\/de\/wp-json\/wp\/v2\/product\/9534\/revisions\/9554"}],"wp:featuredmedia":[{"embeddable":true,"href":"https:\/\/sutumgurme.de\/de\/wp-json\/wp\/v2\/media\/9535"}],"wp:attachment":[{"href":"https:\/\/sutumgurme.de\/de\/wp-json\/wp\/v2\/media?parent=9534"}],"wp:term":[{"taxonomy":"product_brand","embeddable":true,"href":"https:\/\/sutumgurme.de\/de\/wp-json\/wp\/v2\/product_brand?post=9534"},{"taxonomy":"product_cat","embeddable":true,"href":"https:\/\/sutumgurme.de\/de\/wp-json\/wp\/v2\/product_cat?post=9534"},{"taxonomy":"product_tag","embeddable":true,"href":"https:\/\/sutumgurme.de\/de\/wp-json\/wp\/v2\/product_tag?post=9534"}],"curies":[{"name":"wp","href":"https:\/\/api.w.org\/{rel}","templated":true}]}}