{"id":9543,"date":"2026-03-13T13:51:36","date_gmt":"2026-03-13T13:51:36","guid":{"rendered":"https:\/\/sutumgurme.de\/?post_type=product&#038;p=9543"},"modified":"2026-03-17T13:00:38","modified_gmt":"2026-03-17T13:00:38","slug":"afyon-usulu-rulo-kaymak","status":"publish","type":"product","link":"https:\/\/sutumgurme.de\/de\/urunler\/afyon-usulu-rulo-kaymak\/","title":{"rendered":"Schichtrahm nach Afyon-Art"},"content":{"rendered":"","protected":false},"excerpt":{"rendered":"<p>Cremige Rahm-Spezialit\u00e4t mit vollmundigem Geschmack. Aus Milch hergestellt und\ntraditionell mit Honig oder Marmelade zum Fr\u00fchst\u00fcck serviert, ist dieser Genuss besonders\nk\u00f6stlich. Auch f\u00fcr Desserts, S\u00fc\u00dfspeisen und orientalische Spezialit\u00e4ten ideal geeignet.<\/p>","protected":false},"featured_media":9544,"template":"","meta":[],"product_brand":[],"product_cat":[44],"product_tag":[],"class_list":{"0":"post-9543","1":"product","2":"type-product","3":"status-publish","4":"has-post-thumbnail","6":"product_cat-kaymak","8":"first","9":"instock","10":"shipping-taxable","11":"product-type-simple"},"_links":{"self":[{"href":"https:\/\/sutumgurme.de\/de\/wp-json\/wp\/v2\/product\/9543","targetHints":{"allow":["GET"]}}],"collection":[{"href":"https:\/\/sutumgurme.de\/de\/wp-json\/wp\/v2\/product"}],"about":[{"href":"https:\/\/sutumgurme.de\/de\/wp-json\/wp\/v2\/types\/product"}],"version-history":[{"count":2,"href":"https:\/\/sutumgurme.de\/de\/wp-json\/wp\/v2\/product\/9543\/revisions"}],"predecessor-version":[{"id":9555,"href":"https:\/\/sutumgurme.de\/de\/wp-json\/wp\/v2\/product\/9543\/revisions\/9555"}],"wp:featuredmedia":[{"embeddable":true,"href":"https:\/\/sutumgurme.de\/de\/wp-json\/wp\/v2\/media\/9544"}],"wp:attachment":[{"href":"https:\/\/sutumgurme.de\/de\/wp-json\/wp\/v2\/media?parent=9543"}],"wp:term":[{"taxonomy":"product_brand","embeddable":true,"href":"https:\/\/sutumgurme.de\/de\/wp-json\/wp\/v2\/product_brand?post=9543"},{"taxonomy":"product_cat","embeddable":true,"href":"https:\/\/sutumgurme.de\/de\/wp-json\/wp\/v2\/product_cat?post=9543"},{"taxonomy":"product_tag","embeddable":true,"href":"https:\/\/sutumgurme.de\/de\/wp-json\/wp\/v2\/product_tag?post=9543"}],"curies":[{"name":"wp","href":"https:\/\/api.w.org\/{rel}","templated":true}]}}