{"id":1978,"date":"2020-09-03T08:15:35","date_gmt":"2020-09-03T08:15:35","guid":{"rendered":"https:\/\/demo2wpopal.b-cdn.net\/poco\/?page_id=1978"},"modified":"2023-07-28T12:07:56","modified_gmt":"2023-07-28T12:07:56","slug":"tarifler","status":"publish","type":"page","link":"https:\/\/sutumgurme.de\/en\/tarifler\/","title":{"rendered":"Recipes"},"content":{"rendered":"\t\t<div data-elementor-type=\"wp-page\" data-elementor-id=\"1978\" class=\"elementor elementor-1978\">\n\t\t\t\t\t\t\t\t\t<div class=\"elementor-section elementor-top-section elementor-element elementor-element-b471982 elementor-section-stretched elementor-section-height-min-height elementor-section-boxed elementor-section-height-default elementor-section-items-middle\" data-id=\"b471982\" data-element_type=\"section\" data-settings=\"{&quot;stretch_section&quot;:&quot;section-stretched&quot;,&quot;background_background&quot;:&quot;classic&quot;}\">\n\t\t\t\t\t\t<div class=\"elementor-container elementor-column-gap-no\">\n\t\t\t\t\t<div class=\"elementor-column elementor-col-100 elementor-top-column elementor-element elementor-element-3371081\" data-id=\"3371081\" data-element_type=\"column\">\n\t\t\t<div class=\"elementor-widget-wrap elementor-element-populated\">\n\t\t\t\t\t\t\t\t<div class=\"elementor-element elementor-element-e447fac animated-fast elementor-invisible elementor-widget elementor-widget-text-editor\" data-id=\"e447fac\" data-element_type=\"widget\" data-settings=\"{&quot;_animation&quot;:&quot;fadeInUp&quot;}\" data-widget_type=\"text-editor.default\">\n\t\t\t\t<div class=\"elementor-widget-container\">\n\t\t\t<style>\/*! elementor - v3.14.0 - 26-06-2023 *\/\n.elementor-widget-text-editor.elementor-drop-cap-view-stacked .elementor-drop-cap{background-color:#69727d;color:#fff}.elementor-widget-text-editor.elementor-drop-cap-view-framed .elementor-drop-cap{color:#69727d;border:3px solid;background-color:transparent}.elementor-widget-text-editor:not(.elementor-drop-cap-view-default) .elementor-drop-cap{margin-top:8px}.elementor-widget-text-editor:not(.elementor-drop-cap-view-default) .elementor-drop-cap-letter{width:1em;height:1em}.elementor-widget-text-editor .elementor-drop-cap{float:left;text-align:center;line-height:1;font-size:50px}.elementor-widget-text-editor .elementor-drop-cap-letter{display:inline-block}<\/style>\t\t\t\t<p>S\u00fct\u00fcm Gurme<\/p>\t\t\t\t\t\t<\/div>\n\t\t\t\t<\/div>\n\t\t\t\t<div class=\"elementor-element elementor-element-55acf90 animated-fast elementor-invisible elementor-widget elementor-widget-heading\" data-id=\"55acf90\" data-element_type=\"widget\" data-settings=\"{&quot;_animation&quot;:&quot;fadeInUp&quot;}\" data-widget_type=\"heading.default\">\n\t\t\t\t<div class=\"elementor-widget-container\">\n\t\t\t<style>\/*! elementor - v3.14.0 - 26-06-2023 *\/\n.elementor-heading-title{padding:0;margin:0;line-height:1}.elementor-widget-heading .elementor-heading-title[class*=elementor-size-]>a{color:inherit;font-size:inherit;line-height:inherit}.elementor-widget-heading .elementor-heading-title.elementor-size-small{font-size:15px}.elementor-widget-heading .elementor-heading-title.elementor-size-medium{font-size:19px}.elementor-widget-heading .elementor-heading-title.elementor-size-large{font-size:29px}.elementor-widget-heading .elementor-heading-title.elementor-size-xl{font-size:39px}.elementor-widget-heading .elementor-heading-title.elementor-size-xxl{font-size:59px}<\/style><h2 class=\"elementor-heading-title elementor-size-default\">Tarifler<\/h2>\t\t<\/div>\n\t\t\t\t<\/div>\n\t\t\t\t\t<\/div>\n\t\t<\/div>\n\t\t\t\t\t\t\t<\/div>\n\t\t<\/div>\n\t\t\t\t<div class=\"elementor-section elementor-top-section elementor-element elementor-element-8505588 elementor-section-stretched elementor-section-boxed elementor-section-height-default elementor-section-height-default\" data-id=\"8505588\" data-element_type=\"section\" data-settings=\"{&quot;stretch_section&quot;:&quot;section-stretched&quot;}\">\n\t\t\t\t\t\t<div class=\"elementor-container elementor-column-gap-no\">\n\t\t\t\t\t<div class=\"elementor-column elementor-col-100 elementor-top-column elementor-element elementor-element-26b20eb\" data-id=\"26b20eb\" data-element_type=\"column\">\n\t\t\t<div class=\"elementor-widget-wrap elementor-element-populated\">\n\t\t\t\t\t\t\t\t<div class=\"elementor-element elementor-element-d7c457d elementor-widget elementor-widget-poco-post-grid\" data-id=\"d7c457d\" data-element_type=\"widget\" data-widget_type=\"poco-post-grid.default\">\n\t\t\t\t<div class=\"elementor-widget-container\">\n\t\t\t        <div class=\"elementor-post-wrapper post-style-1\">\n            <div class=\"row\" data-elementor-columns=\"2\" data-elementor-columns-tablet=\"1\" data-elementor-columns-mobile=\"1\">\n\n                <div class=\"column-item post-style-1\">\n\t<div class=\"post-inner\">\n\t\t\t\t\t<div class=\"post-thumbnail\">\n\t\t\t\t<a href=\"https:\/\/sutumgurme.de\/en\/10-reasons-to-do-a-digital-detox-challenge\/\">\n\t\t\t\t\t<img loading=\"lazy\" decoding=\"async\" width=\"500\" height=\"330\" src=\"https:\/\/sutumgurme.de\/wp-content\/uploads\/2020\/09\/sutum-blog-1-500x330.jpg\" class=\"attachment-poco-post-grid-2 size-poco-post-grid-2 wp-post-image\" alt=\"\" \/>\t\t\t\t<\/a>\n\t\t\t<\/div><!-- .post-thumbnail -->\n\n\t\t\t\t<div class=\"entry-content\">\n\t\t\t<div class=\"entry-header\">\n\t\t\t\t<div class=\"entry-meta\">\n\t\t\t\t\t<span class=\"categories-link\"><span class=\"screen-reader-text\">Categories<\/span><a href=\"https:\/\/sutumgurme.de\/en\/category\/tarifler\/\" rel=\"category tag\">Tarifler<\/a><\/span><span class=\"posted-on\"><a href=\"https:\/\/sutumgurme.de\/en\/10-reasons-to-do-a-digital-detox-challenge\/\" rel=\"bookmark\"><time class=\"entry-date published\" datetime=\"2020-09-07T09:31:23+00:00\">September 7, 2020<\/time><time class=\"updated\" datetime=\"2023-05-24T09:48:04+00:00\">May 24, 2023<\/time><\/a><\/span> <span class=\"post-author\">Post by <a href=\"https:\/\/sutumgurme.de\/en\/author\/ahmetanilsen\/\" rel=\"author\">admin<\/a><\/span>\t\t\t\t<\/div>\n\t\t\t\t<h3 class=\"entry-title\"><a href=\"https:\/\/sutumgurme.de\/en\/10-reasons-to-do-a-digital-detox-challenge\/\" rel=\"bookmark\">Tulum Peyniriyle Lezzetin S\u0131n\u0131rlar\u0131n\u0131 Zorlay\u0131n<\/a><\/h3>\t\t\t<\/div>\n\t\t\t<div class=\"entry-bottom\">\n\t\t\t\t<p>Tulum peyniri, T\u00fcrk mutfa\u011f\u0131n\u0131n \u00f6zg\u00fcn ve lezzetli peynir \u00e7e\u015fitlerinden biridir. Genellikle koyun veya ke\u00e7i s\u00fct\u00fcnden \u00fcretilen tulum peyniri,&hellip;<\/p>\n\t\t\t\t<a class='button' href=\"https:\/\/sutumgurme.de\/en\/10-reasons-to-do-a-digital-detox-challenge\/\">Read More<\/a>\n\t\t\t<\/div>\n\t\t<\/div>\n\t<\/div>\n<\/div>\n<div class=\"column-item post-style-1\">\n\t<div class=\"post-inner\">\n\t\t\t\t\t<div class=\"post-thumbnail\">\n\t\t\t\t<a href=\"https:\/\/sutumgurme.de\/en\/my-favorite-easy-black-pizza-toast-recipe\/\">\n\t\t\t\t\t<img loading=\"lazy\" decoding=\"async\" width=\"500\" height=\"330\" src=\"https:\/\/sutumgurme.de\/wp-content\/uploads\/2020\/08\/sutum-blog-2-500x330.jpg\" class=\"attachment-poco-post-grid-2 size-poco-post-grid-2 wp-post-image\" alt=\"\" \/>\t\t\t\t<\/a>\n\t\t\t<\/div><!-- .post-thumbnail -->\n\n\t\t\t\t<div class=\"entry-content\">\n\t\t\t<div class=\"entry-header\">\n\t\t\t\t<div class=\"entry-meta\">\n\t\t\t\t\t<span class=\"categories-link\"><span class=\"screen-reader-text\">Categories<\/span><a href=\"https:\/\/sutumgurme.de\/en\/category\/tarifler\/\" rel=\"category tag\">Tarifler<\/a><\/span><span class=\"posted-on\"><a href=\"https:\/\/sutumgurme.de\/en\/my-favorite-easy-black-pizza-toast-recipe\/\" rel=\"bookmark\"><time class=\"entry-date published\" datetime=\"2020-08-31T07:28:27+00:00\">August 31, 2020<\/time><time class=\"updated\" datetime=\"2023-05-24T09:59:06+00:00\">May 24, 2023<\/time><\/a><\/span> <span class=\"post-author\">Post by <a href=\"https:\/\/sutumgurme.de\/en\/author\/ahmetanilsen\/\" rel=\"author\">admin<\/a><\/span>\t\t\t\t<\/div>\n\t\t\t\t<h3 class=\"entry-title\"><a href=\"https:\/\/sutumgurme.de\/en\/my-favorite-easy-black-pizza-toast-recipe\/\" rel=\"bookmark\">Yo\u011furdun B\u00fcy\u00fcl\u00fc Dokunu\u015fuyla Yaprak Sarmas\u0131<\/a><\/h3>\t\t\t<\/div>\n\t\t\t<div class=\"entry-bottom\">\n\t\t\t\t<p>Ac haca ullamcorper donec ante habi tasse donec imperdiet eturpis varius per a augue magna hac. Nec hac&hellip;<\/p>\n\t\t\t\t<a class='button' href=\"https:\/\/sutumgurme.de\/en\/my-favorite-easy-black-pizza-toast-recipe\/\">Read More<\/a>\n\t\t\t<\/div>\n\t\t<\/div>\n\t<\/div>\n<\/div>\n<div class=\"column-item post-style-1\">\n\t<div class=\"post-inner\">\n\t\t\t\t\t<div class=\"post-thumbnail\">\n\t\t\t\t<a href=\"https:\/\/sutumgurme.de\/en\/6-ingredient-vegan-cinnamon-rolls\/\">\n\t\t\t\t\t<img loading=\"lazy\" decoding=\"async\" width=\"500\" height=\"330\" src=\"https:\/\/sutumgurme.de\/wp-content\/uploads\/2020\/08\/sutum-blog-3-500x330.jpg\" class=\"attachment-poco-post-grid-2 size-poco-post-grid-2 wp-post-image\" alt=\"\" \/>\t\t\t\t<\/a>\n\t\t\t<\/div><!-- .post-thumbnail -->\n\n\t\t\t\t<div class=\"entry-content\">\n\t\t\t<div class=\"entry-header\">\n\t\t\t\t<div class=\"entry-meta\">\n\t\t\t\t\t<span class=\"categories-link\"><span class=\"screen-reader-text\">Categories<\/span><a href=\"https:\/\/sutumgurme.de\/en\/category\/tarifler\/\" rel=\"category tag\">Tarifler<\/a><\/span><span class=\"posted-on\"><a href=\"https:\/\/sutumgurme.de\/en\/6-ingredient-vegan-cinnamon-rolls\/\" rel=\"bookmark\"><time class=\"entry-date published\" datetime=\"2020-08-31T07:28:27+00:00\">August 31, 2020<\/time><time class=\"updated\" datetime=\"2023-05-24T10:00:07+00:00\">May 24, 2023<\/time><\/a><\/span> <span class=\"post-author\">Post by <a href=\"https:\/\/sutumgurme.de\/en\/author\/ahmetanilsen\/\" rel=\"author\">admin<\/a><\/span>\t\t\t\t<\/div>\n\t\t\t\t<h3 class=\"entry-title\"><a href=\"https:\/\/sutumgurme.de\/en\/6-ingredient-vegan-cinnamon-rolls\/\" rel=\"bookmark\">Yo\u011furt Severlere \u00d6zel Ferahlat\u0131c\u0131 Haydari<\/a><\/h3>\t\t\t<\/div>\n\t\t\t<div class=\"entry-bottom\">\n\t\t\t\t<p>Ac haca ullamcorper donec ante habi tasse donec imperdiet eturpis varius per a augue magna hac. Nec hac&hellip;<\/p>\n\t\t\t\t<a class='button' href=\"https:\/\/sutumgurme.de\/en\/6-ingredient-vegan-cinnamon-rolls\/\">Read More<\/a>\n\t\t\t<\/div>\n\t\t<\/div>\n\t<\/div>\n<\/div>\n<div class=\"column-item post-style-1\">\n\t<div class=\"post-inner\">\n\t\t\t\t\t<div class=\"post-thumbnail\">\n\t\t\t\t<a href=\"https:\/\/sutumgurme.de\/en\/addictive-appetizers-sausage-cheese-balls\/\">\n\t\t\t\t\t<img loading=\"lazy\" decoding=\"async\" width=\"500\" height=\"330\" src=\"https:\/\/sutumgurme.de\/wp-content\/uploads\/2020\/08\/sutum-blog-4-500x330.jpg\" class=\"attachment-poco-post-grid-2 size-poco-post-grid-2 wp-post-image\" alt=\"\" \/>\t\t\t\t<\/a>\n\t\t\t<\/div><!-- .post-thumbnail -->\n\n\t\t\t\t<div class=\"entry-content\">\n\t\t\t<div class=\"entry-header\">\n\t\t\t\t<div class=\"entry-meta\">\n\t\t\t\t\t<span class=\"categories-link\"><span class=\"screen-reader-text\">Categories<\/span><a href=\"https:\/\/sutumgurme.de\/en\/category\/tarifler\/\" rel=\"category tag\">Tarifler<\/a><\/span><span class=\"posted-on\"><a href=\"https:\/\/sutumgurme.de\/en\/addictive-appetizers-sausage-cheese-balls\/\" rel=\"bookmark\"><time class=\"entry-date published\" datetime=\"2020-08-31T07:28:27+00:00\">August 31, 2020<\/time><time class=\"updated\" datetime=\"2023-05-24T10:01:44+00:00\">May 24, 2023<\/time><\/a><\/span> <span class=\"post-author\">Post by <a href=\"https:\/\/sutumgurme.de\/en\/author\/ahmetanilsen\/\" rel=\"author\">admin<\/a><\/span>\t\t\t\t<\/div>\n\t\t\t\t<h3 class=\"entry-title\"><a href=\"https:\/\/sutumgurme.de\/en\/addictive-appetizers-sausage-cheese-balls\/\" rel=\"bookmark\">Havu\u00e7lu Yo\u011furt Mezesiyle \u00d6\u011f\u00fcnler \u015eenleniyor<\/a><\/h3>\t\t\t<\/div>\n\t\t\t<div class=\"entry-bottom\">\n\t\t\t\t<p>Ac haca ullamcorper donec ante habi tasse donec imperdiet eturpis varius per a augue magna hac. Nec hac&hellip;<\/p>\n\t\t\t\t<a class='button' href=\"https:\/\/sutumgurme.de\/en\/addictive-appetizers-sausage-cheese-balls\/\">Read More<\/a>\n\t\t\t<\/div>\n\t\t<\/div>\n\t<\/div>\n<\/div>\n<div class=\"column-item post-style-1\">\n\t<div class=\"post-inner\">\n\t\t\t\t\t<div class=\"post-thumbnail\">\n\t\t\t\t<a href=\"https:\/\/sutumgurme.de\/en\/crispy-stovetop-roasted-red-potatoes\/\">\n\t\t\t\t\t<img loading=\"lazy\" decoding=\"async\" width=\"500\" height=\"330\" src=\"https:\/\/sutumgurme.de\/wp-content\/uploads\/2020\/08\/sutum-blog-12-500x330.jpg\" class=\"attachment-poco-post-grid-2 size-poco-post-grid-2 wp-post-image\" alt=\"\" \/>\t\t\t\t<\/a>\n\t\t\t<\/div><!-- .post-thumbnail -->\n\n\t\t\t\t<div class=\"entry-content\">\n\t\t\t<div class=\"entry-header\">\n\t\t\t\t<div class=\"entry-meta\">\n\t\t\t\t\t<span class=\"categories-link\"><span class=\"screen-reader-text\">Categories<\/span><a href=\"https:\/\/sutumgurme.de\/en\/category\/tarifler\/\" rel=\"category tag\">Tarifler<\/a><\/span><span class=\"posted-on\"><a href=\"https:\/\/sutumgurme.de\/en\/crispy-stovetop-roasted-red-potatoes\/\" rel=\"bookmark\"><time class=\"entry-date published\" datetime=\"2020-08-31T07:28:27+00:00\">August 31, 2020<\/time><time class=\"updated\" datetime=\"2023-06-12T14:44:19+00:00\">June 12, 2023<\/time><\/a><\/span> <span class=\"post-author\">Post by <a href=\"https:\/\/sutumgurme.de\/en\/author\/ahmetanilsen\/\" rel=\"author\">admin<\/a><\/span>\t\t\t\t<\/div>\n\t\t\t\t<h3 class=\"entry-title\"><a href=\"https:\/\/sutumgurme.de\/en\/crispy-stovetop-roasted-red-potatoes\/\" rel=\"bookmark\">Beyaz Peynirli B\u00f6rek: Her daim sofralar\u0131n favorisi<\/a><\/h3>\t\t\t<\/div>\n\t\t\t<div class=\"entry-bottom\">\n\t\t\t\t<p>Ac haca ullamcorper donec ante habi tasse donec imperdiet eturpis varius per a augue magna hac. Nec hac&hellip;<\/p>\n\t\t\t\t<a class='button' href=\"https:\/\/sutumgurme.de\/en\/crispy-stovetop-roasted-red-potatoes\/\">Read More<\/a>\n\t\t\t<\/div>\n\t\t<\/div>\n\t<\/div>\n<\/div>\n<div class=\"column-item post-style-1\">\n\t<div class=\"post-inner\">\n\t\t\t\t\t<div class=\"post-thumbnail\">\n\t\t\t\t<a href=\"https:\/\/sutumgurme.de\/en\/easy-4-ingredient-hatch-salsa-verde\/\">\n\t\t\t\t\t<img loading=\"lazy\" decoding=\"async\" width=\"500\" height=\"330\" src=\"https:\/\/sutumgurme.de\/wp-content\/uploads\/2020\/08\/sutum-blog-14-500x330.jpg\" class=\"attachment-poco-post-grid-2 size-poco-post-grid-2 wp-post-image\" alt=\"\" \/>\t\t\t\t<\/a>\n\t\t\t<\/div><!-- .post-thumbnail -->\n\n\t\t\t\t<div class=\"entry-content\">\n\t\t\t<div class=\"entry-header\">\n\t\t\t\t<div class=\"entry-meta\">\n\t\t\t\t\t<span class=\"categories-link\"><span class=\"screen-reader-text\">Categories<\/span><a href=\"https:\/\/sutumgurme.de\/en\/category\/tarifler\/\" rel=\"category tag\">Tarifler<\/a><\/span><span class=\"posted-on\"><a href=\"https:\/\/sutumgurme.de\/en\/easy-4-ingredient-hatch-salsa-verde\/\" rel=\"bookmark\"><time class=\"entry-date published\" datetime=\"2020-08-31T07:28:27+00:00\">August 31, 2020<\/time><time class=\"updated\" datetime=\"2023-06-12T14:52:34+00:00\">June 12, 2023<\/time><\/a><\/span> <span class=\"post-author\">Post by <a href=\"https:\/\/sutumgurme.de\/en\/author\/ahmetanilsen\/\" rel=\"author\">admin<\/a><\/span>\t\t\t\t<\/div>\n\t\t\t\t<h3 class=\"entry-title\"><a href=\"https:\/\/sutumgurme.de\/en\/easy-4-ingredient-hatch-salsa-verde\/\" rel=\"bookmark\">Yo\u011fun Lezzet Bulu\u015fmas\u0131: F\u0131r\u0131nda Ka\u015farl\u0131 Mantar<\/a><\/h3>\t\t\t<\/div>\n\t\t\t<div class=\"entry-bottom\">\n\t\t\t\t<p>Ac haca ullamcorper donec ante habi tasse donec imperdiet eturpis varius per a augue magna hac. Nec hac&hellip;<\/p>\n\t\t\t\t<a class='button' href=\"https:\/\/sutumgurme.de\/en\/easy-4-ingredient-hatch-salsa-verde\/\">Read More<\/a>\n\t\t\t<\/div>\n\t\t<\/div>\n\t<\/div>\n<\/div>\n<div class=\"column-item post-style-1\">\n\t<div class=\"post-inner\">\n\t\t\t\t\t<div class=\"post-thumbnail\">\n\t\t\t\t<a href=\"https:\/\/sutumgurme.de\/en\/totoro-pancake-tutorial-easy-totoro-pancake-food-art\/\">\n\t\t\t\t\t<img loading=\"lazy\" decoding=\"async\" width=\"500\" height=\"330\" src=\"https:\/\/sutumgurme.de\/wp-content\/uploads\/2020\/08\/sutum-blog-7-500x330.jpg\" class=\"attachment-poco-post-grid-2 size-poco-post-grid-2 wp-post-image\" alt=\"\" \/>\t\t\t\t<\/a>\n\t\t\t<\/div><!-- .post-thumbnail -->\n\n\t\t\t\t<div class=\"entry-content\">\n\t\t\t<div class=\"entry-header\">\n\t\t\t\t<div class=\"entry-meta\">\n\t\t\t\t\t<span class=\"categories-link\"><span class=\"screen-reader-text\">Categories<\/span><a href=\"https:\/\/sutumgurme.de\/en\/category\/tarifler\/\" rel=\"category tag\">Tarifler<\/a><\/span><span class=\"posted-on\"><a href=\"https:\/\/sutumgurme.de\/en\/totoro-pancake-tutorial-easy-totoro-pancake-food-art\/\" rel=\"bookmark\"><time class=\"entry-date published\" datetime=\"2020-08-31T07:28:27+00:00\">August 31, 2020<\/time><time class=\"updated\" datetime=\"2023-06-12T12:49:52+00:00\">June 12, 2023<\/time><\/a><\/span> <span class=\"post-author\">Post by <a href=\"https:\/\/sutumgurme.de\/en\/author\/ahmetanilsen\/\" rel=\"author\">admin<\/a><\/span>\t\t\t\t<\/div>\n\t\t\t\t<h3 class=\"entry-title\"><a href=\"https:\/\/sutumgurme.de\/en\/totoro-pancake-tutorial-easy-totoro-pancake-food-art\/\" rel=\"bookmark\">Makarnada Muhte\u015fem Uyum \u0130\u00e7in Ezine Ka\u015far<\/a><\/h3>\t\t\t<\/div>\n\t\t\t<div class=\"entry-bottom\">\n\t\t\t\t<p>Ac haca ullamcorper donec ante habi tasse donec imperdiet eturpis varius per a augue magna hac. Nec hac&hellip;<\/p>\n\t\t\t\t<a class='button' href=\"https:\/\/sutumgurme.de\/en\/totoro-pancake-tutorial-easy-totoro-pancake-food-art\/\">Read More<\/a>\n\t\t\t<\/div>\n\t\t<\/div>\n\t<\/div>\n<\/div>\n<div class=\"column-item post-style-1\">\n\t<div class=\"post-inner\">\n\t\t\t\t\t<div class=\"post-thumbnail\">\n\t\t\t\t<a href=\"https:\/\/sutumgurme.de\/en\/how-to-make-jammy-soft-boiled-eggs-at-home\/\">\n\t\t\t\t\t<img loading=\"lazy\" decoding=\"async\" width=\"500\" height=\"330\" src=\"https:\/\/sutumgurme.de\/wp-content\/uploads\/2020\/08\/sutum-blog-13-500x330.jpg\" class=\"attachment-poco-post-grid-2 size-poco-post-grid-2 wp-post-image\" alt=\"\" \/>\t\t\t\t<\/a>\n\t\t\t<\/div><!-- .post-thumbnail -->\n\n\t\t\t\t<div class=\"entry-content\">\n\t\t\t<div class=\"entry-header\">\n\t\t\t\t<div class=\"entry-meta\">\n\t\t\t\t\t<span class=\"categories-link\"><span class=\"screen-reader-text\">Categories<\/span><a href=\"https:\/\/sutumgurme.de\/en\/category\/tarifler\/\" rel=\"category tag\">Tarifler<\/a><\/span><span class=\"posted-on\"><a href=\"https:\/\/sutumgurme.de\/en\/how-to-make-jammy-soft-boiled-eggs-at-home\/\" rel=\"bookmark\"><time class=\"entry-date published\" datetime=\"2020-08-31T07:28:27+00:00\">August 31, 2020<\/time><time class=\"updated\" datetime=\"2023-06-12T14:48:54+00:00\">June 12, 2023<\/time><\/a><\/span> <span class=\"post-author\">Post by <a href=\"https:\/\/sutumgurme.de\/en\/author\/ahmetanilsen\/\" rel=\"author\">admin<\/a><\/span>\t\t\t\t<\/div>\n\t\t\t\t<h3 class=\"entry-title\"><a href=\"https:\/\/sutumgurme.de\/en\/how-to-make-jammy-soft-boiled-eggs-at-home\/\" rel=\"bookmark\">Beyaz Peynir: Pizzay\u0131 kaplayan lezzet<\/a><\/h3>\t\t\t<\/div>\n\t\t\t<div class=\"entry-bottom\">\n\t\t\t\t<p>Ac haca ullamcorper donec ante habi tasse donec imperdiet eturpis varius per a augue magna hac. Nec hac&hellip;<\/p>\n\t\t\t\t<a class='button' href=\"https:\/\/sutumgurme.de\/en\/how-to-make-jammy-soft-boiled-eggs-at-home\/\">Read More<\/a>\n\t\t\t<\/div>\n\t\t<\/div>\n\t<\/div>\n<\/div>\n            <\/div>\n\n                            <div class=\"pagination\">\n                                    <\/div>\n                    <\/div>\n        \t\t<\/div>\n\t\t\t\t<\/div>\n\t\t\t\t\t<\/div>\n\t\t<\/div>\n\t\t\t\t\t\t\t<\/div>\n\t\t<\/div>\n\t\t\t\t<div class=\"elementor-section elementor-top-section elementor-element elementor-element-458a295 elementor-section-stretched elementor-section-height-min-height elementor-section-boxed elementor-section-height-default elementor-section-items-middle\" data-id=\"458a295\" data-element_type=\"section\" data-settings=\"{&quot;stretch_section&quot;:&quot;section-stretched&quot;,&quot;background_background&quot;:&quot;classic&quot;}\">\n\t\t\t\t\t\t<div class=\"elementor-container elementor-column-gap-no\">\n\t\t\t\t\t<div class=\"elementor-column elementor-col-100 elementor-top-column elementor-element elementor-element-5233f6a\" data-id=\"5233f6a\" data-element_type=\"column\">\n\t\t\t<div class=\"elementor-widget-wrap elementor-element-populated\">\n\t\t\t\t\t\t\t\t<div class=\"elementor-element elementor-element-3ff38e5 animated-fast elementor-invisible elementor-widget elementor-widget-text-editor\" data-id=\"3ff38e5\" data-element_type=\"widget\" data-settings=\"{&quot;_animation&quot;:&quot;fadeInUp&quot;}\" data-widget_type=\"text-editor.default\">\n\t\t\t\t<div class=\"elementor-widget-container\">\n\t\t\t\t\t\t\t<p>\u00dcr\u00fcnlerimize dair<\/p>\t\t\t\t\t\t<\/div>\n\t\t\t\t<\/div>\n\t\t\t\t<div class=\"elementor-element elementor-element-75e8023 animated-fast elementor-invisible elementor-widget elementor-widget-heading\" data-id=\"75e8023\" data-element_type=\"widget\" data-settings=\"{&quot;_animation&quot;:&quot;fadeInUp&quot;}\" data-widget_type=\"heading.default\">\n\t\t\t\t<div class=\"elementor-widget-container\">\n\t\t\t<h2 class=\"elementor-heading-title elementor-size-default\">Sa\u011fl\u0131kl\u0131 beslenmenin<br>\ntad\u0131n\u0131 \u00e7\u0131kar!<\/h2>\t\t<\/div>\n\t\t\t\t<\/div>\n\t\t\t\t<div class=\"elementor-element elementor-element-fc58236 animated-fast elementor-widget__width-initial elementor-widget-tablet__width-initial elementor-invisible elementor-widget elementor-widget-text-editor\" data-id=\"fc58236\" data-element_type=\"widget\" data-settings=\"{&quot;_animation&quot;:&quot;fadeInUp&quot;}\" data-widget_type=\"text-editor.default\">\n\t\t\t\t<div class=\"elementor-widget-container\">\n\t\t\t\t\t\t\t<div class=\"elementor-element elementor-element-e1c30ec elementor-widget elementor-widget-text-editor\" data-id=\"e1c30ec\" data-element_type=\"widget\" data-widget_type=\"text-editor.default\"><div class=\"elementor-widget-container\"><p>En taze peynir \u00e7e\u015fitleri, mis gibi kokan ayran\u0131m\u0131z, yo\u011furtlar\u0131m\u0131z\u0131n p\u00fcr\u00fczs\u00fcz dokusu ve kaymaklar\u0131m\u0131z\u0131n enfes tad\u0131 ile lezzet s\u0131n\u0131rlar\u0131n\u0131 sonuna kadar zorluyoruz. Kendinizi \u00f6d\u00fcllendirmek i\u00e7in her zaman bir S\u00fct\u00fcm Gurme lezzeti ke\u015ffedin ve mutfa\u011f\u0131n\u0131z\u0131n y\u0131ld\u0131z\u0131 siz olun!<\/p><\/div><\/div>\t\t\t\t\t\t<\/div>\n\t\t\t\t<\/div>\n\t\t\t\t<div class=\"elementor-element elementor-element-031e491 elementor-align-center animated-fast elementor-invisible elementor-widget elementor-widget-button\" data-id=\"031e491\" data-element_type=\"widget\" data-settings=\"{&quot;_animation&quot;:&quot;fadeInUp&quot;}\" data-widget_type=\"button.default\">\n\t\t\t\t<div class=\"elementor-widget-container\">\n\t\t\t\t\t<div class=\"elementor-button-wrapper\">\n\t\t\t<a class=\"elementor-button elementor-button-link elementor-size-sm\" href=\"https:\/\/sutumgurme.de\/hakkimizda\">\n\t\t\t\t\t\t<span class=\"elementor-button-content-wrapper\">\n\t\t\t\t\t\t<span class=\"elementor-button-text\">B\u0130Z\u0130 KE\u015eFET<\/span>\n\t\t<\/span>\n\t\t\t\t\t<\/a>\n\t\t<\/div>\n\t\t\t\t<\/div>\n\t\t\t\t<\/div>\n\t\t\t\t\t<\/div>\n\t\t<\/div>\n\t\t\t\t\t\t\t<\/div>\n\t\t<\/div>\n\t\t\t\t\t\t\t<\/div>\n\t\t","protected":false},"excerpt":{"rendered":"<p>S\u00fct\u00fcm Gurme Tarifler CategoriesTariflerEyl\u00fcl 7, 2020May\u0131s 24, 2023 Post by admin Tulum Peyniriyle Lezzetin S\u0131n\u0131rlar\u0131n\u0131 Zorlay\u0131n Tulum peyniri, T\u00fcrk mutfa\u011f\u0131n\u0131n \u00f6zg\u00fcn ve lezzetli peynir \u00e7e\u015fitlerinden biridir. Genellikle koyun veya ke\u00e7i s\u00fct\u00fcnden \u00fcretilen tulum peyniri,&hellip; Read More CategoriesTariflerA\u011fustos 31, 2020May\u0131s 24, 2023 Post by admin Yo\u011furdun B\u00fcy\u00fcl\u00fc Dokunu\u015fuyla Yaprak Sarmas\u0131 Ac haca ullamcorper donec ante habi [&hellip;]<\/p>\n","protected":false},"author":1,"featured_media":0,"parent":0,"menu_order":0,"comment_status":"closed","ping_status":"closed","template":"","meta":{"footnotes":""},"class_list":["post-1978","page","type-page","status-publish","hentry"],"_links":{"self":[{"href":"https:\/\/sutumgurme.de\/en\/wp-json\/wp\/v2\/pages\/1978","targetHints":{"allow":["GET"]}}],"collection":[{"href":"https:\/\/sutumgurme.de\/en\/wp-json\/wp\/v2\/pages"}],"about":[{"href":"https:\/\/sutumgurme.de\/en\/wp-json\/wp\/v2\/types\/page"}],"author":[{"embeddable":true,"href":"https:\/\/sutumgurme.de\/en\/wp-json\/wp\/v2\/users\/1"}],"replies":[{"embeddable":true,"href":"https:\/\/sutumgurme.de\/en\/wp-json\/wp\/v2\/comments?post=1978"}],"version-history":[{"count":35,"href":"https:\/\/sutumgurme.de\/en\/wp-json\/wp\/v2\/pages\/1978\/revisions"}],"predecessor-version":[{"id":9262,"href":"https:\/\/sutumgurme.de\/en\/wp-json\/wp\/v2\/pages\/1978\/revisions\/9262"}],"wp:attachment":[{"href":"https:\/\/sutumgurme.de\/en\/wp-json\/wp\/v2\/media?parent=1978"}],"curies":[{"name":"wp","href":"https:\/\/api.w.org\/{rel}","templated":true}]}}