{"id":7336,"date":"2023-05-05T12:31:05","date_gmt":"2023-05-05T12:31:05","guid":{"rendered":"https:\/\/tutusmedia.de\/sutum\/?post_type=product&#038;p=7336"},"modified":"2023-08-01T15:38:06","modified_gmt":"2023-08-01T15:38:06","slug":"cokelek-peyniri-plastik-kutu-350g","status":"publish","type":"product","link":"https:\/\/sutumgurme.de\/en\/urunler\/cokelek-peyniri-plastik-kutu-350g\/","title":{"rendered":"Cottage Cheese\u2013 350g"},"content":{"rendered":"","protected":false},"excerpt":{"rendered":"<p>S\u00fct\u00fcm Gurme's C\u00f6kelek Cottage Cheese comes in a 350-gram box, offering cheese enthusiasts a nutritious alternative as a snack. Extracted from natural, fresh milk, C\u00f6kelek is a popular cheese for meze recipes. S\u00fct\u00fcm Gurme C\u00f6kelek Cottage Cheese mesmerizes the taste buds by combining a wonderful harmony of different tastes.<\/p>","protected":false},"featured_media":7339,"template":"","meta":[],"product_brand":[],"product_cat":[42],"product_tag":[],"class_list":{"0":"post-7336","1":"product","2":"type-product","3":"status-publish","4":"has-post-thumbnail","6":"product_cat-ozel-peynirler","8":"first","9":"instock","10":"shipping-taxable","11":"product-type-simple"},"_links":{"self":[{"href":"https:\/\/sutumgurme.de\/en\/wp-json\/wp\/v2\/product\/7336","targetHints":{"allow":["GET"]}}],"collection":[{"href":"https:\/\/sutumgurme.de\/en\/wp-json\/wp\/v2\/product"}],"about":[{"href":"https:\/\/sutumgurme.de\/en\/wp-json\/wp\/v2\/types\/product"}],"version-history":[{"count":5,"href":"https:\/\/sutumgurme.de\/en\/wp-json\/wp\/v2\/product\/7336\/revisions"}],"predecessor-version":[{"id":9317,"href":"https:\/\/sutumgurme.de\/en\/wp-json\/wp\/v2\/product\/7336\/revisions\/9317"}],"wp:featuredmedia":[{"embeddable":true,"href":"https:\/\/sutumgurme.de\/en\/wp-json\/wp\/v2\/media\/7339"}],"wp:attachment":[{"href":"https:\/\/sutumgurme.de\/en\/wp-json\/wp\/v2\/media?parent=7336"}],"wp:term":[{"taxonomy":"product_brand","embeddable":true,"href":"https:\/\/sutumgurme.de\/en\/wp-json\/wp\/v2\/product_brand?post=7336"},{"taxonomy":"product_cat","embeddable":true,"href":"https:\/\/sutumgurme.de\/en\/wp-json\/wp\/v2\/product_cat?post=7336"},{"taxonomy":"product_tag","embeddable":true,"href":"https:\/\/sutumgurme.de\/en\/wp-json\/wp\/v2\/product_tag?post=7336"}],"curies":[{"name":"wp","href":"https:\/\/api.w.org\/{rel}","templated":true}]}}