{"id":7358,"date":"2023-05-05T12:54:23","date_gmt":"2023-05-05T12:54:23","guid":{"rendered":"https:\/\/tutusmedia.de\/sutum\/?post_type=product&#038;p=7358"},"modified":"2023-06-09T14:32:26","modified_gmt":"2023-06-09T14:32:26","slug":"ezine-yagli-kasar-peyniri-300g","status":"publish","type":"product","link":"https:\/\/sutumgurme.de\/en\/urunler\/ezine-yagli-kasar-peyniri-300g\/","title":{"rendered":"Ezine Sliced Cheese Kashkaval full-fat - 300g"},"content":{"rendered":"","protected":false},"excerpt":{"rendered":"<p>Sut\u00fcm Gurme Ezine Sliced Cheese Kashkaval is the most delicious form of Kashkaval cheese. This cheese is made from pasteurized milk and contains 60% full fat. S\u00fct\u00fcm Gurme Ezine Sliced Cheese Kashkaval has a soft and supple texture. S\u00fct\u00fcm Gurme Ezine Cheddar Cheese can be used for breakfast, toast, sandwiches, pasta, and many other dishes. Enjoy Kashkaval cheese with our full-fat S\u00fct\u00fcm Gurme Ezine Sliced Cheese Kashkaval, offered in 300-gram packs.<\/p>","protected":false},"featured_media":7359,"template":"","meta":[],"product_brand":[],"product_cat":[46],"product_tag":[],"class_list":{"0":"post-7358","1":"product","2":"type-product","3":"status-publish","4":"has-post-thumbnail","6":"product_cat-kasar-peyniri","8":"first","9":"instock","10":"shipping-taxable","11":"product-type-simple"},"_links":{"self":[{"href":"https:\/\/sutumgurme.de\/en\/wp-json\/wp\/v2\/product\/7358","targetHints":{"allow":["GET"]}}],"collection":[{"href":"https:\/\/sutumgurme.de\/en\/wp-json\/wp\/v2\/product"}],"about":[{"href":"https:\/\/sutumgurme.de\/en\/wp-json\/wp\/v2\/types\/product"}],"version-history":[{"count":4,"href":"https:\/\/sutumgurme.de\/en\/wp-json\/wp\/v2\/product\/7358\/revisions"}],"predecessor-version":[{"id":8397,"href":"https:\/\/sutumgurme.de\/en\/wp-json\/wp\/v2\/product\/7358\/revisions\/8397"}],"wp:featuredmedia":[{"embeddable":true,"href":"https:\/\/sutumgurme.de\/en\/wp-json\/wp\/v2\/media\/7359"}],"wp:attachment":[{"href":"https:\/\/sutumgurme.de\/en\/wp-json\/wp\/v2\/media?parent=7358"}],"wp:term":[{"taxonomy":"product_brand","embeddable":true,"href":"https:\/\/sutumgurme.de\/en\/wp-json\/wp\/v2\/product_brand?post=7358"},{"taxonomy":"product_cat","embeddable":true,"href":"https:\/\/sutumgurme.de\/en\/wp-json\/wp\/v2\/product_cat?post=7358"},{"taxonomy":"product_tag","embeddable":true,"href":"https:\/\/sutumgurme.de\/en\/wp-json\/wp\/v2\/product_tag?post=7358"}],"curies":[{"name":"wp","href":"https:\/\/api.w.org\/{rel}","templated":true}]}}