{"id":7390,"date":"2023-05-05T15:02:10","date_gmt":"2023-05-05T15:02:10","guid":{"rendered":"https:\/\/tutusmedia.de\/sutum\/?post_type=product&#038;p=7390"},"modified":"2023-08-22T00:36:40","modified_gmt":"2023-08-22T00:36:40","slug":"koyun-peyniri-vakumlu-paket-150g","status":"publish","type":"product","link":"https:\/\/sutumgurme.de\/en\/urunler\/koyun-peyniri-vakumlu-paket-150g\/","title":{"rendered":"Sheep Cheese - Vacuum Packed 150g"},"content":{"rendered":"","protected":false},"excerpt":{"rendered":"<p>S\u00fct\u00fcm Gurme Sheep Cheese is traditionally made from the highest-quality milk. This cheese is essential for breakfast because of its distinctive, rich flavor and texture, which leave a wonderful aftertaste. Your breakfasts will become more delicious with S\u00fct\u00fcm Gurme's Sheep Cheese!<\/p>\n<p>With this vacuum-packed S\u00fct\u00fcm Gurme Cheep cheese, your meals will be even more delicious, especially if it is used in b\u00f6rek and salads. Don't forget to try S\u00fct\u00fcm Gurme's Sheep Cheese.<\/p>","protected":false},"featured_media":9426,"template":"","meta":[],"product_brand":[],"product_cat":[48],"product_tag":[],"class_list":{"0":"post-7390","1":"product","2":"type-product","3":"status-publish","4":"has-post-thumbnail","6":"product_cat-geleneksel-peynirler","8":"first","9":"instock","10":"shipping-taxable","11":"product-type-simple"},"_links":{"self":[{"href":"https:\/\/sutumgurme.de\/en\/wp-json\/wp\/v2\/product\/7390","targetHints":{"allow":["GET"]}}],"collection":[{"href":"https:\/\/sutumgurme.de\/en\/wp-json\/wp\/v2\/product"}],"about":[{"href":"https:\/\/sutumgurme.de\/en\/wp-json\/wp\/v2\/types\/product"}],"version-history":[{"count":7,"href":"https:\/\/sutumgurme.de\/en\/wp-json\/wp\/v2\/product\/7390\/revisions"}],"predecessor-version":[{"id":9436,"href":"https:\/\/sutumgurme.de\/en\/wp-json\/wp\/v2\/product\/7390\/revisions\/9436"}],"wp:featuredmedia":[{"embeddable":true,"href":"https:\/\/sutumgurme.de\/en\/wp-json\/wp\/v2\/media\/9426"}],"wp:attachment":[{"href":"https:\/\/sutumgurme.de\/en\/wp-json\/wp\/v2\/media?parent=7390"}],"wp:term":[{"taxonomy":"product_brand","embeddable":true,"href":"https:\/\/sutumgurme.de\/en\/wp-json\/wp\/v2\/product_brand?post=7390"},{"taxonomy":"product_cat","embeddable":true,"href":"https:\/\/sutumgurme.de\/en\/wp-json\/wp\/v2\/product_cat?post=7390"},{"taxonomy":"product_tag","embeddable":true,"href":"https:\/\/sutumgurme.de\/en\/wp-json\/wp\/v2\/product_tag?post=7390"}],"curies":[{"name":"wp","href":"https:\/\/api.w.org\/{rel}","templated":true}]}}