{"id":7405,"date":"2023-05-05T15:12:52","date_gmt":"2023-05-05T15:12:52","guid":{"rendered":"https:\/\/tutusmedia.de\/sutum\/?post_type=product&#038;p=7405"},"modified":"2023-08-01T14:24:16","modified_gmt":"2023-08-01T14:24:16","slug":"cecil-peyniri-vakumlu-paket-225g","status":"publish","type":"product","link":"https:\/\/sutumgurme.de\/en\/urunler\/cecil-peyniri-vakumlu-paket-225g\/","title":{"rendered":"Cecil Cheese - Vacuum Packed 225g"},"content":{"rendered":"","protected":false},"excerpt":{"rendered":"<p>S\u00fct\u00fcm Gurme \u00e7e\u00e7il peyniri, kahvalt\u0131dan ak\u015fam yeme\u011fine kadar her \u00f6\u011f\u00fcnde kullanabilece\u011finiz e\u015fsiz bir lezzet. Bu peynir, tam ya\u011fl\u0131 s\u00fctten elde ediliyor ve eriyebilen bir yap\u0131ya sahip. Bu harika lezzet, sadece kahvalt\u0131l\u0131k olarak tadaca\u011f\u0131n\u0131z bir \u00fcr\u00fcn de de\u011fil. \u00c7e\u00e7il peynirini; b\u00f6rek, po\u011fa\u00e7a, pizza, omlet, muffin, kek, tava b\u00f6re\u011fi ve f\u0131r\u0131nda makarna gibi hamur i\u015flerine de ekleyerek farkl\u0131 bir tat katabilirsiniz. 225 graml\u0131k vakumlu paketlerde sundu\u011fumuz S\u00fct\u00fcm Gurme \u00e7e\u00e7il peyniri ile lezzetli ve pratik yemekler haz\u0131rlay\u0131n.<\/p>","protected":false},"featured_media":7406,"template":"","meta":[],"product_brand":[],"product_cat":[42],"product_tag":[],"class_list":{"0":"post-7405","1":"product","2":"type-product","3":"status-publish","4":"has-post-thumbnail","6":"product_cat-ozel-peynirler","8":"first","9":"instock","10":"shipping-taxable","11":"product-type-simple"},"_links":{"self":[{"href":"https:\/\/sutumgurme.de\/en\/wp-json\/wp\/v2\/product\/7405","targetHints":{"allow":["GET"]}}],"collection":[{"href":"https:\/\/sutumgurme.de\/en\/wp-json\/wp\/v2\/product"}],"about":[{"href":"https:\/\/sutumgurme.de\/en\/wp-json\/wp\/v2\/types\/product"}],"version-history":[{"count":7,"href":"https:\/\/sutumgurme.de\/en\/wp-json\/wp\/v2\/product\/7405\/revisions"}],"predecessor-version":[{"id":9308,"href":"https:\/\/sutumgurme.de\/en\/wp-json\/wp\/v2\/product\/7405\/revisions\/9308"}],"wp:featuredmedia":[{"embeddable":true,"href":"https:\/\/sutumgurme.de\/en\/wp-json\/wp\/v2\/media\/7406"}],"wp:attachment":[{"href":"https:\/\/sutumgurme.de\/en\/wp-json\/wp\/v2\/media?parent=7405"}],"wp:term":[{"taxonomy":"product_brand","embeddable":true,"href":"https:\/\/sutumgurme.de\/en\/wp-json\/wp\/v2\/product_brand?post=7405"},{"taxonomy":"product_cat","embeddable":true,"href":"https:\/\/sutumgurme.de\/en\/wp-json\/wp\/v2\/product_cat?post=7405"},{"taxonomy":"product_tag","embeddable":true,"href":"https:\/\/sutumgurme.de\/en\/wp-json\/wp\/v2\/product_tag?post=7405"}],"curies":[{"name":"wp","href":"https:\/\/api.w.org\/{rel}","templated":true}]}}