{"id":7421,"date":"2023-05-05T15:25:08","date_gmt":"2023-05-05T15:25:08","guid":{"rendered":"https:\/\/tutusmedia.de\/sutum\/?post_type=product&#038;p=7421"},"modified":"2023-08-01T15:31:27","modified_gmt":"2023-08-01T15:31:27","slug":"koyun-yogurdu-kova-kutu-500g","status":"publish","type":"product","link":"https:\/\/sutumgurme.de\/en\/urunler\/koyun-yogurdu-kova-kutu-500g\/","title":{"rendered":"Goat Yoghurt - Bucket Box 500g"},"content":{"rendered":"","protected":false},"excerpt":{"rendered":"<p>S\u00fct\u00fcm Gurme Goat Yoghurt is made from the highest quality fresh milk. This yoghurt has a unique taste that leaves a lasting impression in your mouth and is an indispensable part of your meal. S\u00fct\u00fcm Gurme Goat Yogurt in 500-gram buckets will make your meal even more delicious. S\u00fct\u00fcm Gurme Goat Yoghurt makes your meal even tastier. Don't hesitate and give it\u00a0a try!<\/p>","protected":false},"featured_media":7422,"template":"","meta":[],"product_brand":[],"product_cat":[43],"product_tag":[],"class_list":{"0":"post-7421","1":"product","2":"type-product","3":"status-publish","4":"has-post-thumbnail","6":"product_cat-yogurt","8":"first","9":"instock","10":"shipping-taxable","11":"product-type-simple"},"_links":{"self":[{"href":"https:\/\/sutumgurme.de\/en\/wp-json\/wp\/v2\/product\/7421","targetHints":{"allow":["GET"]}}],"collection":[{"href":"https:\/\/sutumgurme.de\/en\/wp-json\/wp\/v2\/product"}],"about":[{"href":"https:\/\/sutumgurme.de\/en\/wp-json\/wp\/v2\/types\/product"}],"version-history":[{"count":7,"href":"https:\/\/sutumgurme.de\/en\/wp-json\/wp\/v2\/product\/7421\/revisions"}],"predecessor-version":[{"id":9316,"href":"https:\/\/sutumgurme.de\/en\/wp-json\/wp\/v2\/product\/7421\/revisions\/9316"}],"wp:featuredmedia":[{"embeddable":true,"href":"https:\/\/sutumgurme.de\/en\/wp-json\/wp\/v2\/media\/7422"}],"wp:attachment":[{"href":"https:\/\/sutumgurme.de\/en\/wp-json\/wp\/v2\/media?parent=7421"}],"wp:term":[{"taxonomy":"product_brand","embeddable":true,"href":"https:\/\/sutumgurme.de\/en\/wp-json\/wp\/v2\/product_brand?post=7421"},{"taxonomy":"product_cat","embeddable":true,"href":"https:\/\/sutumgurme.de\/en\/wp-json\/wp\/v2\/product_cat?post=7421"},{"taxonomy":"product_tag","embeddable":true,"href":"https:\/\/sutumgurme.de\/en\/wp-json\/wp\/v2\/product_tag?post=7421"}],"curies":[{"name":"wp","href":"https:\/\/api.w.org\/{rel}","templated":true}]}}