{"id":9196,"date":"2023-07-24T15:38:34","date_gmt":"2023-07-24T15:38:34","guid":{"rendered":"https:\/\/sutumgurme.de\/?post_type=product&#038;p=9196"},"modified":"2023-08-02T11:43:05","modified_gmt":"2023-08-02T11:43:05","slug":"kasar-peyniri-dilim-150g","status":"publish","type":"product","link":"https:\/\/sutumgurme.de\/en\/urunler\/kasar-peyniri-dilim-150g\/","title":{"rendered":"Kashkaval Sliced Cheese - 150g"},"content":{"rendered":"<p>Fresh Kashkaval is a type of cheese that most of us prefer for both breakfast and snacks. Thanks to its light melting structure, this taste is not just for sandwiches but can be added to a variety of dishes to make it even more delicious. If you want to enjoy the deliciousness of fresh Kashkaval in Your meals, consider sliced fresh Kashkaval. Don't hesitate and try S\u00fct\u00fcm Gurme's quality.<\/p>","protected":false},"excerpt":{"rendered":"<p>Taze ka\u015far, \u00e7o\u011fumuzun hem kahvalt\u0131lar\u0131m\u0131zda hem de ara \u00f6\u011f\u00fcnlerimizde s\u0131kl\u0131kla tercih etti\u011fi bir peynir \u00e7e\u015fidi. Bu lezzet, kolay eriyen yap\u0131s\u0131 sayesinde son zamanlarda sadece sandvi\u00e7 aras\u0131nda t\u00fcketilmiyor, bir\u00e7ok yeme\u011fe daha lezzetli olmas\u0131 i\u00e7in ekleniyor. Taze ka\u015far\u0131n o enfes lezzetini yemeklerinizde de tatmak istiyorsan\u0131z, tercihinizi dilimlenmi\u015f hakiki ka\u015fardan yana kullanmal\u0131s\u0131n\u0131z. Hakiki ka\u015far\u0131n adresi ise elbette S\u00fct\u00fcm [&hellip;]<\/p>\n","protected":false},"featured_media":9323,"template":"","meta":[],"product_brand":[],"product_cat":[50],"product_tag":[],"class_list":{"0":"post-9196","1":"product","2":"type-product","3":"status-publish","4":"has-post-thumbnail","6":"product_cat-dilim-peyniri","8":"first","9":"instock","10":"shipping-taxable","11":"product-type-simple"},"_links":{"self":[{"href":"https:\/\/sutumgurme.de\/en\/wp-json\/wp\/v2\/product\/9196","targetHints":{"allow":["GET"]}}],"collection":[{"href":"https:\/\/sutumgurme.de\/en\/wp-json\/wp\/v2\/product"}],"about":[{"href":"https:\/\/sutumgurme.de\/en\/wp-json\/wp\/v2\/types\/product"}],"version-history":[{"count":3,"href":"https:\/\/sutumgurme.de\/en\/wp-json\/wp\/v2\/product\/9196\/revisions"}],"predecessor-version":[{"id":9310,"href":"https:\/\/sutumgurme.de\/en\/wp-json\/wp\/v2\/product\/9196\/revisions\/9310"}],"wp:featuredmedia":[{"embeddable":true,"href":"https:\/\/sutumgurme.de\/en\/wp-json\/wp\/v2\/media\/9323"}],"wp:attachment":[{"href":"https:\/\/sutumgurme.de\/en\/wp-json\/wp\/v2\/media?parent=9196"}],"wp:term":[{"taxonomy":"product_brand","embeddable":true,"href":"https:\/\/sutumgurme.de\/en\/wp-json\/wp\/v2\/product_brand?post=9196"},{"taxonomy":"product_cat","embeddable":true,"href":"https:\/\/sutumgurme.de\/en\/wp-json\/wp\/v2\/product_cat?post=9196"},{"taxonomy":"product_tag","embeddable":true,"href":"https:\/\/sutumgurme.de\/en\/wp-json\/wp\/v2\/product_tag?post=9196"}],"curies":[{"name":"wp","href":"https:\/\/api.w.org\/{rel}","templated":true}]}}